{"id":101,"date":"2019-08-31T18:33:45","date_gmt":"2019-08-31T16:33:45","guid":{"rendered":"http:\/\/cms.csc-grande-bastide.com\/?page_id=101"},"modified":"2022-09-20T09:42:51","modified_gmt":"2022-09-20T07:42:51","slug":"theatre-7-a-11-ans","status":"publish","type":"page","link":"https:\/\/csc-grande-bastide.com\/index.php\/theatre-7-a-11-ans\/","title":{"rendered":"Th\u00e9\u00e2tre 7 \u00e0 11 ans"},"content":{"rendered":"\n<div class=\"wp-block-media-text alignwide has-media-on-the-right is-stacked-on-mobile\" style=\"grid-template-columns:auto 47%\"><figure class=\"wp-block-media-text__media\"><img fetchpriority=\"high\" decoding=\"async\" width=\"1024\" height=\"745\" src=\"https:\/\/csc-grande-bastide.com\/wp-content\/uploads\/2021\/06\/theatre-1024x745.jpg\" alt=\"\" class=\"wp-image-2990 size-full\" srcset=\"https:\/\/csc-grande-bastide.com\/wp-content\/uploads\/2021\/06\/theatre-1024x745.jpg 1024w, https:\/\/csc-grande-bastide.com\/wp-content\/uploads\/2021\/06\/theatre-300x218.jpg 300w, https:\/\/csc-grande-bastide.com\/wp-content\/uploads\/2021\/06\/theatre-768x559.jpg 768w, https:\/\/csc-grande-bastide.com\/wp-content\/uploads\/2021\/06\/theatre-600x437.jpg 600w, https:\/\/csc-grande-bastide.com\/wp-content\/uploads\/2021\/06\/theatre.jpg 1435w\" sizes=\"(max-width: 1024px) 100vw, 1024px\" \/><\/figure><div class=\"wp-block-media-text__content\">\n<p class=\"has-text-align-justify\" style=\"font-size:18px\"><mark style=\"background-color:rgba(0, 0, 0, 0)\" class=\"has-inline-color has-black-color\">Patricia TELLEZ, anime cet atelier qui s&rsquo;adresse aux enfants de 7 \u00e0 11 ans aussi bien d\u00e9butants  qu&rsquo;exp\u00e9riment\u00e9s pour s&rsquo;initier ou continuer un parcours th\u00e9\u00e2tral en  participant \u00e0 une exp\u00e9rience collective forte.<\/mark><br><br><mark style=\"background-color:rgba(0, 0, 0, 0)\" class=\"has-inline-color has-black-color\">Le but n&rsquo;est pas de former les com\u00e9diens de demain (bien que&#8230;) mais  de partager un moment de plaisir, de d\u00e9tente et de rigolade !!<\/mark><br><br>> <mark style=\"background-color:rgba(0, 0, 0, 0)\" class=\"has-inline-color has-black-color\">Sans oublier bien sur le <\/mark><mark style=\"background-color:rgba(0, 0, 0, 0)\" class=\"has-inline-color has-vivid-red-color\">spectacle de fin d&rsquo;ann\u00e9e<\/mark><mark style=\"background-color:rgba(0, 0, 0, 0)\" class=\"has-inline-color has-black-color\">.<\/mark><\/p>\n<\/div><\/div>\n\n\n\n<div style=\"height:72px\" aria-hidden=\"true\" class=\"wp-block-spacer\"><\/div>\n\n\n\n<h2 class=\"has-text-align-center wp-block-heading\"><mark style=\"background-color:rgba(0, 0, 0, 0)\" class=\"has-inline-color has-vivid-red-color\">Cours<\/mark><\/h2>\n\n\n\n<p class=\"has-text-align-center has-vivid-red-color has-text-color\">D\u00e9but des cours lundi 12 septembre 2022 !<\/p>\n\n\n\n<p class=\"has-text-align-center\" style=\"font-size:22px\"><strong><span class=\"has-inline-color has-black-color\">Les lundis de 17h30 \u00e0 19h00<\/span><\/strong><\/p>\n\n\n\n<h2 class=\"has-text-align-center wp-block-heading\"><mark style=\"background-color:rgba(0, 0, 0, 0)\" class=\"has-inline-color has-vivid-red-color\">Tarif \/ base mensuelle <\/mark><\/h2>\n\n\n\n<p class=\"has-text-align-center\" style=\"font-size:18px\"><mark style=\"background-color:rgba(0, 0, 0, 0)\" class=\"has-inline-color has-black-color\"><strong>plein<\/strong> : 26 \u20ac <br><\/mark><mark style=\"background-color:rgba(0, 0, 0, 0)\" class=\"has-inline-color has-vivid-red-color\"><strong>-10 %<\/strong> <\/mark><mark style=\"background-color:rgba(0, 0, 0, 0)\" class=\"has-inline-color has-black-color\">: 23,40 \u20ac <\/mark><br><mark style=\"background-color:rgba(0, 0, 0, 0)\" class=\"has-inline-color has-black-color\"><em>Non-imposables, ch\u00f4meurs, \u00e0 partir de deux activit\u00e9s<\/em><br><\/mark><strong><mark style=\"background-color:rgba(0, 0, 0, 0)\" class=\"has-inline-color has-vivid-red-color\">-20 %<\/mark><\/strong><mark style=\"background-color:rgba(0, 0, 0, 0)\" class=\"has-inline-color has-black-color\"> : 20,80 \u20ac<\/mark><br><em><mark style=\"background-color:rgba(0, 0, 0, 0)\" class=\"has-inline-color has-black-color\">Quotient familial jusqu&rsquo;\u00e0 670, ch\u00f4meurs en fin de droit, \u00e9tudiants boursiers, b\u00e9n\u00e9ficiaires de l&rsquo;API<\/mark><\/em><\/p>\n\n\n\n<p class=\"has-text-align-center\" style=\"font-size:22px\"><strong><em><span class=\"has-inline-color has-vivid-red-color\">Engagement \u00e0 l&rsquo;ann\u00e9e de septembre \u00e0 juin.<\/span><\/em><\/strong><\/p>\n\n\n\n<p class=\"has-text-align-center\"><a href=\"https:\/\/csc-grande-bastide.com\/index.php\/renseignements-pratiques\/\">Renseignements pratiques pour l&rsquo;inscription<\/a><\/p>\n","protected":false},"excerpt":{"rendered":"<p>Patricia TELLEZ, anime cet atelier qui s&rsquo;adresse aux enfants de 7 \u00e0 11 ans aussi bien d\u00e9butants qu&rsquo;exp\u00e9riment\u00e9s pour s&rsquo;initier ou continuer un parcours th\u00e9\u00e2tral en participant \u00e0 une exp\u00e9rience collective forte. Le but n&rsquo;est pas de former les com\u00e9diens de demain (bien que&#8230;) mais de partager un moment de plaisir, de d\u00e9tente et de [&hellip;]<\/p>\n","protected":false},"author":1,"featured_media":0,"parent":0,"menu_order":0,"comment_status":"closed","ping_status":"closed","template":"","meta":{"footnotes":""},"class_list":["post-101","page","type-page","status-publish","hentry"],"yoast_head":"<!-- This site is optimized with the Yoast SEO plugin v27.4 - https:\/\/yoast.com\/product\/yoast-seo-wordpress\/ -->\n<title>Th\u00e9\u00e2tre 7 \u00e0 11 ans - &quot;La Grande Bastide&quot;<\/title>\n<meta name=\"robots\" content=\"index, follow, max-snippet:-1, max-image-preview:large, max-video-preview:-1\" \/>\n<link rel=\"canonical\" href=\"https:\/\/csc-grande-bastide.com\/index.php\/theatre-7-a-11-ans\/\" \/>\n<meta property=\"og:locale\" content=\"fr_FR\" \/>\n<meta property=\"og:type\" content=\"article\" \/>\n<meta property=\"og:title\" content=\"Th\u00e9\u00e2tre 7 \u00e0 11 ans - &quot;La Grande Bastide&quot;\" \/>\n<meta property=\"og:description\" content=\"Patricia TELLEZ, anime cet atelier qui s&rsquo;adresse aux enfants de 7 \u00e0 11 ans aussi bien d\u00e9butants qu&rsquo;exp\u00e9riment\u00e9s pour s&rsquo;initier ou continuer un parcours th\u00e9\u00e2tral en participant \u00e0 une exp\u00e9rience collective forte. Le but n&rsquo;est pas de former les com\u00e9diens de demain (bien que&#8230;) mais de partager un moment de plaisir, de d\u00e9tente et de [&hellip;]\" \/>\n<meta property=\"og:url\" content=\"https:\/\/csc-grande-bastide.com\/index.php\/theatre-7-a-11-ans\/\" \/>\n<meta property=\"og:site_name\" content=\"&quot;La Grande Bastide&quot;\" \/>\n<meta property=\"article:modified_time\" content=\"2022-09-20T07:42:51+00:00\" \/>\n<meta property=\"og:image\" content=\"https:\/\/csc-grande-bastide.com\/wp-content\/uploads\/2021\/06\/theatre-1024x745.jpg\" \/>\n<meta name=\"twitter:card\" content=\"summary_large_image\" \/>\n<meta name=\"twitter:label1\" content=\"Dur\u00e9e de lecture estim\u00e9e\" \/>\n\t<meta name=\"twitter:data1\" content=\"1 minute\" \/>\n<script type=\"application\/ld+json\" class=\"yoast-schema-graph\">{\"@context\":\"https:\\\/\\\/schema.org\",\"@graph\":[{\"@type\":\"WebPage\",\"@id\":\"https:\\\/\\\/csc-grande-bastide.com\\\/index.php\\\/theatre-7-a-11-ans\\\/\",\"url\":\"https:\\\/\\\/csc-grande-bastide.com\\\/index.php\\\/theatre-7-a-11-ans\\\/\",\"name\":\"Th\u00e9\u00e2tre 7 \u00e0 11 ans - &quot;La Grande Bastide&quot;\",\"isPartOf\":{\"@id\":\"https:\\\/\\\/csc-grande-bastide.com\\\/#website\"},\"primaryImageOfPage\":{\"@id\":\"https:\\\/\\\/csc-grande-bastide.com\\\/index.php\\\/theatre-7-a-11-ans\\\/#primaryimage\"},\"image\":{\"@id\":\"https:\\\/\\\/csc-grande-bastide.com\\\/index.php\\\/theatre-7-a-11-ans\\\/#primaryimage\"},\"thumbnailUrl\":\"https:\\\/\\\/csc-grande-bastide.com\\\/wp-content\\\/uploads\\\/2021\\\/06\\\/theatre-1024x745.jpg\",\"datePublished\":\"2019-08-31T16:33:45+00:00\",\"dateModified\":\"2022-09-20T07:42:51+00:00\",\"breadcrumb\":{\"@id\":\"https:\\\/\\\/csc-grande-bastide.com\\\/index.php\\\/theatre-7-a-11-ans\\\/#breadcrumb\"},\"inLanguage\":\"fr-FR\",\"potentialAction\":[{\"@type\":\"ReadAction\",\"target\":[\"https:\\\/\\\/csc-grande-bastide.com\\\/index.php\\\/theatre-7-a-11-ans\\\/\"]}]},{\"@type\":\"ImageObject\",\"inLanguage\":\"fr-FR\",\"@id\":\"https:\\\/\\\/csc-grande-bastide.com\\\/index.php\\\/theatre-7-a-11-ans\\\/#primaryimage\",\"url\":\"https:\\\/\\\/csc-grande-bastide.com\\\/wp-content\\\/uploads\\\/2021\\\/06\\\/theatre.jpg\",\"contentUrl\":\"https:\\\/\\\/csc-grande-bastide.com\\\/wp-content\\\/uploads\\\/2021\\\/06\\\/theatre.jpg\",\"width\":1435,\"height\":1044},{\"@type\":\"BreadcrumbList\",\"@id\":\"https:\\\/\\\/csc-grande-bastide.com\\\/index.php\\\/theatre-7-a-11-ans\\\/#breadcrumb\",\"itemListElement\":[{\"@type\":\"ListItem\",\"position\":1,\"name\":\"Accueil\",\"item\":\"https:\\\/\\\/csc-grande-bastide.com\\\/\"},{\"@type\":\"ListItem\",\"position\":2,\"name\":\"Th\u00e9\u00e2tre 7 \u00e0 11 ans\"}]},{\"@type\":\"WebSite\",\"@id\":\"https:\\\/\\\/csc-grande-bastide.com\\\/#website\",\"url\":\"https:\\\/\\\/csc-grande-bastide.com\\\/\",\"name\":\"&quot;La Grande Bastide&quot;\",\"description\":\"Centre Social et Culturel \u00e0 Aix-en-Provence\",\"publisher\":{\"@id\":\"https:\\\/\\\/csc-grande-bastide.com\\\/#organization\"},\"potentialAction\":[{\"@type\":\"SearchAction\",\"target\":{\"@type\":\"EntryPoint\",\"urlTemplate\":\"https:\\\/\\\/csc-grande-bastide.com\\\/?s={search_term_string}\"},\"query-input\":{\"@type\":\"PropertyValueSpecification\",\"valueRequired\":true,\"valueName\":\"search_term_string\"}}],\"inLanguage\":\"fr-FR\"},{\"@type\":\"Organization\",\"@id\":\"https:\\\/\\\/csc-grande-bastide.com\\\/#organization\",\"name\":\"&quot;La Grande Bastide&quot;\",\"url\":\"https:\\\/\\\/csc-grande-bastide.com\\\/\",\"logo\":{\"@type\":\"ImageObject\",\"inLanguage\":\"fr-FR\",\"@id\":\"https:\\\/\\\/csc-grande-bastide.com\\\/#\\\/schema\\\/logo\\\/image\\\/\",\"url\":\"https:\\\/\\\/csc-grande-bastide.com\\\/wp-content\\\/uploads\\\/2023\\\/07\\\/cropped-Colorful-Books-Faux-OrganicAbstract-Media-Lifestyle-11-Static-Feed-Ad-1.png\",\"contentUrl\":\"https:\\\/\\\/csc-grande-bastide.com\\\/wp-content\\\/uploads\\\/2023\\\/07\\\/cropped-Colorful-Books-Faux-OrganicAbstract-Media-Lifestyle-11-Static-Feed-Ad-1.png\",\"width\":1079,\"height\":1079,\"caption\":\"&quot;La Grande Bastide&quot;\"},\"image\":{\"@id\":\"https:\\\/\\\/csc-grande-bastide.com\\\/#\\\/schema\\\/logo\\\/image\\\/\"}}]}<\/script>\n<!-- \/ Yoast SEO plugin. -->","yoast_head_json":{"title":"Th\u00e9\u00e2tre 7 \u00e0 11 ans - &quot;La Grande Bastide&quot;","robots":{"index":"index","follow":"follow","max-snippet":"max-snippet:-1","max-image-preview":"max-image-preview:large","max-video-preview":"max-video-preview:-1"},"canonical":"https:\/\/csc-grande-bastide.com\/index.php\/theatre-7-a-11-ans\/","og_locale":"fr_FR","og_type":"article","og_title":"Th\u00e9\u00e2tre 7 \u00e0 11 ans - &quot;La Grande Bastide&quot;","og_description":"Patricia TELLEZ, anime cet atelier qui s&rsquo;adresse aux enfants de 7 \u00e0 11 ans aussi bien d\u00e9butants qu&rsquo;exp\u00e9riment\u00e9s pour s&rsquo;initier ou continuer un parcours th\u00e9\u00e2tral en participant \u00e0 une exp\u00e9rience collective forte. Le but n&rsquo;est pas de former les com\u00e9diens de demain (bien que&#8230;) mais de partager un moment de plaisir, de d\u00e9tente et de [&hellip;]","og_url":"https:\/\/csc-grande-bastide.com\/index.php\/theatre-7-a-11-ans\/","og_site_name":"&quot;La Grande Bastide&quot;","article_modified_time":"2022-09-20T07:42:51+00:00","og_image":[{"url":"https:\/\/csc-grande-bastide.com\/wp-content\/uploads\/2021\/06\/theatre-1024x745.jpg","type":"","width":"","height":""}],"twitter_card":"summary_large_image","twitter_misc":{"Dur\u00e9e de lecture estim\u00e9e":"1 minute"},"schema":{"@context":"https:\/\/schema.org","@graph":[{"@type":"WebPage","@id":"https:\/\/csc-grande-bastide.com\/index.php\/theatre-7-a-11-ans\/","url":"https:\/\/csc-grande-bastide.com\/index.php\/theatre-7-a-11-ans\/","name":"Th\u00e9\u00e2tre 7 \u00e0 11 ans - &quot;La Grande Bastide&quot;","isPartOf":{"@id":"https:\/\/csc-grande-bastide.com\/#website"},"primaryImageOfPage":{"@id":"https:\/\/csc-grande-bastide.com\/index.php\/theatre-7-a-11-ans\/#primaryimage"},"image":{"@id":"https:\/\/csc-grande-bastide.com\/index.php\/theatre-7-a-11-ans\/#primaryimage"},"thumbnailUrl":"https:\/\/csc-grande-bastide.com\/wp-content\/uploads\/2021\/06\/theatre-1024x745.jpg","datePublished":"2019-08-31T16:33:45+00:00","dateModified":"2022-09-20T07:42:51+00:00","breadcrumb":{"@id":"https:\/\/csc-grande-bastide.com\/index.php\/theatre-7-a-11-ans\/#breadcrumb"},"inLanguage":"fr-FR","potentialAction":[{"@type":"ReadAction","target":["https:\/\/csc-grande-bastide.com\/index.php\/theatre-7-a-11-ans\/"]}]},{"@type":"ImageObject","inLanguage":"fr-FR","@id":"https:\/\/csc-grande-bastide.com\/index.php\/theatre-7-a-11-ans\/#primaryimage","url":"https:\/\/csc-grande-bastide.com\/wp-content\/uploads\/2021\/06\/theatre.jpg","contentUrl":"https:\/\/csc-grande-bastide.com\/wp-content\/uploads\/2021\/06\/theatre.jpg","width":1435,"height":1044},{"@type":"BreadcrumbList","@id":"https:\/\/csc-grande-bastide.com\/index.php\/theatre-7-a-11-ans\/#breadcrumb","itemListElement":[{"@type":"ListItem","position":1,"name":"Accueil","item":"https:\/\/csc-grande-bastide.com\/"},{"@type":"ListItem","position":2,"name":"Th\u00e9\u00e2tre 7 \u00e0 11 ans"}]},{"@type":"WebSite","@id":"https:\/\/csc-grande-bastide.com\/#website","url":"https:\/\/csc-grande-bastide.com\/","name":"&quot;La Grande Bastide&quot;","description":"Centre Social et Culturel \u00e0 Aix-en-Provence","publisher":{"@id":"https:\/\/csc-grande-bastide.com\/#organization"},"potentialAction":[{"@type":"SearchAction","target":{"@type":"EntryPoint","urlTemplate":"https:\/\/csc-grande-bastide.com\/?s={search_term_string}"},"query-input":{"@type":"PropertyValueSpecification","valueRequired":true,"valueName":"search_term_string"}}],"inLanguage":"fr-FR"},{"@type":"Organization","@id":"https:\/\/csc-grande-bastide.com\/#organization","name":"&quot;La Grande Bastide&quot;","url":"https:\/\/csc-grande-bastide.com\/","logo":{"@type":"ImageObject","inLanguage":"fr-FR","@id":"https:\/\/csc-grande-bastide.com\/#\/schema\/logo\/image\/","url":"https:\/\/csc-grande-bastide.com\/wp-content\/uploads\/2023\/07\/cropped-Colorful-Books-Faux-OrganicAbstract-Media-Lifestyle-11-Static-Feed-Ad-1.png","contentUrl":"https:\/\/csc-grande-bastide.com\/wp-content\/uploads\/2023\/07\/cropped-Colorful-Books-Faux-OrganicAbstract-Media-Lifestyle-11-Static-Feed-Ad-1.png","width":1079,"height":1079,"caption":"&quot;La Grande Bastide&quot;"},"image":{"@id":"https:\/\/csc-grande-bastide.com\/#\/schema\/logo\/image\/"}}]}},"jetpack_sharing_enabled":true,"_links":{"self":[{"href":"https:\/\/csc-grande-bastide.com\/index.php\/wp-json\/wp\/v2\/pages\/101","targetHints":{"allow":["GET"]}}],"collection":[{"href":"https:\/\/csc-grande-bastide.com\/index.php\/wp-json\/wp\/v2\/pages"}],"about":[{"href":"https:\/\/csc-grande-bastide.com\/index.php\/wp-json\/wp\/v2\/types\/page"}],"author":[{"embeddable":true,"href":"https:\/\/csc-grande-bastide.com\/index.php\/wp-json\/wp\/v2\/users\/1"}],"replies":[{"embeddable":true,"href":"https:\/\/csc-grande-bastide.com\/index.php\/wp-json\/wp\/v2\/comments?post=101"}],"version-history":[{"count":18,"href":"https:\/\/csc-grande-bastide.com\/index.php\/wp-json\/wp\/v2\/pages\/101\/revisions"}],"predecessor-version":[{"id":8033,"href":"https:\/\/csc-grande-bastide.com\/index.php\/wp-json\/wp\/v2\/pages\/101\/revisions\/8033"}],"wp:attachment":[{"href":"https:\/\/csc-grande-bastide.com\/index.php\/wp-json\/wp\/v2\/media?parent=101"}],"curies":[{"name":"wp","href":"https:\/\/api.w.org\/{rel}","templated":true}]}}