{"id":105,"date":"2019-08-31T18:43:26","date_gmt":"2019-08-31T16:43:26","guid":{"rendered":"http:\/\/cms.csc-grande-bastide.com\/?page_id=105"},"modified":"2025-09-18T14:56:08","modified_gmt":"2025-09-18T12:56:08","slug":"les-associations","status":"publish","type":"page","link":"https:\/\/csc-grande-bastide.com\/index.php\/les-associations\/","title":{"rendered":"Les Associations"},"content":{"rendered":"\n<p style=\"font-size:18px\"><mark style=\"background-color:rgba(0, 0, 0, 0)\" class=\"has-inline-color has-black-color\">La Grande Bastide accueille dans ses locaux des associations qui d\u00e9veloppent leurs activit\u00e9s. Les tarifs de ces activit\u00e9s vous seront communiqu\u00e9s par les responsables associatifs.<\/mark><\/p>\n\n\n\n<h2 class=\"wp-block-heading has-vivid-red-color has-text-color\"><strong><em>Activit\u00e9s enfants<\/em><\/strong><\/h2>\n\n\n\n<figure class=\"wp-block-image size-large\"><a href=\"https:\/\/aixpolonica.net\/fr\/page-daccueil\/\" target=\"_blank\" rel=\"noreferrer noopener\"><img fetchpriority=\"high\" decoding=\"async\" width=\"1024\" height=\"640\" src=\"https:\/\/csc-grande-bastide.com\/wp-content\/uploads\/2023\/07\/POUR-SITE-INTERNET-4-1024x640.jpg\" alt=\"Ecole Polonaise Polonica\" class=\"wp-image-11725\" srcset=\"https:\/\/csc-grande-bastide.com\/wp-content\/uploads\/2023\/07\/POUR-SITE-INTERNET-4-1024x640.jpg 1024w, https:\/\/csc-grande-bastide.com\/wp-content\/uploads\/2023\/07\/POUR-SITE-INTERNET-4-300x188.jpg 300w, https:\/\/csc-grande-bastide.com\/wp-content\/uploads\/2023\/07\/POUR-SITE-INTERNET-4-768x480.jpg 768w, https:\/\/csc-grande-bastide.com\/wp-content\/uploads\/2023\/07\/POUR-SITE-INTERNET-4-600x375.jpg 600w, https:\/\/csc-grande-bastide.com\/wp-content\/uploads\/2023\/07\/POUR-SITE-INTERNET-4.jpg 1280w\" sizes=\"(max-width: 1024px) 100vw, 1024px\" \/><\/a><\/figure>\n\n\n\n<h2 class=\"wp-block-heading has-vivid-red-color has-text-color\"><strong><em>Activit\u00e9s pour tous<\/em><\/strong><\/h2>\n\n\n\n<figure class=\"wp-block-image size-large\"><a href=\"https:\/\/dance-skills-academy.com\/\" target=\"_blank\" rel=\"noreferrer noopener\"><img decoding=\"async\" width=\"1024\" height=\"640\" src=\"https:\/\/csc-grande-bastide.com\/wp-content\/uploads\/2023\/07\/POUR-SITE-INTERNET-3-1024x640.jpg\" alt=\"\" class=\"wp-image-11724\" srcset=\"https:\/\/csc-grande-bastide.com\/wp-content\/uploads\/2023\/07\/POUR-SITE-INTERNET-3-1024x640.jpg 1024w, https:\/\/csc-grande-bastide.com\/wp-content\/uploads\/2023\/07\/POUR-SITE-INTERNET-3-300x188.jpg 300w, https:\/\/csc-grande-bastide.com\/wp-content\/uploads\/2023\/07\/POUR-SITE-INTERNET-3-768x480.jpg 768w, https:\/\/csc-grande-bastide.com\/wp-content\/uploads\/2023\/07\/POUR-SITE-INTERNET-3-600x375.jpg 600w, https:\/\/csc-grande-bastide.com\/wp-content\/uploads\/2023\/07\/POUR-SITE-INTERNET-3.jpg 1280w\" sizes=\"(max-width: 1024px) 100vw, 1024px\" \/><\/a><\/figure>\n\n\n\n<h2 class=\"wp-block-heading has-vivid-red-color has-text-color\"><strong><em>Activit\u00e9s Adultes<\/em><\/strong><\/h2>\n\n\n\n<figure class=\"wp-block-image size-large\"><img decoding=\"async\" width=\"1024\" height=\"640\" src=\"https:\/\/csc-grande-bastide.com\/wp-content\/uploads\/2025\/09\/POUR-SITE-INTERNET-3-1-1024x640.png\" alt=\"\" class=\"wp-image-19333\" srcset=\"https:\/\/csc-grande-bastide.com\/wp-content\/uploads\/2025\/09\/POUR-SITE-INTERNET-3-1-1024x640.png 1024w, https:\/\/csc-grande-bastide.com\/wp-content\/uploads\/2025\/09\/POUR-SITE-INTERNET-3-1-300x188.png 300w, https:\/\/csc-grande-bastide.com\/wp-content\/uploads\/2025\/09\/POUR-SITE-INTERNET-3-1-768x480.png 768w, https:\/\/csc-grande-bastide.com\/wp-content\/uploads\/2025\/09\/POUR-SITE-INTERNET-3-1-600x375.png 600w, https:\/\/csc-grande-bastide.com\/wp-content\/uploads\/2025\/09\/POUR-SITE-INTERNET-3-1.png 1280w\" sizes=\"(max-width: 1024px) 100vw, 1024px\" \/><\/figure>\n\n\n\n<figure class=\"wp-block-image size-large\"><img loading=\"lazy\" decoding=\"async\" width=\"1024\" height=\"640\" src=\"https:\/\/csc-grande-bastide.com\/wp-content\/uploads\/2025\/09\/POUR-SITE-INTERNET-2-1-1024x640.png\" alt=\"\" class=\"wp-image-19331\" srcset=\"https:\/\/csc-grande-bastide.com\/wp-content\/uploads\/2025\/09\/POUR-SITE-INTERNET-2-1-1024x640.png 1024w, https:\/\/csc-grande-bastide.com\/wp-content\/uploads\/2025\/09\/POUR-SITE-INTERNET-2-1-300x188.png 300w, https:\/\/csc-grande-bastide.com\/wp-content\/uploads\/2025\/09\/POUR-SITE-INTERNET-2-1-768x480.png 768w, https:\/\/csc-grande-bastide.com\/wp-content\/uploads\/2025\/09\/POUR-SITE-INTERNET-2-1-600x375.png 600w, https:\/\/csc-grande-bastide.com\/wp-content\/uploads\/2025\/09\/POUR-SITE-INTERNET-2-1.png 1280w\" sizes=\"(max-width: 1024px) 100vw, 1024px\" \/><\/figure>\n\n\n\n<figure class=\"wp-block-image size-large\"><img loading=\"lazy\" decoding=\"async\" width=\"1024\" height=\"640\" src=\"https:\/\/csc-grande-bastide.com\/wp-content\/uploads\/2025\/09\/POUR-SITE-INTERNET-1024x640.png\" alt=\"\" class=\"wp-image-19299\" srcset=\"https:\/\/csc-grande-bastide.com\/wp-content\/uploads\/2025\/09\/POUR-SITE-INTERNET-1024x640.png 1024w, https:\/\/csc-grande-bastide.com\/wp-content\/uploads\/2025\/09\/POUR-SITE-INTERNET-300x188.png 300w, https:\/\/csc-grande-bastide.com\/wp-content\/uploads\/2025\/09\/POUR-SITE-INTERNET-768x480.png 768w, https:\/\/csc-grande-bastide.com\/wp-content\/uploads\/2025\/09\/POUR-SITE-INTERNET-600x375.png 600w, https:\/\/csc-grande-bastide.com\/wp-content\/uploads\/2025\/09\/POUR-SITE-INTERNET.png 1280w\" sizes=\"(max-width: 1024px) 100vw, 1024px\" \/><\/figure>\n\n\n\n<figure class=\"wp-block-image size-large\"><a href=\"https:\/\/aixcapoeira.fr\/\" target=\"_blank\" rel=\"noreferrer noopener\"><img loading=\"lazy\" decoding=\"async\" width=\"1024\" height=\"640\" src=\"https:\/\/csc-grande-bastide.com\/wp-content\/uploads\/2023\/07\/Beige-Neutral-Interior-Design-Landing-Page-Desktop-Prototype-1024x640.jpg\" alt=\"Activit\u00e9 Cours de Capoeira au Centre Social\" class=\"wp-image-11708\" srcset=\"https:\/\/csc-grande-bastide.com\/wp-content\/uploads\/2023\/07\/Beige-Neutral-Interior-Design-Landing-Page-Desktop-Prototype-1024x640.jpg 1024w, https:\/\/csc-grande-bastide.com\/wp-content\/uploads\/2023\/07\/Beige-Neutral-Interior-Design-Landing-Page-Desktop-Prototype-300x188.jpg 300w, https:\/\/csc-grande-bastide.com\/wp-content\/uploads\/2023\/07\/Beige-Neutral-Interior-Design-Landing-Page-Desktop-Prototype-768x480.jpg 768w, https:\/\/csc-grande-bastide.com\/wp-content\/uploads\/2023\/07\/Beige-Neutral-Interior-Design-Landing-Page-Desktop-Prototype-600x375.jpg 600w, https:\/\/csc-grande-bastide.com\/wp-content\/uploads\/2023\/07\/Beige-Neutral-Interior-Design-Landing-Page-Desktop-Prototype.jpg 1280w\" sizes=\"(max-width: 1024px) 100vw, 1024px\" \/><\/a><\/figure>\n\n\n\n<figure class=\"wp-block-image size-large\"><a href=\"https:\/\/sites.google.com\/site\/choraledutourbillonaix\/chorale-du-tourbillon\/qui-sommes-nous\" target=\"_blank\" rel=\"noreferrer noopener\"><img loading=\"lazy\" decoding=\"async\" width=\"1024\" height=\"640\" src=\"https:\/\/csc-grande-bastide.com\/wp-content\/uploads\/2023\/07\/POUR-SITE-INTERNET-1-1024x640.jpg\" alt=\"Activit\u00e9 Chorale avec l'association Chorale du Tourbillon\" class=\"wp-image-11722\" srcset=\"https:\/\/csc-grande-bastide.com\/wp-content\/uploads\/2023\/07\/POUR-SITE-INTERNET-1-1024x640.jpg 1024w, https:\/\/csc-grande-bastide.com\/wp-content\/uploads\/2023\/07\/POUR-SITE-INTERNET-1-300x188.jpg 300w, https:\/\/csc-grande-bastide.com\/wp-content\/uploads\/2023\/07\/POUR-SITE-INTERNET-1-768x480.jpg 768w, https:\/\/csc-grande-bastide.com\/wp-content\/uploads\/2023\/07\/POUR-SITE-INTERNET-1-600x375.jpg 600w, https:\/\/csc-grande-bastide.com\/wp-content\/uploads\/2023\/07\/POUR-SITE-INTERNET-1.jpg 1280w\" sizes=\"(max-width: 1024px) 100vw, 1024px\" \/><\/a><\/figure>\n\n\n\n<figure class=\"wp-block-image size-large\"><img loading=\"lazy\" decoding=\"async\" width=\"1024\" height=\"640\" src=\"https:\/\/csc-grande-bastide.com\/wp-content\/uploads\/2023\/07\/POUR-SITE-INTERNET-1-2-1024x640.jpg\" alt=\"Qi Gong mouvement de l'\u00e9nergie activit\u00e9\" class=\"wp-image-11734\" srcset=\"https:\/\/csc-grande-bastide.com\/wp-content\/uploads\/2023\/07\/POUR-SITE-INTERNET-1-2-1024x640.jpg 1024w, https:\/\/csc-grande-bastide.com\/wp-content\/uploads\/2023\/07\/POUR-SITE-INTERNET-1-2-300x188.jpg 300w, https:\/\/csc-grande-bastide.com\/wp-content\/uploads\/2023\/07\/POUR-SITE-INTERNET-1-2-768x480.jpg 768w, https:\/\/csc-grande-bastide.com\/wp-content\/uploads\/2023\/07\/POUR-SITE-INTERNET-1-2-600x375.jpg 600w, https:\/\/csc-grande-bastide.com\/wp-content\/uploads\/2023\/07\/POUR-SITE-INTERNET-1-2.jpg 1280w\" sizes=\"(max-width: 1024px) 100vw, 1024px\" \/><\/figure>\n\n\n\n<figure class=\"wp-block-image size-large\"><img loading=\"lazy\" decoding=\"async\" width=\"1024\" height=\"640\" src=\"https:\/\/csc-grande-bastide.com\/wp-content\/uploads\/2023\/07\/POUR-SITE-INTERNET-1024x640.jpg\" alt=\"\" class=\"wp-image-11729\" srcset=\"https:\/\/csc-grande-bastide.com\/wp-content\/uploads\/2023\/07\/POUR-SITE-INTERNET-1024x640.jpg 1024w, https:\/\/csc-grande-bastide.com\/wp-content\/uploads\/2023\/07\/POUR-SITE-INTERNET-300x188.jpg 300w, https:\/\/csc-grande-bastide.com\/wp-content\/uploads\/2023\/07\/POUR-SITE-INTERNET-768x480.jpg 768w, https:\/\/csc-grande-bastide.com\/wp-content\/uploads\/2023\/07\/POUR-SITE-INTERNET-600x375.jpg 600w, https:\/\/csc-grande-bastide.com\/wp-content\/uploads\/2023\/07\/POUR-SITE-INTERNET.jpg 1280w\" sizes=\"(max-width: 1024px) 100vw, 1024px\" \/><\/figure>\n\n\n\n<figure class=\"wp-block-image size-large\"><a href=\"https:\/\/taoldoubl.wixsite.com\/danse-bretonne-paca\" target=\"_blank\" rel=\"noreferrer noopener\"><img loading=\"lazy\" decoding=\"async\" width=\"1024\" height=\"640\" src=\"https:\/\/csc-grande-bastide.com\/wp-content\/uploads\/2023\/07\/POUR-SITE-INTERNET-5-1024x640.jpg\" alt=\"Danse bretonne avec l'association Taol Doubl\" class=\"wp-image-11743\" srcset=\"https:\/\/csc-grande-bastide.com\/wp-content\/uploads\/2023\/07\/POUR-SITE-INTERNET-5-1024x640.jpg 1024w, https:\/\/csc-grande-bastide.com\/wp-content\/uploads\/2023\/07\/POUR-SITE-INTERNET-5-300x188.jpg 300w, https:\/\/csc-grande-bastide.com\/wp-content\/uploads\/2023\/07\/POUR-SITE-INTERNET-5-768x480.jpg 768w, https:\/\/csc-grande-bastide.com\/wp-content\/uploads\/2023\/07\/POUR-SITE-INTERNET-5-600x375.jpg 600w, https:\/\/csc-grande-bastide.com\/wp-content\/uploads\/2023\/07\/POUR-SITE-INTERNET-5.jpg 1280w\" sizes=\"(max-width: 1024px) 100vw, 1024px\" \/><\/a><figcaption class=\"wp-element-caption\">Danse bretonne avec l&rsquo;association Taol Doubl<\/figcaption><\/figure>\n\n\n\n<figure class=\"wp-block-image size-large\"><img loading=\"lazy\" decoding=\"async\" width=\"1024\" height=\"640\" src=\"https:\/\/csc-grande-bastide.com\/wp-content\/uploads\/2024\/09\/POUR-SITE-INTERNET-1-1024x640.jpg\" alt=\"\" class=\"wp-image-14868\" srcset=\"https:\/\/csc-grande-bastide.com\/wp-content\/uploads\/2024\/09\/POUR-SITE-INTERNET-1-1024x640.jpg 1024w, https:\/\/csc-grande-bastide.com\/wp-content\/uploads\/2024\/09\/POUR-SITE-INTERNET-1-300x188.jpg 300w, https:\/\/csc-grande-bastide.com\/wp-content\/uploads\/2024\/09\/POUR-SITE-INTERNET-1-768x480.jpg 768w, https:\/\/csc-grande-bastide.com\/wp-content\/uploads\/2024\/09\/POUR-SITE-INTERNET-1-600x375.jpg 600w, https:\/\/csc-grande-bastide.com\/wp-content\/uploads\/2024\/09\/POUR-SITE-INTERNET-1.jpg 1280w\" sizes=\"(max-width: 1024px) 100vw, 1024px\" \/><\/figure>\n\n\n\n<h2 class=\"wp-block-heading has-vivid-red-color has-text-color\"><strong><em>Activit\u00e9s S\u00e9niors<\/em><\/strong><\/h2>\n\n\n\n<figure class=\"wp-block-image size-large\"><img loading=\"lazy\" decoding=\"async\" width=\"1024\" height=\"640\" src=\"https:\/\/csc-grande-bastide.com\/wp-content\/uploads\/2025\/09\/POUR-SITE-INTERNET-2-1024x640.png\" alt=\"\" class=\"wp-image-19303\" srcset=\"https:\/\/csc-grande-bastide.com\/wp-content\/uploads\/2025\/09\/POUR-SITE-INTERNET-2-1024x640.png 1024w, https:\/\/csc-grande-bastide.com\/wp-content\/uploads\/2025\/09\/POUR-SITE-INTERNET-2-300x188.png 300w, https:\/\/csc-grande-bastide.com\/wp-content\/uploads\/2025\/09\/POUR-SITE-INTERNET-2-768x480.png 768w, https:\/\/csc-grande-bastide.com\/wp-content\/uploads\/2025\/09\/POUR-SITE-INTERNET-2-600x375.png 600w, https:\/\/csc-grande-bastide.com\/wp-content\/uploads\/2025\/09\/POUR-SITE-INTERNET-2.png 1280w\" sizes=\"(max-width: 1024px) 100vw, 1024px\" \/><\/figure>\n\n\n\n<figure class=\"wp-block-image size-large\"><img loading=\"lazy\" decoding=\"async\" width=\"1024\" height=\"640\" src=\"https:\/\/csc-grande-bastide.com\/wp-content\/uploads\/2025\/09\/POUR-SITE-INTERNET-5-1024x640.png\" alt=\"\" class=\"wp-image-19540\" srcset=\"https:\/\/csc-grande-bastide.com\/wp-content\/uploads\/2025\/09\/POUR-SITE-INTERNET-5-1024x640.png 1024w, https:\/\/csc-grande-bastide.com\/wp-content\/uploads\/2025\/09\/POUR-SITE-INTERNET-5-300x188.png 300w, https:\/\/csc-grande-bastide.com\/wp-content\/uploads\/2025\/09\/POUR-SITE-INTERNET-5-768x480.png 768w, https:\/\/csc-grande-bastide.com\/wp-content\/uploads\/2025\/09\/POUR-SITE-INTERNET-5-600x375.png 600w, https:\/\/csc-grande-bastide.com\/wp-content\/uploads\/2025\/09\/POUR-SITE-INTERNET-5.png 1280w\" sizes=\"(max-width: 1024px) 100vw, 1024px\" \/><\/figure>\n\n\n\n<figure class=\"wp-block-image size-large\"><img loading=\"lazy\" decoding=\"async\" width=\"1024\" height=\"640\" src=\"https:\/\/csc-grande-bastide.com\/wp-content\/uploads\/2023\/07\/POUR-SITE-INTERNET-4-1-1024x640.jpg\" alt=\"\" class=\"wp-image-11740\" srcset=\"https:\/\/csc-grande-bastide.com\/wp-content\/uploads\/2023\/07\/POUR-SITE-INTERNET-4-1-1024x640.jpg 1024w, https:\/\/csc-grande-bastide.com\/wp-content\/uploads\/2023\/07\/POUR-SITE-INTERNET-4-1-300x188.jpg 300w, https:\/\/csc-grande-bastide.com\/wp-content\/uploads\/2023\/07\/POUR-SITE-INTERNET-4-1-768x480.jpg 768w, https:\/\/csc-grande-bastide.com\/wp-content\/uploads\/2023\/07\/POUR-SITE-INTERNET-4-1-600x375.jpg 600w, https:\/\/csc-grande-bastide.com\/wp-content\/uploads\/2023\/07\/POUR-SITE-INTERNET-4-1.jpg 1280w\" sizes=\"(max-width: 1024px) 100vw, 1024px\" \/><\/figure>\n","protected":false},"excerpt":{"rendered":"<p>La Grande Bastide accueille dans ses locaux des associations qui d\u00e9veloppent leurs activit\u00e9s. Les tarifs de ces activit\u00e9s vous seront communiqu\u00e9s par les responsables associatifs. Activit\u00e9s enfants Activit\u00e9s pour tous Activit\u00e9s Adultes Activit\u00e9s S\u00e9niors<\/p>\n","protected":false},"author":1,"featured_media":0,"parent":0,"menu_order":0,"comment_status":"closed","ping_status":"closed","template":"","meta":{"footnotes":""},"class_list":["post-105","page","type-page","status-publish","hentry"],"yoast_head":"<!-- This site is optimized with the Yoast SEO plugin v27.4 - https:\/\/yoast.com\/product\/yoast-seo-wordpress\/ -->\n<title>Les Associations - &quot;La Grande Bastide&quot;<\/title>\n<meta name=\"robots\" content=\"index, follow, max-snippet:-1, max-image-preview:large, max-video-preview:-1\" \/>\n<link rel=\"canonical\" href=\"https:\/\/csc-grande-bastide.com\/index.php\/les-associations\/\" \/>\n<meta property=\"og:locale\" content=\"fr_FR\" \/>\n<meta property=\"og:type\" content=\"article\" \/>\n<meta property=\"og:title\" content=\"Les Associations - &quot;La Grande Bastide&quot;\" \/>\n<meta property=\"og:description\" content=\"La Grande Bastide accueille dans ses locaux des associations qui d\u00e9veloppent leurs activit\u00e9s. Les tarifs de ces activit\u00e9s vous seront communiqu\u00e9s par les responsables associatifs. Activit\u00e9s enfants Activit\u00e9s pour tous Activit\u00e9s Adultes Activit\u00e9s S\u00e9niors\" \/>\n<meta property=\"og:url\" content=\"https:\/\/csc-grande-bastide.com\/index.php\/les-associations\/\" \/>\n<meta property=\"og:site_name\" content=\"&quot;La Grande Bastide&quot;\" \/>\n<meta property=\"article:modified_time\" content=\"2025-09-18T12:56:08+00:00\" \/>\n<meta property=\"og:image\" content=\"https:\/\/csc-grande-bastide.com\/wp-content\/uploads\/2023\/07\/POUR-SITE-INTERNET-4.jpg\" \/>\n\t<meta property=\"og:image:width\" content=\"1280\" \/>\n\t<meta property=\"og:image:height\" content=\"800\" \/>\n\t<meta property=\"og:image:type\" content=\"image\/jpeg\" \/>\n<meta name=\"twitter:card\" content=\"summary_large_image\" \/>\n<meta name=\"twitter:label1\" content=\"Dur\u00e9e de lecture estim\u00e9e\" \/>\n\t<meta name=\"twitter:data1\" content=\"4 minutes\" \/>\n<script type=\"application\/ld+json\" class=\"yoast-schema-graph\">{\"@context\":\"https:\\\/\\\/schema.org\",\"@graph\":[{\"@type\":\"WebPage\",\"@id\":\"https:\\\/\\\/csc-grande-bastide.com\\\/index.php\\\/les-associations\\\/\",\"url\":\"https:\\\/\\\/csc-grande-bastide.com\\\/index.php\\\/les-associations\\\/\",\"name\":\"Les Associations - &quot;La Grande Bastide&quot;\",\"isPartOf\":{\"@id\":\"https:\\\/\\\/csc-grande-bastide.com\\\/#website\"},\"primaryImageOfPage\":{\"@id\":\"https:\\\/\\\/csc-grande-bastide.com\\\/index.php\\\/les-associations\\\/#primaryimage\"},\"image\":{\"@id\":\"https:\\\/\\\/csc-grande-bastide.com\\\/index.php\\\/les-associations\\\/#primaryimage\"},\"thumbnailUrl\":\"https:\\\/\\\/csc-grande-bastide.com\\\/wp-content\\\/uploads\\\/2023\\\/07\\\/POUR-SITE-INTERNET-4-1024x640.jpg\",\"datePublished\":\"2019-08-31T16:43:26+00:00\",\"dateModified\":\"2025-09-18T12:56:08+00:00\",\"breadcrumb\":{\"@id\":\"https:\\\/\\\/csc-grande-bastide.com\\\/index.php\\\/les-associations\\\/#breadcrumb\"},\"inLanguage\":\"fr-FR\",\"potentialAction\":[{\"@type\":\"ReadAction\",\"target\":[\"https:\\\/\\\/csc-grande-bastide.com\\\/index.php\\\/les-associations\\\/\"]}]},{\"@type\":\"ImageObject\",\"inLanguage\":\"fr-FR\",\"@id\":\"https:\\\/\\\/csc-grande-bastide.com\\\/index.php\\\/les-associations\\\/#primaryimage\",\"url\":\"https:\\\/\\\/csc-grande-bastide.com\\\/wp-content\\\/uploads\\\/2023\\\/07\\\/POUR-SITE-INTERNET-4.jpg\",\"contentUrl\":\"https:\\\/\\\/csc-grande-bastide.com\\\/wp-content\\\/uploads\\\/2023\\\/07\\\/POUR-SITE-INTERNET-4.jpg\",\"width\":1280,\"height\":800,\"caption\":\"Ecole Polonaise Polonica\"},{\"@type\":\"BreadcrumbList\",\"@id\":\"https:\\\/\\\/csc-grande-bastide.com\\\/index.php\\\/les-associations\\\/#breadcrumb\",\"itemListElement\":[{\"@type\":\"ListItem\",\"position\":1,\"name\":\"Accueil\",\"item\":\"https:\\\/\\\/csc-grande-bastide.com\\\/\"},{\"@type\":\"ListItem\",\"position\":2,\"name\":\"Les Associations\"}]},{\"@type\":\"WebSite\",\"@id\":\"https:\\\/\\\/csc-grande-bastide.com\\\/#website\",\"url\":\"https:\\\/\\\/csc-grande-bastide.com\\\/\",\"name\":\"&quot;La Grande Bastide&quot;\",\"description\":\"Centre Social et Culturel \u00e0 Aix-en-Provence\",\"publisher\":{\"@id\":\"https:\\\/\\\/csc-grande-bastide.com\\\/#organization\"},\"potentialAction\":[{\"@type\":\"SearchAction\",\"target\":{\"@type\":\"EntryPoint\",\"urlTemplate\":\"https:\\\/\\\/csc-grande-bastide.com\\\/?s={search_term_string}\"},\"query-input\":{\"@type\":\"PropertyValueSpecification\",\"valueRequired\":true,\"valueName\":\"search_term_string\"}}],\"inLanguage\":\"fr-FR\"},{\"@type\":\"Organization\",\"@id\":\"https:\\\/\\\/csc-grande-bastide.com\\\/#organization\",\"name\":\"&quot;La Grande Bastide&quot;\",\"url\":\"https:\\\/\\\/csc-grande-bastide.com\\\/\",\"logo\":{\"@type\":\"ImageObject\",\"inLanguage\":\"fr-FR\",\"@id\":\"https:\\\/\\\/csc-grande-bastide.com\\\/#\\\/schema\\\/logo\\\/image\\\/\",\"url\":\"https:\\\/\\\/csc-grande-bastide.com\\\/wp-content\\\/uploads\\\/2023\\\/07\\\/cropped-Colorful-Books-Faux-OrganicAbstract-Media-Lifestyle-11-Static-Feed-Ad-1.png\",\"contentUrl\":\"https:\\\/\\\/csc-grande-bastide.com\\\/wp-content\\\/uploads\\\/2023\\\/07\\\/cropped-Colorful-Books-Faux-OrganicAbstract-Media-Lifestyle-11-Static-Feed-Ad-1.png\",\"width\":1079,\"height\":1079,\"caption\":\"&quot;La Grande Bastide&quot;\"},\"image\":{\"@id\":\"https:\\\/\\\/csc-grande-bastide.com\\\/#\\\/schema\\\/logo\\\/image\\\/\"}}]}<\/script>\n<!-- \/ Yoast SEO plugin. -->","yoast_head_json":{"title":"Les Associations - &quot;La Grande Bastide&quot;","robots":{"index":"index","follow":"follow","max-snippet":"max-snippet:-1","max-image-preview":"max-image-preview:large","max-video-preview":"max-video-preview:-1"},"canonical":"https:\/\/csc-grande-bastide.com\/index.php\/les-associations\/","og_locale":"fr_FR","og_type":"article","og_title":"Les Associations - &quot;La Grande Bastide&quot;","og_description":"La Grande Bastide accueille dans ses locaux des associations qui d\u00e9veloppent leurs activit\u00e9s. Les tarifs de ces activit\u00e9s vous seront communiqu\u00e9s par les responsables associatifs. Activit\u00e9s enfants Activit\u00e9s pour tous Activit\u00e9s Adultes Activit\u00e9s S\u00e9niors","og_url":"https:\/\/csc-grande-bastide.com\/index.php\/les-associations\/","og_site_name":"&quot;La Grande Bastide&quot;","article_modified_time":"2025-09-18T12:56:08+00:00","og_image":[{"width":1280,"height":800,"url":"https:\/\/csc-grande-bastide.com\/wp-content\/uploads\/2023\/07\/POUR-SITE-INTERNET-4.jpg","type":"image\/jpeg"}],"twitter_card":"summary_large_image","twitter_misc":{"Dur\u00e9e de lecture estim\u00e9e":"4 minutes"},"schema":{"@context":"https:\/\/schema.org","@graph":[{"@type":"WebPage","@id":"https:\/\/csc-grande-bastide.com\/index.php\/les-associations\/","url":"https:\/\/csc-grande-bastide.com\/index.php\/les-associations\/","name":"Les Associations - &quot;La Grande Bastide&quot;","isPartOf":{"@id":"https:\/\/csc-grande-bastide.com\/#website"},"primaryImageOfPage":{"@id":"https:\/\/csc-grande-bastide.com\/index.php\/les-associations\/#primaryimage"},"image":{"@id":"https:\/\/csc-grande-bastide.com\/index.php\/les-associations\/#primaryimage"},"thumbnailUrl":"https:\/\/csc-grande-bastide.com\/wp-content\/uploads\/2023\/07\/POUR-SITE-INTERNET-4-1024x640.jpg","datePublished":"2019-08-31T16:43:26+00:00","dateModified":"2025-09-18T12:56:08+00:00","breadcrumb":{"@id":"https:\/\/csc-grande-bastide.com\/index.php\/les-associations\/#breadcrumb"},"inLanguage":"fr-FR","potentialAction":[{"@type":"ReadAction","target":["https:\/\/csc-grande-bastide.com\/index.php\/les-associations\/"]}]},{"@type":"ImageObject","inLanguage":"fr-FR","@id":"https:\/\/csc-grande-bastide.com\/index.php\/les-associations\/#primaryimage","url":"https:\/\/csc-grande-bastide.com\/wp-content\/uploads\/2023\/07\/POUR-SITE-INTERNET-4.jpg","contentUrl":"https:\/\/csc-grande-bastide.com\/wp-content\/uploads\/2023\/07\/POUR-SITE-INTERNET-4.jpg","width":1280,"height":800,"caption":"Ecole Polonaise Polonica"},{"@type":"BreadcrumbList","@id":"https:\/\/csc-grande-bastide.com\/index.php\/les-associations\/#breadcrumb","itemListElement":[{"@type":"ListItem","position":1,"name":"Accueil","item":"https:\/\/csc-grande-bastide.com\/"},{"@type":"ListItem","position":2,"name":"Les Associations"}]},{"@type":"WebSite","@id":"https:\/\/csc-grande-bastide.com\/#website","url":"https:\/\/csc-grande-bastide.com\/","name":"&quot;La Grande Bastide&quot;","description":"Centre Social et Culturel \u00e0 Aix-en-Provence","publisher":{"@id":"https:\/\/csc-grande-bastide.com\/#organization"},"potentialAction":[{"@type":"SearchAction","target":{"@type":"EntryPoint","urlTemplate":"https:\/\/csc-grande-bastide.com\/?s={search_term_string}"},"query-input":{"@type":"PropertyValueSpecification","valueRequired":true,"valueName":"search_term_string"}}],"inLanguage":"fr-FR"},{"@type":"Organization","@id":"https:\/\/csc-grande-bastide.com\/#organization","name":"&quot;La Grande Bastide&quot;","url":"https:\/\/csc-grande-bastide.com\/","logo":{"@type":"ImageObject","inLanguage":"fr-FR","@id":"https:\/\/csc-grande-bastide.com\/#\/schema\/logo\/image\/","url":"https:\/\/csc-grande-bastide.com\/wp-content\/uploads\/2023\/07\/cropped-Colorful-Books-Faux-OrganicAbstract-Media-Lifestyle-11-Static-Feed-Ad-1.png","contentUrl":"https:\/\/csc-grande-bastide.com\/wp-content\/uploads\/2023\/07\/cropped-Colorful-Books-Faux-OrganicAbstract-Media-Lifestyle-11-Static-Feed-Ad-1.png","width":1079,"height":1079,"caption":"&quot;La Grande Bastide&quot;"},"image":{"@id":"https:\/\/csc-grande-bastide.com\/#\/schema\/logo\/image\/"}}]}},"jetpack_sharing_enabled":true,"_links":{"self":[{"href":"https:\/\/csc-grande-bastide.com\/index.php\/wp-json\/wp\/v2\/pages\/105","targetHints":{"allow":["GET"]}}],"collection":[{"href":"https:\/\/csc-grande-bastide.com\/index.php\/wp-json\/wp\/v2\/pages"}],"about":[{"href":"https:\/\/csc-grande-bastide.com\/index.php\/wp-json\/wp\/v2\/types\/page"}],"author":[{"embeddable":true,"href":"https:\/\/csc-grande-bastide.com\/index.php\/wp-json\/wp\/v2\/users\/1"}],"replies":[{"embeddable":true,"href":"https:\/\/csc-grande-bastide.com\/index.php\/wp-json\/wp\/v2\/comments?post=105"}],"version-history":[{"count":47,"href":"https:\/\/csc-grande-bastide.com\/index.php\/wp-json\/wp\/v2\/pages\/105\/revisions"}],"predecessor-version":[{"id":19541,"href":"https:\/\/csc-grande-bastide.com\/index.php\/wp-json\/wp\/v2\/pages\/105\/revisions\/19541"}],"wp:attachment":[{"href":"https:\/\/csc-grande-bastide.com\/index.php\/wp-json\/wp\/v2\/media?parent=105"}],"curies":[{"name":"wp","href":"https:\/\/api.w.org\/{rel}","templated":true}]}}