{"id":11752,"date":"2023-07-19T15:48:52","date_gmt":"2023-07-19T13:48:52","guid":{"rendered":"https:\/\/csc-grande-bastide.com\/?page_id=11752"},"modified":"2025-09-18T14:54:34","modified_gmt":"2025-09-18T12:54:34","slug":"nos-activites","status":"publish","type":"page","link":"https:\/\/csc-grande-bastide.com\/index.php\/nos-activites\/","title":{"rendered":"Nos activit\u00e9s"},"content":{"rendered":"\n<h2 class=\"wp-block-heading has-text-align-center has-vivid-red-color has-text-color\"><strong><em>Activit\u00e9s enfants<\/em><\/strong><\/h2>\n\n\n<div class=\"wp-block-image\">\n<figure class=\"aligncenter size-large\"><img fetchpriority=\"high\" decoding=\"async\" width=\"1024\" height=\"640\" src=\"https:\/\/csc-grande-bastide.com\/wp-content\/uploads\/2023\/07\/POUR-SITE-INTERNET-9-1-1024x640.jpg\" alt=\"Cours de th\u00e9\u00e2tre pour enfant avec Elsa, tous les lundis soir \" class=\"wp-image-11762\" srcset=\"https:\/\/csc-grande-bastide.com\/wp-content\/uploads\/2023\/07\/POUR-SITE-INTERNET-9-1-1024x640.jpg 1024w, https:\/\/csc-grande-bastide.com\/wp-content\/uploads\/2023\/07\/POUR-SITE-INTERNET-9-1-300x188.jpg 300w, https:\/\/csc-grande-bastide.com\/wp-content\/uploads\/2023\/07\/POUR-SITE-INTERNET-9-1-768x480.jpg 768w, https:\/\/csc-grande-bastide.com\/wp-content\/uploads\/2023\/07\/POUR-SITE-INTERNET-9-1-600x375.jpg 600w, https:\/\/csc-grande-bastide.com\/wp-content\/uploads\/2023\/07\/POUR-SITE-INTERNET-9-1.jpg 1280w\" sizes=\"(max-width: 1024px) 100vw, 1024px\" \/><\/figure>\n<\/div>\n\n\n<h2 class=\"wp-block-heading has-text-align-center has-vivid-red-color has-text-color\"><strong><em>Activit\u00e9s pour tous<\/em><\/strong><\/h2>\n\n\n<div class=\"wp-block-image\">\n<figure class=\"aligncenter size-large\"><img decoding=\"async\" width=\"1024\" height=\"640\" src=\"https:\/\/csc-grande-bastide.com\/wp-content\/uploads\/2023\/07\/POUR-SITE-INTERNET-10-1024x640.jpg\" alt=\"Cours de musiques : guitare, basse, piano, fl\u00fbte\" class=\"wp-image-11754\" srcset=\"https:\/\/csc-grande-bastide.com\/wp-content\/uploads\/2023\/07\/POUR-SITE-INTERNET-10-1024x640.jpg 1024w, https:\/\/csc-grande-bastide.com\/wp-content\/uploads\/2023\/07\/POUR-SITE-INTERNET-10-300x188.jpg 300w, https:\/\/csc-grande-bastide.com\/wp-content\/uploads\/2023\/07\/POUR-SITE-INTERNET-10-768x480.jpg 768w, https:\/\/csc-grande-bastide.com\/wp-content\/uploads\/2023\/07\/POUR-SITE-INTERNET-10-600x375.jpg 600w, https:\/\/csc-grande-bastide.com\/wp-content\/uploads\/2023\/07\/POUR-SITE-INTERNET-10.jpg 1280w\" sizes=\"(max-width: 1024px) 100vw, 1024px\" \/><\/figure>\n<\/div>\n\n\n<h2 class=\"wp-block-heading has-text-align-center has-vivid-red-color has-text-color\"><em><strong>Activit\u00e9s adultes<\/strong><\/em><\/h2>\n\n\n<div class=\"wp-block-image\">\n<figure class=\"aligncenter size-large\"><img decoding=\"async\" width=\"1024\" height=\"640\" src=\"https:\/\/csc-grande-bastide.com\/wp-content\/uploads\/2025\/09\/POUR-SITE-INTERNET-4-1-1024x640.png\" alt=\"\" class=\"wp-image-19538\" srcset=\"https:\/\/csc-grande-bastide.com\/wp-content\/uploads\/2025\/09\/POUR-SITE-INTERNET-4-1-1024x640.png 1024w, https:\/\/csc-grande-bastide.com\/wp-content\/uploads\/2025\/09\/POUR-SITE-INTERNET-4-1-300x188.png 300w, https:\/\/csc-grande-bastide.com\/wp-content\/uploads\/2025\/09\/POUR-SITE-INTERNET-4-1-768x480.png 768w, https:\/\/csc-grande-bastide.com\/wp-content\/uploads\/2025\/09\/POUR-SITE-INTERNET-4-1-600x375.png 600w, https:\/\/csc-grande-bastide.com\/wp-content\/uploads\/2025\/09\/POUR-SITE-INTERNET-4-1.png 1280w\" sizes=\"(max-width: 1024px) 100vw, 1024px\" \/><\/figure>\n<\/div>","protected":false},"excerpt":{"rendered":"<p>Activit\u00e9s enfants Activit\u00e9s pour tous Activit\u00e9s adultes<\/p>\n","protected":false},"author":9,"featured_media":0,"parent":0,"menu_order":0,"comment_status":"closed","ping_status":"closed","template":"","meta":{"footnotes":""},"class_list":["post-11752","page","type-page","status-publish","hentry"],"yoast_head":"<!-- This site is optimized with the Yoast SEO plugin v27.3 - https:\/\/yoast.com\/product\/yoast-seo-wordpress\/ -->\n<title>Nos activit\u00e9s - &quot;La Grande Bastide&quot;<\/title>\n<meta name=\"robots\" content=\"index, follow, max-snippet:-1, max-image-preview:large, max-video-preview:-1\" \/>\n<link rel=\"canonical\" href=\"https:\/\/csc-grande-bastide.com\/index.php\/nos-activites\/\" \/>\n<meta property=\"og:locale\" content=\"fr_FR\" \/>\n<meta property=\"og:type\" content=\"article\" \/>\n<meta property=\"og:title\" content=\"Nos activit\u00e9s - &quot;La Grande Bastide&quot;\" \/>\n<meta property=\"og:description\" content=\"Activit\u00e9s enfants Activit\u00e9s pour tous Activit\u00e9s adultes\" \/>\n<meta property=\"og:url\" content=\"https:\/\/csc-grande-bastide.com\/index.php\/nos-activites\/\" \/>\n<meta property=\"og:site_name\" content=\"&quot;La Grande Bastide&quot;\" \/>\n<meta property=\"article:modified_time\" content=\"2025-09-18T12:54:34+00:00\" \/>\n<meta property=\"og:image\" content=\"https:\/\/csc-grande-bastide.com\/wp-content\/uploads\/2023\/07\/POUR-SITE-INTERNET-9-1.jpg\" \/>\n\t<meta property=\"og:image:width\" content=\"1280\" \/>\n\t<meta property=\"og:image:height\" content=\"800\" \/>\n\t<meta property=\"og:image:type\" content=\"image\/jpeg\" \/>\n<meta name=\"twitter:card\" content=\"summary_large_image\" \/>\n<meta name=\"twitter:label1\" content=\"Dur\u00e9e de lecture estim\u00e9e\" \/>\n\t<meta name=\"twitter:data1\" content=\"1 minute\" \/>\n<script type=\"application\/ld+json\" class=\"yoast-schema-graph\">{\"@context\":\"https:\\\/\\\/schema.org\",\"@graph\":[{\"@type\":\"WebPage\",\"@id\":\"https:\\\/\\\/csc-grande-bastide.com\\\/index.php\\\/nos-activites\\\/\",\"url\":\"https:\\\/\\\/csc-grande-bastide.com\\\/index.php\\\/nos-activites\\\/\",\"name\":\"Nos activit\u00e9s - &quot;La Grande Bastide&quot;\",\"isPartOf\":{\"@id\":\"https:\\\/\\\/csc-grande-bastide.com\\\/#website\"},\"primaryImageOfPage\":{\"@id\":\"https:\\\/\\\/csc-grande-bastide.com\\\/index.php\\\/nos-activites\\\/#primaryimage\"},\"image\":{\"@id\":\"https:\\\/\\\/csc-grande-bastide.com\\\/index.php\\\/nos-activites\\\/#primaryimage\"},\"thumbnailUrl\":\"https:\\\/\\\/csc-grande-bastide.com\\\/wp-content\\\/uploads\\\/2023\\\/07\\\/POUR-SITE-INTERNET-9-1-1024x640.jpg\",\"datePublished\":\"2023-07-19T13:48:52+00:00\",\"dateModified\":\"2025-09-18T12:54:34+00:00\",\"breadcrumb\":{\"@id\":\"https:\\\/\\\/csc-grande-bastide.com\\\/index.php\\\/nos-activites\\\/#breadcrumb\"},\"inLanguage\":\"fr-FR\",\"potentialAction\":[{\"@type\":\"ReadAction\",\"target\":[\"https:\\\/\\\/csc-grande-bastide.com\\\/index.php\\\/nos-activites\\\/\"]}]},{\"@type\":\"ImageObject\",\"inLanguage\":\"fr-FR\",\"@id\":\"https:\\\/\\\/csc-grande-bastide.com\\\/index.php\\\/nos-activites\\\/#primaryimage\",\"url\":\"https:\\\/\\\/csc-grande-bastide.com\\\/wp-content\\\/uploads\\\/2023\\\/07\\\/POUR-SITE-INTERNET-9-1.jpg\",\"contentUrl\":\"https:\\\/\\\/csc-grande-bastide.com\\\/wp-content\\\/uploads\\\/2023\\\/07\\\/POUR-SITE-INTERNET-9-1.jpg\",\"width\":1280,\"height\":800,\"caption\":\"Cours de th\u00e9\u00e2tre pour enfant avec Elsa, tous les lundis soir\"},{\"@type\":\"BreadcrumbList\",\"@id\":\"https:\\\/\\\/csc-grande-bastide.com\\\/index.php\\\/nos-activites\\\/#breadcrumb\",\"itemListElement\":[{\"@type\":\"ListItem\",\"position\":1,\"name\":\"Accueil\",\"item\":\"https:\\\/\\\/csc-grande-bastide.com\\\/\"},{\"@type\":\"ListItem\",\"position\":2,\"name\":\"Nos activit\u00e9s\"}]},{\"@type\":\"WebSite\",\"@id\":\"https:\\\/\\\/csc-grande-bastide.com\\\/#website\",\"url\":\"https:\\\/\\\/csc-grande-bastide.com\\\/\",\"name\":\"&quot;La Grande Bastide&quot;\",\"description\":\"Centre Social et Culturel \u00e0 Aix-en-Provence\",\"publisher\":{\"@id\":\"https:\\\/\\\/csc-grande-bastide.com\\\/#organization\"},\"potentialAction\":[{\"@type\":\"SearchAction\",\"target\":{\"@type\":\"EntryPoint\",\"urlTemplate\":\"https:\\\/\\\/csc-grande-bastide.com\\\/?s={search_term_string}\"},\"query-input\":{\"@type\":\"PropertyValueSpecification\",\"valueRequired\":true,\"valueName\":\"search_term_string\"}}],\"inLanguage\":\"fr-FR\"},{\"@type\":\"Organization\",\"@id\":\"https:\\\/\\\/csc-grande-bastide.com\\\/#organization\",\"name\":\"&quot;La Grande Bastide&quot;\",\"url\":\"https:\\\/\\\/csc-grande-bastide.com\\\/\",\"logo\":{\"@type\":\"ImageObject\",\"inLanguage\":\"fr-FR\",\"@id\":\"https:\\\/\\\/csc-grande-bastide.com\\\/#\\\/schema\\\/logo\\\/image\\\/\",\"url\":\"https:\\\/\\\/csc-grande-bastide.com\\\/wp-content\\\/uploads\\\/2023\\\/07\\\/cropped-Colorful-Books-Faux-OrganicAbstract-Media-Lifestyle-11-Static-Feed-Ad-1.png\",\"contentUrl\":\"https:\\\/\\\/csc-grande-bastide.com\\\/wp-content\\\/uploads\\\/2023\\\/07\\\/cropped-Colorful-Books-Faux-OrganicAbstract-Media-Lifestyle-11-Static-Feed-Ad-1.png\",\"width\":1079,\"height\":1079,\"caption\":\"&quot;La Grande Bastide&quot;\"},\"image\":{\"@id\":\"https:\\\/\\\/csc-grande-bastide.com\\\/#\\\/schema\\\/logo\\\/image\\\/\"}}]}<\/script>\n<!-- \/ Yoast SEO plugin. -->","yoast_head_json":{"title":"Nos activit\u00e9s - &quot;La Grande Bastide&quot;","robots":{"index":"index","follow":"follow","max-snippet":"max-snippet:-1","max-image-preview":"max-image-preview:large","max-video-preview":"max-video-preview:-1"},"canonical":"https:\/\/csc-grande-bastide.com\/index.php\/nos-activites\/","og_locale":"fr_FR","og_type":"article","og_title":"Nos activit\u00e9s - &quot;La Grande Bastide&quot;","og_description":"Activit\u00e9s enfants Activit\u00e9s pour tous Activit\u00e9s adultes","og_url":"https:\/\/csc-grande-bastide.com\/index.php\/nos-activites\/","og_site_name":"&quot;La Grande Bastide&quot;","article_modified_time":"2025-09-18T12:54:34+00:00","og_image":[{"width":1280,"height":800,"url":"https:\/\/csc-grande-bastide.com\/wp-content\/uploads\/2023\/07\/POUR-SITE-INTERNET-9-1.jpg","type":"image\/jpeg"}],"twitter_card":"summary_large_image","twitter_misc":{"Dur\u00e9e de lecture estim\u00e9e":"1 minute"},"schema":{"@context":"https:\/\/schema.org","@graph":[{"@type":"WebPage","@id":"https:\/\/csc-grande-bastide.com\/index.php\/nos-activites\/","url":"https:\/\/csc-grande-bastide.com\/index.php\/nos-activites\/","name":"Nos activit\u00e9s - &quot;La Grande Bastide&quot;","isPartOf":{"@id":"https:\/\/csc-grande-bastide.com\/#website"},"primaryImageOfPage":{"@id":"https:\/\/csc-grande-bastide.com\/index.php\/nos-activites\/#primaryimage"},"image":{"@id":"https:\/\/csc-grande-bastide.com\/index.php\/nos-activites\/#primaryimage"},"thumbnailUrl":"https:\/\/csc-grande-bastide.com\/wp-content\/uploads\/2023\/07\/POUR-SITE-INTERNET-9-1-1024x640.jpg","datePublished":"2023-07-19T13:48:52+00:00","dateModified":"2025-09-18T12:54:34+00:00","breadcrumb":{"@id":"https:\/\/csc-grande-bastide.com\/index.php\/nos-activites\/#breadcrumb"},"inLanguage":"fr-FR","potentialAction":[{"@type":"ReadAction","target":["https:\/\/csc-grande-bastide.com\/index.php\/nos-activites\/"]}]},{"@type":"ImageObject","inLanguage":"fr-FR","@id":"https:\/\/csc-grande-bastide.com\/index.php\/nos-activites\/#primaryimage","url":"https:\/\/csc-grande-bastide.com\/wp-content\/uploads\/2023\/07\/POUR-SITE-INTERNET-9-1.jpg","contentUrl":"https:\/\/csc-grande-bastide.com\/wp-content\/uploads\/2023\/07\/POUR-SITE-INTERNET-9-1.jpg","width":1280,"height":800,"caption":"Cours de th\u00e9\u00e2tre pour enfant avec Elsa, tous les lundis soir"},{"@type":"BreadcrumbList","@id":"https:\/\/csc-grande-bastide.com\/index.php\/nos-activites\/#breadcrumb","itemListElement":[{"@type":"ListItem","position":1,"name":"Accueil","item":"https:\/\/csc-grande-bastide.com\/"},{"@type":"ListItem","position":2,"name":"Nos activit\u00e9s"}]},{"@type":"WebSite","@id":"https:\/\/csc-grande-bastide.com\/#website","url":"https:\/\/csc-grande-bastide.com\/","name":"&quot;La Grande Bastide&quot;","description":"Centre Social et Culturel \u00e0 Aix-en-Provence","publisher":{"@id":"https:\/\/csc-grande-bastide.com\/#organization"},"potentialAction":[{"@type":"SearchAction","target":{"@type":"EntryPoint","urlTemplate":"https:\/\/csc-grande-bastide.com\/?s={search_term_string}"},"query-input":{"@type":"PropertyValueSpecification","valueRequired":true,"valueName":"search_term_string"}}],"inLanguage":"fr-FR"},{"@type":"Organization","@id":"https:\/\/csc-grande-bastide.com\/#organization","name":"&quot;La Grande Bastide&quot;","url":"https:\/\/csc-grande-bastide.com\/","logo":{"@type":"ImageObject","inLanguage":"fr-FR","@id":"https:\/\/csc-grande-bastide.com\/#\/schema\/logo\/image\/","url":"https:\/\/csc-grande-bastide.com\/wp-content\/uploads\/2023\/07\/cropped-Colorful-Books-Faux-OrganicAbstract-Media-Lifestyle-11-Static-Feed-Ad-1.png","contentUrl":"https:\/\/csc-grande-bastide.com\/wp-content\/uploads\/2023\/07\/cropped-Colorful-Books-Faux-OrganicAbstract-Media-Lifestyle-11-Static-Feed-Ad-1.png","width":1079,"height":1079,"caption":"&quot;La Grande Bastide&quot;"},"image":{"@id":"https:\/\/csc-grande-bastide.com\/#\/schema\/logo\/image\/"}}]}},"jetpack_sharing_enabled":true,"_links":{"self":[{"href":"https:\/\/csc-grande-bastide.com\/index.php\/wp-json\/wp\/v2\/pages\/11752","targetHints":{"allow":["GET"]}}],"collection":[{"href":"https:\/\/csc-grande-bastide.com\/index.php\/wp-json\/wp\/v2\/pages"}],"about":[{"href":"https:\/\/csc-grande-bastide.com\/index.php\/wp-json\/wp\/v2\/types\/page"}],"author":[{"embeddable":true,"href":"https:\/\/csc-grande-bastide.com\/index.php\/wp-json\/wp\/v2\/users\/9"}],"replies":[{"embeddable":true,"href":"https:\/\/csc-grande-bastide.com\/index.php\/wp-json\/wp\/v2\/comments?post=11752"}],"version-history":[{"count":8,"href":"https:\/\/csc-grande-bastide.com\/index.php\/wp-json\/wp\/v2\/pages\/11752\/revisions"}],"predecessor-version":[{"id":19539,"href":"https:\/\/csc-grande-bastide.com\/index.php\/wp-json\/wp\/v2\/pages\/11752\/revisions\/19539"}],"wp:attachment":[{"href":"https:\/\/csc-grande-bastide.com\/index.php\/wp-json\/wp\/v2\/media?parent=11752"}],"curies":[{"name":"wp","href":"https:\/\/api.w.org\/{rel}","templated":true}]}}