{"id":12853,"date":"2023-10-18T16:25:34","date_gmt":"2023-10-18T14:25:34","guid":{"rendered":"https:\/\/csc-grande-bastide.com\/?page_id=12853"},"modified":"2025-09-02T14:02:14","modified_gmt":"2025-09-02T12:02:14","slug":"studio-denregistrement","status":"publish","type":"page","link":"https:\/\/csc-grande-bastide.com\/index.php\/studio-denregistrement\/","title":{"rendered":"STUDIO D&rsquo;ENREGISTREMENT"},"content":{"rendered":"\n<p class=\"has-text-align-center has-colibri-color-6-color has-text-color has-medium-font-size\"><mark style=\"background-color:rgba(0, 0, 0, 0)\" class=\"has-inline-color has-colibri-color-6-color\">Le studio d\u2019enregistrement est ouvert ! Il est accessible \u00e0 tous uniquement sous r\u00e9servation aupr\u00e8s de Dorian, responsable du Secteur Jeunes par t\u00e9l\u00e9phone au&nbsp;<em>06.24.93.21.14<\/em>&nbsp;ou par mail \u00e0 l\u2019adresse&nbsp;<em>csc.d.storch@gmail.com<\/em>.<\/mark><br><mark style=\"background-color:rgba(0, 0, 0, 0)\" class=\"has-inline-color has-colibri-color-6-color\">Enregistrement voix, mix et arrangement. Ecriture de texte, coaching. Mise \u00e0 disposition d&rsquo;un technicien son et accompagnement \u00e0 la cr\u00e9ation musicale assist\u00e9e par ordinateur et beatmaking\u2026 Venez laisser libre court \u00e0 votre cr\u00e9ativit\u00e9 dans notre studio !&nbsp;\ud83c\udfb5<\/mark><\/p>\n\n\n\n<p class=\"has-text-align-center has-medium-font-size\"><mark style=\"background-color:rgba(0, 0, 0, 0)\" class=\"has-inline-color has-colibri-color-6-color\"><strong>Horaires d\u2019accessibilit\u00e9 :<\/strong><br><\/mark><strong><em><mark style=\"background-color:rgba(0, 0, 0, 0)\" class=\"has-inline-color has-colibri-color-2-color\">P\u00e9riode scolaire<\/mark><\/em><\/strong><mark style=\"background-color:rgba(0, 0, 0, 0)\" class=\"has-inline-color has-colibri-color-6-color\"><br><\/mark><mark style=\"background-color:rgba(0, 0, 0, 0);color:#040404\" class=\"has-inline-color\">du lundi au vendredi de 10h \u00e0 19h<br>samedi de 14h \u00e0 19h<\/mark><mark style=\"background-color:rgba(0, 0, 0, 0)\" class=\"has-inline-color has-colibri-color-6-color\"><br><\/mark><strong><em><mark style=\"background-color:rgba(0, 0, 0, 0)\" class=\"has-inline-color has-colibri-color-2-color\">Vacances scolaires<\/mark><\/em><\/strong><mark style=\"background-color:rgba(0, 0, 0, 0)\" class=\"has-inline-color has-colibri-color-6-color\"><br><\/mark><mark style=\"background-color:rgba(0, 0, 0, 0);color:#000000\" class=\"has-inline-color\">du lundi au vendredi de 10h \u00e0 19h<\/mark><\/p>\n\n\n\n<p class=\"has-text-align-center\"><mark style=\"background-color:rgba(0, 0, 0, 0);color:#060000\" class=\"has-inline-color\"><strong>Tarif classique  :<\/strong> 25\u20ac\/heure<br><strong>Tarif adh\u00e9rent du Secteur Jeunes :<\/strong> 15\u20ac\/heure<br><strong>Tarif \u00e0 l&rsquo;ann\u00e9e d\u00e9pendant du quotient familial : <\/strong>de 240\u20ac \u00e0 300\u20ac<\/mark><br>(<em>Ce tarif annuel comprend une limite de 4h de session studio par mois sur une dur\u00e9e de 11 mois<\/em>)<\/p>\n\n\n\n<div style=\"height:19px\" aria-hidden=\"true\" class=\"wp-block-spacer\"><\/div>\n\n\n\n<p class=\"has-text-align-center\"><strong><em>\u2193\u2193 D\u00e9couvrez notre teaser de pr\u00e9sentation en vid\u00e9o ! \u2193\u2193<\/em><\/strong><\/p>\n\n\n\n<div style=\"height:17px\" aria-hidden=\"true\" class=\"wp-block-spacer\"><\/div>\n\n\n\n<figure class=\"wp-block-embed aligncenter is-type-video is-provider-youtube wp-block-embed-youtube wp-embed-aspect-16-9 wp-has-aspect-ratio\"><div class=\"wp-block-embed__wrapper\">\n<iframe title=\"Studio d&#039;enregistrement - csc La Grande Bastide\" width=\"500\" height=\"281\" src=\"https:\/\/www.youtube.com\/embed\/qUPT-n6rSHw?feature=oembed\" frameborder=\"0\" allow=\"accelerometer; autoplay; clipboard-write; encrypted-media; gyroscope; picture-in-picture; web-share\" referrerpolicy=\"strict-origin-when-cross-origin\" allowfullscreen><\/iframe>\n<\/div><\/figure>\n\n\n\n<div style=\"height:19px\" aria-hidden=\"true\" class=\"wp-block-spacer\"><\/div>\n","protected":false},"excerpt":{"rendered":"<p>Le studio d\u2019enregistrement est ouvert ! Il est accessible \u00e0 tous uniquement sous r\u00e9servation aupr\u00e8s de Dorian, responsable du Secteur Jeunes par t\u00e9l\u00e9phone au&nbsp;06.24.93.21.14&nbsp;ou par mail \u00e0 l\u2019adresse&nbsp;csc.d.storch@gmail.com.Enregistrement voix, mix et arrangement. Ecriture de texte, coaching. Mise \u00e0 disposition d&rsquo;un technicien son et accompagnement \u00e0 la cr\u00e9ation musicale assist\u00e9e par ordinateur et beatmaking\u2026 Venez laisser [&hellip;]<\/p>\n","protected":false},"author":9,"featured_media":0,"parent":0,"menu_order":0,"comment_status":"closed","ping_status":"closed","template":"","meta":{"footnotes":""},"class_list":["post-12853","page","type-page","status-publish","hentry"],"yoast_head":"<!-- This site is optimized with the Yoast SEO plugin v27.5 - https:\/\/yoast.com\/product\/yoast-seo-wordpress\/ -->\n<title>STUDIO D&#039;ENREGISTREMENT - &quot;La Grande Bastide&quot;<\/title>\n<meta name=\"robots\" content=\"index, follow, max-snippet:-1, max-image-preview:large, max-video-preview:-1\" \/>\n<link rel=\"canonical\" href=\"https:\/\/csc-grande-bastide.com\/index.php\/studio-denregistrement\/\" \/>\n<meta property=\"og:locale\" content=\"fr_FR\" \/>\n<meta property=\"og:type\" content=\"article\" \/>\n<meta property=\"og:title\" content=\"STUDIO D&#039;ENREGISTREMENT - &quot;La Grande Bastide&quot;\" \/>\n<meta property=\"og:description\" content=\"Le studio d\u2019enregistrement est ouvert ! Il est accessible \u00e0 tous uniquement sous r\u00e9servation aupr\u00e8s de Dorian, responsable du Secteur Jeunes par t\u00e9l\u00e9phone au&nbsp;06.24.93.21.14&nbsp;ou par mail \u00e0 l\u2019adresse&nbsp;csc.d.storch@gmail.com.Enregistrement voix, mix et arrangement. Ecriture de texte, coaching. Mise \u00e0 disposition d&rsquo;un technicien son et accompagnement \u00e0 la cr\u00e9ation musicale assist\u00e9e par ordinateur et beatmaking\u2026 Venez laisser [&hellip;]\" \/>\n<meta property=\"og:url\" content=\"https:\/\/csc-grande-bastide.com\/index.php\/studio-denregistrement\/\" \/>\n<meta property=\"og:site_name\" content=\"&quot;La Grande Bastide&quot;\" \/>\n<meta property=\"article:modified_time\" content=\"2025-09-02T12:02:14+00:00\" \/>\n<meta name=\"twitter:card\" content=\"summary_large_image\" \/>\n<meta name=\"twitter:label1\" content=\"Dur\u00e9e de lecture estim\u00e9e\" \/>\n\t<meta name=\"twitter:data1\" content=\"1 minute\" \/>\n<script type=\"application\/ld+json\" class=\"yoast-schema-graph\">{\"@context\":\"https:\\\/\\\/schema.org\",\"@graph\":[{\"@type\":\"WebPage\",\"@id\":\"https:\\\/\\\/csc-grande-bastide.com\\\/index.php\\\/studio-denregistrement\\\/\",\"url\":\"https:\\\/\\\/csc-grande-bastide.com\\\/index.php\\\/studio-denregistrement\\\/\",\"name\":\"STUDIO D'ENREGISTREMENT - &quot;La Grande Bastide&quot;\",\"isPartOf\":{\"@id\":\"https:\\\/\\\/csc-grande-bastide.com\\\/#website\"},\"datePublished\":\"2023-10-18T14:25:34+00:00\",\"dateModified\":\"2025-09-02T12:02:14+00:00\",\"breadcrumb\":{\"@id\":\"https:\\\/\\\/csc-grande-bastide.com\\\/index.php\\\/studio-denregistrement\\\/#breadcrumb\"},\"inLanguage\":\"fr-FR\",\"potentialAction\":[{\"@type\":\"ReadAction\",\"target\":[\"https:\\\/\\\/csc-grande-bastide.com\\\/index.php\\\/studio-denregistrement\\\/\"]}]},{\"@type\":\"BreadcrumbList\",\"@id\":\"https:\\\/\\\/csc-grande-bastide.com\\\/index.php\\\/studio-denregistrement\\\/#breadcrumb\",\"itemListElement\":[{\"@type\":\"ListItem\",\"position\":1,\"name\":\"Accueil\",\"item\":\"https:\\\/\\\/csc-grande-bastide.com\\\/\"},{\"@type\":\"ListItem\",\"position\":2,\"name\":\"STUDIO D&rsquo;ENREGISTREMENT\"}]},{\"@type\":\"WebSite\",\"@id\":\"https:\\\/\\\/csc-grande-bastide.com\\\/#website\",\"url\":\"https:\\\/\\\/csc-grande-bastide.com\\\/\",\"name\":\"&quot;La Grande Bastide&quot;\",\"description\":\"Centre Social et Culturel \u00e0 Aix-en-Provence\",\"publisher\":{\"@id\":\"https:\\\/\\\/csc-grande-bastide.com\\\/#organization\"},\"potentialAction\":[{\"@type\":\"SearchAction\",\"target\":{\"@type\":\"EntryPoint\",\"urlTemplate\":\"https:\\\/\\\/csc-grande-bastide.com\\\/?s={search_term_string}\"},\"query-input\":{\"@type\":\"PropertyValueSpecification\",\"valueRequired\":true,\"valueName\":\"search_term_string\"}}],\"inLanguage\":\"fr-FR\"},{\"@type\":\"Organization\",\"@id\":\"https:\\\/\\\/csc-grande-bastide.com\\\/#organization\",\"name\":\"&quot;La Grande Bastide&quot;\",\"url\":\"https:\\\/\\\/csc-grande-bastide.com\\\/\",\"logo\":{\"@type\":\"ImageObject\",\"inLanguage\":\"fr-FR\",\"@id\":\"https:\\\/\\\/csc-grande-bastide.com\\\/#\\\/schema\\\/logo\\\/image\\\/\",\"url\":\"https:\\\/\\\/csc-grande-bastide.com\\\/wp-content\\\/uploads\\\/2023\\\/07\\\/cropped-Colorful-Books-Faux-OrganicAbstract-Media-Lifestyle-11-Static-Feed-Ad-1.png\",\"contentUrl\":\"https:\\\/\\\/csc-grande-bastide.com\\\/wp-content\\\/uploads\\\/2023\\\/07\\\/cropped-Colorful-Books-Faux-OrganicAbstract-Media-Lifestyle-11-Static-Feed-Ad-1.png\",\"width\":1079,\"height\":1079,\"caption\":\"&quot;La Grande Bastide&quot;\"},\"image\":{\"@id\":\"https:\\\/\\\/csc-grande-bastide.com\\\/#\\\/schema\\\/logo\\\/image\\\/\"}}]}<\/script>\n<!-- \/ Yoast SEO plugin. -->","yoast_head_json":{"title":"STUDIO D'ENREGISTREMENT - &quot;La Grande Bastide&quot;","robots":{"index":"index","follow":"follow","max-snippet":"max-snippet:-1","max-image-preview":"max-image-preview:large","max-video-preview":"max-video-preview:-1"},"canonical":"https:\/\/csc-grande-bastide.com\/index.php\/studio-denregistrement\/","og_locale":"fr_FR","og_type":"article","og_title":"STUDIO D'ENREGISTREMENT - &quot;La Grande Bastide&quot;","og_description":"Le studio d\u2019enregistrement est ouvert ! Il est accessible \u00e0 tous uniquement sous r\u00e9servation aupr\u00e8s de Dorian, responsable du Secteur Jeunes par t\u00e9l\u00e9phone au&nbsp;06.24.93.21.14&nbsp;ou par mail \u00e0 l\u2019adresse&nbsp;csc.d.storch@gmail.com.Enregistrement voix, mix et arrangement. Ecriture de texte, coaching. Mise \u00e0 disposition d&rsquo;un technicien son et accompagnement \u00e0 la cr\u00e9ation musicale assist\u00e9e par ordinateur et beatmaking\u2026 Venez laisser [&hellip;]","og_url":"https:\/\/csc-grande-bastide.com\/index.php\/studio-denregistrement\/","og_site_name":"&quot;La Grande Bastide&quot;","article_modified_time":"2025-09-02T12:02:14+00:00","twitter_card":"summary_large_image","twitter_misc":{"Dur\u00e9e de lecture estim\u00e9e":"1 minute"},"schema":{"@context":"https:\/\/schema.org","@graph":[{"@type":"WebPage","@id":"https:\/\/csc-grande-bastide.com\/index.php\/studio-denregistrement\/","url":"https:\/\/csc-grande-bastide.com\/index.php\/studio-denregistrement\/","name":"STUDIO D'ENREGISTREMENT - &quot;La Grande Bastide&quot;","isPartOf":{"@id":"https:\/\/csc-grande-bastide.com\/#website"},"datePublished":"2023-10-18T14:25:34+00:00","dateModified":"2025-09-02T12:02:14+00:00","breadcrumb":{"@id":"https:\/\/csc-grande-bastide.com\/index.php\/studio-denregistrement\/#breadcrumb"},"inLanguage":"fr-FR","potentialAction":[{"@type":"ReadAction","target":["https:\/\/csc-grande-bastide.com\/index.php\/studio-denregistrement\/"]}]},{"@type":"BreadcrumbList","@id":"https:\/\/csc-grande-bastide.com\/index.php\/studio-denregistrement\/#breadcrumb","itemListElement":[{"@type":"ListItem","position":1,"name":"Accueil","item":"https:\/\/csc-grande-bastide.com\/"},{"@type":"ListItem","position":2,"name":"STUDIO D&rsquo;ENREGISTREMENT"}]},{"@type":"WebSite","@id":"https:\/\/csc-grande-bastide.com\/#website","url":"https:\/\/csc-grande-bastide.com\/","name":"&quot;La Grande Bastide&quot;","description":"Centre Social et Culturel \u00e0 Aix-en-Provence","publisher":{"@id":"https:\/\/csc-grande-bastide.com\/#organization"},"potentialAction":[{"@type":"SearchAction","target":{"@type":"EntryPoint","urlTemplate":"https:\/\/csc-grande-bastide.com\/?s={search_term_string}"},"query-input":{"@type":"PropertyValueSpecification","valueRequired":true,"valueName":"search_term_string"}}],"inLanguage":"fr-FR"},{"@type":"Organization","@id":"https:\/\/csc-grande-bastide.com\/#organization","name":"&quot;La Grande Bastide&quot;","url":"https:\/\/csc-grande-bastide.com\/","logo":{"@type":"ImageObject","inLanguage":"fr-FR","@id":"https:\/\/csc-grande-bastide.com\/#\/schema\/logo\/image\/","url":"https:\/\/csc-grande-bastide.com\/wp-content\/uploads\/2023\/07\/cropped-Colorful-Books-Faux-OrganicAbstract-Media-Lifestyle-11-Static-Feed-Ad-1.png","contentUrl":"https:\/\/csc-grande-bastide.com\/wp-content\/uploads\/2023\/07\/cropped-Colorful-Books-Faux-OrganicAbstract-Media-Lifestyle-11-Static-Feed-Ad-1.png","width":1079,"height":1079,"caption":"&quot;La Grande Bastide&quot;"},"image":{"@id":"https:\/\/csc-grande-bastide.com\/#\/schema\/logo\/image\/"}}]}},"jetpack_sharing_enabled":true,"_links":{"self":[{"href":"https:\/\/csc-grande-bastide.com\/index.php\/wp-json\/wp\/v2\/pages\/12853","targetHints":{"allow":["GET"]}}],"collection":[{"href":"https:\/\/csc-grande-bastide.com\/index.php\/wp-json\/wp\/v2\/pages"}],"about":[{"href":"https:\/\/csc-grande-bastide.com\/index.php\/wp-json\/wp\/v2\/types\/page"}],"author":[{"embeddable":true,"href":"https:\/\/csc-grande-bastide.com\/index.php\/wp-json\/wp\/v2\/users\/9"}],"replies":[{"embeddable":true,"href":"https:\/\/csc-grande-bastide.com\/index.php\/wp-json\/wp\/v2\/comments?post=12853"}],"version-history":[{"count":14,"href":"https:\/\/csc-grande-bastide.com\/index.php\/wp-json\/wp\/v2\/pages\/12853\/revisions"}],"predecessor-version":[{"id":19286,"href":"https:\/\/csc-grande-bastide.com\/index.php\/wp-json\/wp\/v2\/pages\/12853\/revisions\/19286"}],"wp:attachment":[{"href":"https:\/\/csc-grande-bastide.com\/index.php\/wp-json\/wp\/v2\/media?parent=12853"}],"curies":[{"name":"wp","href":"https:\/\/api.w.org\/{rel}","templated":true}]}}