{"id":14861,"date":"2024-09-02T12:03:51","date_gmt":"2024-09-02T10:03:51","guid":{"rendered":"https:\/\/csc-grande-bastide.com\/?page_id=14861"},"modified":"2024-09-02T12:05:00","modified_gmt":"2024-09-02T10:05:00","slug":"conseils-juridiques","status":"publish","type":"page","link":"https:\/\/csc-grande-bastide.com\/index.php\/conseils-juridiques\/","title":{"rendered":"Conseils Juridiques"},"content":{"rendered":"\n<p class=\"has-text-align-center has-medium-font-size\"><mark style=\"background-color:rgba(0, 0, 0, 0)\" class=\"has-inline-color has-colibri-color-6-color\">Le Centre Social et Culturel \u00ab\u00a0La Grande Bastide\u00a0\u00bb vous propose des conseils juridiques gratuits en partenariat avec <strong>Ma\u00eetre BUONOMANO Lauriane<\/strong>, avocate au barreau d\u2019Aix-en-Provence. Possibilit\u00e9 d\u2019aide juridictionnelle en cas de proc\u00e9dure, de m\u00e9diation familiale etc&#8230;<br><br>N&rsquo;h\u00e9sitez pas \u00e0 faire votre demande de rendez-vous aupr\u00e8s de l&rsquo;accueil au 04.42.26.34.46.<\/mark><\/p>\n\n\n\n<div style=\"height:27px\" aria-hidden=\"true\" class=\"wp-block-spacer\"><\/div>\n\n\n<div class=\"wp-block-image\">\n<figure class=\"aligncenter size-large\"><img fetchpriority=\"high\" decoding=\"async\" width=\"724\" height=\"1024\" src=\"https:\/\/csc-grande-bastide.com\/wp-content\/uploads\/2024\/09\/CONSEILS-JURIDIQUES-ET-CULTURE-DU-COEUR-724x1024.jpg\" alt=\"\" class=\"wp-image-14862\" srcset=\"https:\/\/csc-grande-bastide.com\/wp-content\/uploads\/2024\/09\/CONSEILS-JURIDIQUES-ET-CULTURE-DU-COEUR-724x1024.jpg 724w, https:\/\/csc-grande-bastide.com\/wp-content\/uploads\/2024\/09\/CONSEILS-JURIDIQUES-ET-CULTURE-DU-COEUR-212x300.jpg 212w, https:\/\/csc-grande-bastide.com\/wp-content\/uploads\/2024\/09\/CONSEILS-JURIDIQUES-ET-CULTURE-DU-COEUR-768x1086.jpg 768w, https:\/\/csc-grande-bastide.com\/wp-content\/uploads\/2024\/09\/CONSEILS-JURIDIQUES-ET-CULTURE-DU-COEUR-1086x1536.jpg 1086w, https:\/\/csc-grande-bastide.com\/wp-content\/uploads\/2024\/09\/CONSEILS-JURIDIQUES-ET-CULTURE-DU-COEUR-600x849.jpg 600w, https:\/\/csc-grande-bastide.com\/wp-content\/uploads\/2024\/09\/CONSEILS-JURIDIQUES-ET-CULTURE-DU-COEUR.jpg 1414w\" sizes=\"(max-width: 724px) 100vw, 724px\" \/><\/figure>\n<\/div>","protected":false},"excerpt":{"rendered":"<p>Le Centre Social et Culturel \u00ab\u00a0La Grande Bastide\u00a0\u00bb vous propose des conseils juridiques gratuits en partenariat avec Ma\u00eetre BUONOMANO Lauriane, avocate au barreau d\u2019Aix-en-Provence. Possibilit\u00e9 d\u2019aide juridictionnelle en cas de proc\u00e9dure, de m\u00e9diation familiale etc&#8230; N&rsquo;h\u00e9sitez pas \u00e0 faire votre demande de rendez-vous aupr\u00e8s de l&rsquo;accueil au 04.42.26.34.46.<\/p>\n","protected":false},"author":9,"featured_media":0,"parent":0,"menu_order":0,"comment_status":"closed","ping_status":"closed","template":"","meta":{"footnotes":""},"class_list":["post-14861","page","type-page","status-publish","hentry"],"yoast_head":"<!-- This site is optimized with the Yoast SEO plugin v27.4 - https:\/\/yoast.com\/product\/yoast-seo-wordpress\/ -->\n<title>Conseils Juridiques - &quot;La Grande Bastide&quot;<\/title>\n<meta name=\"robots\" content=\"index, follow, max-snippet:-1, max-image-preview:large, max-video-preview:-1\" \/>\n<link rel=\"canonical\" href=\"https:\/\/csc-grande-bastide.com\/index.php\/conseils-juridiques\/\" \/>\n<meta property=\"og:locale\" content=\"fr_FR\" \/>\n<meta property=\"og:type\" content=\"article\" \/>\n<meta property=\"og:title\" content=\"Conseils Juridiques - &quot;La Grande Bastide&quot;\" \/>\n<meta property=\"og:description\" content=\"Le Centre Social et Culturel \u00ab\u00a0La Grande Bastide\u00a0\u00bb vous propose des conseils juridiques gratuits en partenariat avec Ma\u00eetre BUONOMANO Lauriane, avocate au barreau d\u2019Aix-en-Provence. Possibilit\u00e9 d\u2019aide juridictionnelle en cas de proc\u00e9dure, de m\u00e9diation familiale etc&#8230; N&rsquo;h\u00e9sitez pas \u00e0 faire votre demande de rendez-vous aupr\u00e8s de l&rsquo;accueil au 04.42.26.34.46.\" \/>\n<meta property=\"og:url\" content=\"https:\/\/csc-grande-bastide.com\/index.php\/conseils-juridiques\/\" \/>\n<meta property=\"og:site_name\" content=\"&quot;La Grande Bastide&quot;\" \/>\n<meta property=\"article:modified_time\" content=\"2024-09-02T10:05:00+00:00\" \/>\n<meta property=\"og:image\" content=\"https:\/\/csc-grande-bastide.com\/wp-content\/uploads\/2024\/09\/CONSEILS-JURIDIQUES-ET-CULTURE-DU-COEUR-724x1024.jpg\" \/>\n<meta name=\"twitter:card\" content=\"summary_large_image\" \/>\n<meta name=\"twitter:label1\" content=\"Dur\u00e9e de lecture estim\u00e9e\" \/>\n\t<meta name=\"twitter:data1\" content=\"1 minute\" \/>\n<script type=\"application\/ld+json\" class=\"yoast-schema-graph\">{\"@context\":\"https:\\\/\\\/schema.org\",\"@graph\":[{\"@type\":\"WebPage\",\"@id\":\"https:\\\/\\\/csc-grande-bastide.com\\\/index.php\\\/conseils-juridiques\\\/\",\"url\":\"https:\\\/\\\/csc-grande-bastide.com\\\/index.php\\\/conseils-juridiques\\\/\",\"name\":\"Conseils Juridiques - &quot;La Grande Bastide&quot;\",\"isPartOf\":{\"@id\":\"https:\\\/\\\/csc-grande-bastide.com\\\/#website\"},\"primaryImageOfPage\":{\"@id\":\"https:\\\/\\\/csc-grande-bastide.com\\\/index.php\\\/conseils-juridiques\\\/#primaryimage\"},\"image\":{\"@id\":\"https:\\\/\\\/csc-grande-bastide.com\\\/index.php\\\/conseils-juridiques\\\/#primaryimage\"},\"thumbnailUrl\":\"https:\\\/\\\/csc-grande-bastide.com\\\/wp-content\\\/uploads\\\/2024\\\/09\\\/CONSEILS-JURIDIQUES-ET-CULTURE-DU-COEUR-724x1024.jpg\",\"datePublished\":\"2024-09-02T10:03:51+00:00\",\"dateModified\":\"2024-09-02T10:05:00+00:00\",\"breadcrumb\":{\"@id\":\"https:\\\/\\\/csc-grande-bastide.com\\\/index.php\\\/conseils-juridiques\\\/#breadcrumb\"},\"inLanguage\":\"fr-FR\",\"potentialAction\":[{\"@type\":\"ReadAction\",\"target\":[\"https:\\\/\\\/csc-grande-bastide.com\\\/index.php\\\/conseils-juridiques\\\/\"]}]},{\"@type\":\"ImageObject\",\"inLanguage\":\"fr-FR\",\"@id\":\"https:\\\/\\\/csc-grande-bastide.com\\\/index.php\\\/conseils-juridiques\\\/#primaryimage\",\"url\":\"https:\\\/\\\/csc-grande-bastide.com\\\/wp-content\\\/uploads\\\/2024\\\/09\\\/CONSEILS-JURIDIQUES-ET-CULTURE-DU-COEUR.jpg\",\"contentUrl\":\"https:\\\/\\\/csc-grande-bastide.com\\\/wp-content\\\/uploads\\\/2024\\\/09\\\/CONSEILS-JURIDIQUES-ET-CULTURE-DU-COEUR.jpg\",\"width\":1414,\"height\":2000},{\"@type\":\"BreadcrumbList\",\"@id\":\"https:\\\/\\\/csc-grande-bastide.com\\\/index.php\\\/conseils-juridiques\\\/#breadcrumb\",\"itemListElement\":[{\"@type\":\"ListItem\",\"position\":1,\"name\":\"Accueil\",\"item\":\"https:\\\/\\\/csc-grande-bastide.com\\\/\"},{\"@type\":\"ListItem\",\"position\":2,\"name\":\"Conseils Juridiques\"}]},{\"@type\":\"WebSite\",\"@id\":\"https:\\\/\\\/csc-grande-bastide.com\\\/#website\",\"url\":\"https:\\\/\\\/csc-grande-bastide.com\\\/\",\"name\":\"&quot;La Grande Bastide&quot;\",\"description\":\"Centre Social et Culturel \u00e0 Aix-en-Provence\",\"publisher\":{\"@id\":\"https:\\\/\\\/csc-grande-bastide.com\\\/#organization\"},\"potentialAction\":[{\"@type\":\"SearchAction\",\"target\":{\"@type\":\"EntryPoint\",\"urlTemplate\":\"https:\\\/\\\/csc-grande-bastide.com\\\/?s={search_term_string}\"},\"query-input\":{\"@type\":\"PropertyValueSpecification\",\"valueRequired\":true,\"valueName\":\"search_term_string\"}}],\"inLanguage\":\"fr-FR\"},{\"@type\":\"Organization\",\"@id\":\"https:\\\/\\\/csc-grande-bastide.com\\\/#organization\",\"name\":\"&quot;La Grande Bastide&quot;\",\"url\":\"https:\\\/\\\/csc-grande-bastide.com\\\/\",\"logo\":{\"@type\":\"ImageObject\",\"inLanguage\":\"fr-FR\",\"@id\":\"https:\\\/\\\/csc-grande-bastide.com\\\/#\\\/schema\\\/logo\\\/image\\\/\",\"url\":\"https:\\\/\\\/csc-grande-bastide.com\\\/wp-content\\\/uploads\\\/2023\\\/07\\\/cropped-Colorful-Books-Faux-OrganicAbstract-Media-Lifestyle-11-Static-Feed-Ad-1.png\",\"contentUrl\":\"https:\\\/\\\/csc-grande-bastide.com\\\/wp-content\\\/uploads\\\/2023\\\/07\\\/cropped-Colorful-Books-Faux-OrganicAbstract-Media-Lifestyle-11-Static-Feed-Ad-1.png\",\"width\":1079,\"height\":1079,\"caption\":\"&quot;La Grande Bastide&quot;\"},\"image\":{\"@id\":\"https:\\\/\\\/csc-grande-bastide.com\\\/#\\\/schema\\\/logo\\\/image\\\/\"}}]}<\/script>\n<!-- \/ Yoast SEO plugin. -->","yoast_head_json":{"title":"Conseils Juridiques - &quot;La Grande Bastide&quot;","robots":{"index":"index","follow":"follow","max-snippet":"max-snippet:-1","max-image-preview":"max-image-preview:large","max-video-preview":"max-video-preview:-1"},"canonical":"https:\/\/csc-grande-bastide.com\/index.php\/conseils-juridiques\/","og_locale":"fr_FR","og_type":"article","og_title":"Conseils Juridiques - &quot;La Grande Bastide&quot;","og_description":"Le Centre Social et Culturel \u00ab\u00a0La Grande Bastide\u00a0\u00bb vous propose des conseils juridiques gratuits en partenariat avec Ma\u00eetre BUONOMANO Lauriane, avocate au barreau d\u2019Aix-en-Provence. Possibilit\u00e9 d\u2019aide juridictionnelle en cas de proc\u00e9dure, de m\u00e9diation familiale etc&#8230; N&rsquo;h\u00e9sitez pas \u00e0 faire votre demande de rendez-vous aupr\u00e8s de l&rsquo;accueil au 04.42.26.34.46.","og_url":"https:\/\/csc-grande-bastide.com\/index.php\/conseils-juridiques\/","og_site_name":"&quot;La Grande Bastide&quot;","article_modified_time":"2024-09-02T10:05:00+00:00","og_image":[{"url":"https:\/\/csc-grande-bastide.com\/wp-content\/uploads\/2024\/09\/CONSEILS-JURIDIQUES-ET-CULTURE-DU-COEUR-724x1024.jpg","type":"","width":"","height":""}],"twitter_card":"summary_large_image","twitter_misc":{"Dur\u00e9e de lecture estim\u00e9e":"1 minute"},"schema":{"@context":"https:\/\/schema.org","@graph":[{"@type":"WebPage","@id":"https:\/\/csc-grande-bastide.com\/index.php\/conseils-juridiques\/","url":"https:\/\/csc-grande-bastide.com\/index.php\/conseils-juridiques\/","name":"Conseils Juridiques - &quot;La Grande Bastide&quot;","isPartOf":{"@id":"https:\/\/csc-grande-bastide.com\/#website"},"primaryImageOfPage":{"@id":"https:\/\/csc-grande-bastide.com\/index.php\/conseils-juridiques\/#primaryimage"},"image":{"@id":"https:\/\/csc-grande-bastide.com\/index.php\/conseils-juridiques\/#primaryimage"},"thumbnailUrl":"https:\/\/csc-grande-bastide.com\/wp-content\/uploads\/2024\/09\/CONSEILS-JURIDIQUES-ET-CULTURE-DU-COEUR-724x1024.jpg","datePublished":"2024-09-02T10:03:51+00:00","dateModified":"2024-09-02T10:05:00+00:00","breadcrumb":{"@id":"https:\/\/csc-grande-bastide.com\/index.php\/conseils-juridiques\/#breadcrumb"},"inLanguage":"fr-FR","potentialAction":[{"@type":"ReadAction","target":["https:\/\/csc-grande-bastide.com\/index.php\/conseils-juridiques\/"]}]},{"@type":"ImageObject","inLanguage":"fr-FR","@id":"https:\/\/csc-grande-bastide.com\/index.php\/conseils-juridiques\/#primaryimage","url":"https:\/\/csc-grande-bastide.com\/wp-content\/uploads\/2024\/09\/CONSEILS-JURIDIQUES-ET-CULTURE-DU-COEUR.jpg","contentUrl":"https:\/\/csc-grande-bastide.com\/wp-content\/uploads\/2024\/09\/CONSEILS-JURIDIQUES-ET-CULTURE-DU-COEUR.jpg","width":1414,"height":2000},{"@type":"BreadcrumbList","@id":"https:\/\/csc-grande-bastide.com\/index.php\/conseils-juridiques\/#breadcrumb","itemListElement":[{"@type":"ListItem","position":1,"name":"Accueil","item":"https:\/\/csc-grande-bastide.com\/"},{"@type":"ListItem","position":2,"name":"Conseils Juridiques"}]},{"@type":"WebSite","@id":"https:\/\/csc-grande-bastide.com\/#website","url":"https:\/\/csc-grande-bastide.com\/","name":"&quot;La Grande Bastide&quot;","description":"Centre Social et Culturel \u00e0 Aix-en-Provence","publisher":{"@id":"https:\/\/csc-grande-bastide.com\/#organization"},"potentialAction":[{"@type":"SearchAction","target":{"@type":"EntryPoint","urlTemplate":"https:\/\/csc-grande-bastide.com\/?s={search_term_string}"},"query-input":{"@type":"PropertyValueSpecification","valueRequired":true,"valueName":"search_term_string"}}],"inLanguage":"fr-FR"},{"@type":"Organization","@id":"https:\/\/csc-grande-bastide.com\/#organization","name":"&quot;La Grande Bastide&quot;","url":"https:\/\/csc-grande-bastide.com\/","logo":{"@type":"ImageObject","inLanguage":"fr-FR","@id":"https:\/\/csc-grande-bastide.com\/#\/schema\/logo\/image\/","url":"https:\/\/csc-grande-bastide.com\/wp-content\/uploads\/2023\/07\/cropped-Colorful-Books-Faux-OrganicAbstract-Media-Lifestyle-11-Static-Feed-Ad-1.png","contentUrl":"https:\/\/csc-grande-bastide.com\/wp-content\/uploads\/2023\/07\/cropped-Colorful-Books-Faux-OrganicAbstract-Media-Lifestyle-11-Static-Feed-Ad-1.png","width":1079,"height":1079,"caption":"&quot;La Grande Bastide&quot;"},"image":{"@id":"https:\/\/csc-grande-bastide.com\/#\/schema\/logo\/image\/"}}]}},"jetpack_sharing_enabled":true,"_links":{"self":[{"href":"https:\/\/csc-grande-bastide.com\/index.php\/wp-json\/wp\/v2\/pages\/14861","targetHints":{"allow":["GET"]}}],"collection":[{"href":"https:\/\/csc-grande-bastide.com\/index.php\/wp-json\/wp\/v2\/pages"}],"about":[{"href":"https:\/\/csc-grande-bastide.com\/index.php\/wp-json\/wp\/v2\/types\/page"}],"author":[{"embeddable":true,"href":"https:\/\/csc-grande-bastide.com\/index.php\/wp-json\/wp\/v2\/users\/9"}],"replies":[{"embeddable":true,"href":"https:\/\/csc-grande-bastide.com\/index.php\/wp-json\/wp\/v2\/comments?post=14861"}],"version-history":[{"count":2,"href":"https:\/\/csc-grande-bastide.com\/index.php\/wp-json\/wp\/v2\/pages\/14861\/revisions"}],"predecessor-version":[{"id":14865,"href":"https:\/\/csc-grande-bastide.com\/index.php\/wp-json\/wp\/v2\/pages\/14861\/revisions\/14865"}],"wp:attachment":[{"href":"https:\/\/csc-grande-bastide.com\/index.php\/wp-json\/wp\/v2\/media?parent=14861"}],"curies":[{"name":"wp","href":"https:\/\/api.w.org\/{rel}","templated":true}]}}