{"id":20547,"date":"2026-01-29T14:43:44","date_gmt":"2026-01-29T13:43:44","guid":{"rendered":"https:\/\/csc-grande-bastide.com\/?page_id=20547"},"modified":"2026-02-03T16:27:34","modified_gmt":"2026-02-03T15:27:34","slug":"acces-a-la-culture","status":"publish","type":"page","link":"https:\/\/csc-grande-bastide.com\/index.php\/acces-a-la-culture\/","title":{"rendered":"Acc\u00e8s \u00e0 la culture"},"content":{"rendered":"\n<h1 class=\"wp-block-heading has-text-align-center has-large-font-size\"><strong><mark style=\"background-color:rgba(0, 0, 0, 0);color:#7d0000\" class=\"has-inline-color\">1. Spectacles adultes et familles au Grand Th\u00e9\u00e2tre de Provence &amp; Th\u00e9\u00e2tre du Jeu de Paume&nbsp;<br><\/mark><\/strong><\/h1>\n\n\n\n<p class=\"has-text-align-center has-medium-font-size\"><strong><mark style=\"background-color:rgba(0, 0, 0, 0);color:#000000\" class=\"has-inline-color\">Profitez de places \u00e0 tarif r\u00e9duit \u00e0 9\u20ac !<\/mark><\/strong><br><em><strong><mark style=\"background-color:rgba(0, 0, 0, 0);color:#006695\" class=\"has-inline-color\">D\u00e9couvrez la programmation culturelle du moment en bas de cette page.<\/mark><\/strong><\/em><\/p>\n\n\n\n<h2 class=\"wp-block-heading has-text-align-center has-medium-font-size\"><strong><mark style=\"background-color:rgba(0, 0, 0, 0);color:#ae0000\" class=\"has-inline-color\">Comment en b\u00e9n\u00e9ficier ?<\/mark><\/strong><\/h2>\n\n\n\n<p class=\"has-text-align-center has-medium-font-size\"><mark style=\"background-color:rgba(0, 0, 0, 0);color:#000000\" class=\"has-inline-color\">Devenez adh\u00e9rent(e) au Centre Social et Culturel La Grande Bastide<br>Payez la cotisation&nbsp;(calcul\u00e9e selon votre quotient familial ou niveau d&rsquo;imposition)<br>R\u00e9servez au moins 3 spectacles dans l\u2019ann\u00e9e \u00e0 tarif r\u00e9duit<br>Posez des options pour d\u2019autres spectacles (si des places sont disponibles)<br>Retirez vos places directement \u00e0 la billetterie du Grand Th\u00e9\u00e2tre de Provence<br>Ouverte du mardi au samedi, de 13h \u00e0 18h<br>Pour toutes questions ou r\u00e9servations, contactez le 06 33 20 52 07 ou le 04 42 26 34 46.<\/mark><\/p>\n\n\n\n<p class=\"has-text-align-center\"><strong><mark style=\"background-color:rgba(0, 0, 0, 0);color:#020000\" class=\"has-inline-color\">Vivez la culture \u00e0 prix r\u00e9duit !<\/mark><\/strong><\/p>\n\n\n<div class=\"wp-block-image\">\n<figure class=\"aligncenter size-large is-resized\"><img fetchpriority=\"high\" decoding=\"async\" width=\"1024\" height=\"682\" src=\"https:\/\/csc-grande-bastide.com\/wp-content\/uploads\/2026\/02\/les-theatres-grand-theatre-de-provence-c-dr-vue-d-en-hautjpg-1024x682.jpg\" alt=\"\" class=\"wp-image-20587\" style=\"width:411px;height:auto\" srcset=\"https:\/\/csc-grande-bastide.com\/wp-content\/uploads\/2026\/02\/les-theatres-grand-theatre-de-provence-c-dr-vue-d-en-hautjpg-1024x682.jpg 1024w, https:\/\/csc-grande-bastide.com\/wp-content\/uploads\/2026\/02\/les-theatres-grand-theatre-de-provence-c-dr-vue-d-en-hautjpg-300x200.jpg 300w, https:\/\/csc-grande-bastide.com\/wp-content\/uploads\/2026\/02\/les-theatres-grand-theatre-de-provence-c-dr-vue-d-en-hautjpg-768x512.jpg 768w, https:\/\/csc-grande-bastide.com\/wp-content\/uploads\/2026\/02\/les-theatres-grand-theatre-de-provence-c-dr-vue-d-en-hautjpg-600x400.jpg 600w, https:\/\/csc-grande-bastide.com\/wp-content\/uploads\/2026\/02\/les-theatres-grand-theatre-de-provence-c-dr-vue-d-en-hautjpg.jpg 1280w\" sizes=\"(max-width: 1024px) 100vw, 1024px\" \/><\/figure>\n<\/div>\n\n\n<h2 class=\"wp-block-heading has-text-align-center has-large-font-size\"><strong><mark style=\"background-color:rgba(0, 0, 0, 0);color:#9f0000\" class=\"has-inline-color\">2. Cultures du C\u0153ur : Places&nbsp;gratuites pour vos sorties culturelles !<br><\/mark><\/strong><\/h2>\n\n\n\n<p class=\"has-text-align-center has-medium-font-size\"><mark style=\"background-color:rgba(0, 0, 0, 0);color:#010000\" class=\"has-inline-color\">Profitez d\u2019acc\u00e8s gratuits aux mus\u00e9es, expositions, ateliers pour enfants, th\u00e9\u00e2tre, ballet, sorties en famille, et plus encore.<\/mark><\/p>\n\n\n\n<p class=\"has-text-align-center has-medium-font-size\"><strong><mark style=\"background-color:rgba(0, 0, 0, 0);color:#af0000\" class=\"has-inline-color\">Comment faire ?<br><\/mark><\/strong><mark style=\"background-color:rgba(0, 0, 0, 0);color:#000000\" class=\"has-inline-color\">&gt; \u00catre adh\u00e9rent(e) du Centre Social (si ce n\u2019est pas d\u00e9j\u00e0 fait, contactez nous pour Y adh\u00e9rer)<br>&gt; Rendez-vous sur :&nbsp;<a href=\"http:\/\/culturesducoeur.org\/\" target=\"_blank\" rel=\"noreferrer noopener\">culturesducoeur.org<\/a><\/mark><br><mark style=\"background-color:rgba(0, 0, 0, 0);color:#010000\" class=\"has-inline-color\">&gt; Cliquez sur \u00ab\u00a0SORTIES\u00a0\u00bb<br>&gt; S\u00e9lectionnez votre d\u00e9partement<br>&gt; Faites d\u00e9filer la page pour acc\u00e9der \u00e0 L&rsquo;AGENDA CULTUREL<br>&gt; Choisissez votre activit\u00e9 pr\u00e9f\u00e9r\u00e9e<\/mark><br><mark style=\"background-color:rgba(0, 0, 0, 0);color:#000000\" class=\"has-inline-color\">&gt; Contactez Annick THIAR, responsable culturelle du centre social, pour obtenir vos contremarques (places gratuites)<br><em><strong>Pour toutes questions ou r\u00e9servations, contactez le 06 33 20 52 07 ou le 04 42 26 34 46.<\/strong><\/em><\/mark><\/p>\n\n\n<div class=\"wp-block-image\">\n<figure class=\"aligncenter size-large is-resized\"><img decoding=\"async\" width=\"1024\" height=\"258\" src=\"https:\/\/csc-grande-bastide.com\/wp-content\/uploads\/2026\/02\/cropped-logo_reseau_transparent-e1550846760808-1-1024x258.png\" alt=\"\" class=\"wp-image-20589\" style=\"aspect-ratio:3.969100206723969;width:350px;height:auto\" srcset=\"https:\/\/csc-grande-bastide.com\/wp-content\/uploads\/2026\/02\/cropped-logo_reseau_transparent-e1550846760808-1-1024x258.png 1024w, https:\/\/csc-grande-bastide.com\/wp-content\/uploads\/2026\/02\/cropped-logo_reseau_transparent-e1550846760808-1-300x76.png 300w, https:\/\/csc-grande-bastide.com\/wp-content\/uploads\/2026\/02\/cropped-logo_reseau_transparent-e1550846760808-1-768x194.png 768w, https:\/\/csc-grande-bastide.com\/wp-content\/uploads\/2026\/02\/cropped-logo_reseau_transparent-e1550846760808-1-600x151.png 600w, https:\/\/csc-grande-bastide.com\/wp-content\/uploads\/2026\/02\/cropped-logo_reseau_transparent-e1550846760808-1.png 1154w\" sizes=\"(max-width: 1024px) 100vw, 1024px\" \/><\/figure>\n<\/div>\n\n\n<h3 class=\"wp-block-heading has-text-align-center has-large-font-size\"><strong><mark style=\"background-color:rgba(0, 0, 0, 0);color:#b30000\" class=\"has-inline-color\">3. Permanences culturelles au centre social La Grande Bastide<\/mark><\/strong><\/h3>\n\n\n\n<p class=\"has-text-align-center has-medium-font-size\"><em><strong><mark style=\"background-color:rgba(0, 0, 0, 0)\" class=\"has-inline-color has-colibri-color-2-color\">Des permanences culturelles sont organis\u00e9es<\/mark><\/strong><\/em><br><em><strong><mark style=\"background-color:rgba(0, 0, 0, 0)\" class=\"has-inline-color has-colibri-color-2-color\">tous les premiers mercredis du mois de 11h \u00e0 12h30 au centre social La Grande Bastide.<\/mark><\/strong><\/em><\/p>\n\n\n\n<p class=\"has-text-align-center has-medium-font-size\"><mark style=\"background-color:rgba(0, 0, 0, 0);color:#010000\" class=\"has-inline-color\"><strong>Au programme :<br><\/strong>Pr\u00e9sentation des sorties culturelles propos\u00e9es par Cultures du C\u0153ur, le GTP, et le Th\u00e9\u00e2tre du Jeu de Paume.<br>\u00c9changes sur la culture en g\u00e9n\u00e9ral.<br>Partage de coups de c\u0153ur pour les expositions, spectacles, ou \u00e9v\u00e9nements culturels qui ont lieu \u00e0 Aix-en-Provence et dans ses environs.<br>C\u2019est un moment convivial o\u00f9 chacun peut prendre la parole, partager ses id\u00e9es, ses envies et d\u00e9couvrir de nouvelles activit\u00e9s culturelles.<\/mark><\/p>\n\n\n\n<div class=\"wp-block-jetpack-slideshow aligncenter\" data-effect=\"slide\" style=\"--aspect-ratio:calc(724 \/ 1024)\"><div class=\"wp-block-jetpack-slideshow_container swiper\"><ul class=\"wp-block-jetpack-slideshow_swiper-wrapper swiper-wrapper\"><li class=\"wp-block-jetpack-slideshow_slide swiper-slide\"><figure><img decoding=\"async\" width=\"724\" height=\"1024\" alt=\"\" class=\"wp-block-jetpack-slideshow_image wp-image-20599\" data-id=\"20599\" data-aspect-ratio=\"724 \/ 1024\" src=\"https:\/\/csc-grande-bastide.com\/wp-content\/uploads\/2026\/02\/1-724x1024.png\" srcset=\"https:\/\/csc-grande-bastide.com\/wp-content\/uploads\/2026\/02\/1-724x1024.png 724w, https:\/\/csc-grande-bastide.com\/wp-content\/uploads\/2026\/02\/1-212x300.png 212w, https:\/\/csc-grande-bastide.com\/wp-content\/uploads\/2026\/02\/1-768x1086.png 768w, https:\/\/csc-grande-bastide.com\/wp-content\/uploads\/2026\/02\/1-1086x1536.png 1086w, https:\/\/csc-grande-bastide.com\/wp-content\/uploads\/2026\/02\/1.png 1414w\" sizes=\"(max-width: 724px) 100vw, 724px\" \/><\/figure><\/li><li class=\"wp-block-jetpack-slideshow_slide swiper-slide\"><figure><img loading=\"lazy\" decoding=\"async\" width=\"724\" height=\"1024\" alt=\"\" class=\"wp-block-jetpack-slideshow_image wp-image-20594\" data-id=\"20594\" data-aspect-ratio=\"724 \/ 1024\" src=\"https:\/\/csc-grande-bastide.com\/wp-content\/uploads\/2026\/02\/2-724x1024.png\" srcset=\"https:\/\/csc-grande-bastide.com\/wp-content\/uploads\/2026\/02\/2-724x1024.png 724w, https:\/\/csc-grande-bastide.com\/wp-content\/uploads\/2026\/02\/2-212x300.png 212w, https:\/\/csc-grande-bastide.com\/wp-content\/uploads\/2026\/02\/2-768x1086.png 768w, https:\/\/csc-grande-bastide.com\/wp-content\/uploads\/2026\/02\/2-1086x1536.png 1086w, https:\/\/csc-grande-bastide.com\/wp-content\/uploads\/2026\/02\/2.png 1414w\" sizes=\"(max-width: 724px) 100vw, 724px\" \/><\/figure><\/li><li class=\"wp-block-jetpack-slideshow_slide swiper-slide\"><figure><img loading=\"lazy\" decoding=\"async\" width=\"724\" height=\"1024\" alt=\"\" class=\"wp-block-jetpack-slideshow_image wp-image-20596\" data-id=\"20596\" data-aspect-ratio=\"724 \/ 1024\" src=\"https:\/\/csc-grande-bastide.com\/wp-content\/uploads\/2026\/02\/3-724x1024.png\" srcset=\"https:\/\/csc-grande-bastide.com\/wp-content\/uploads\/2026\/02\/3-724x1024.png 724w, https:\/\/csc-grande-bastide.com\/wp-content\/uploads\/2026\/02\/3-212x300.png 212w, https:\/\/csc-grande-bastide.com\/wp-content\/uploads\/2026\/02\/3-768x1086.png 768w, https:\/\/csc-grande-bastide.com\/wp-content\/uploads\/2026\/02\/3.png 1414w\" sizes=\"(max-width: 724px) 100vw, 724px\" \/><\/figure><\/li><li class=\"wp-block-jetpack-slideshow_slide swiper-slide\"><figure><img loading=\"lazy\" decoding=\"async\" width=\"1414\" height=\"2000\" alt=\"\" class=\"wp-block-jetpack-slideshow_image wp-image-20595\" data-id=\"20595\" data-aspect-ratio=\"724 \/ 1024\" src=\"https:\/\/csc-grande-bastide.com\/wp-content\/uploads\/2026\/02\/4-724x1024.png\" srcset=\"https:\/\/csc-grande-bastide.com\/wp-content\/uploads\/2026\/02\/4-724x1024.png 724w, https:\/\/csc-grande-bastide.com\/wp-content\/uploads\/2026\/02\/4-212x300.png 212w, https:\/\/csc-grande-bastide.com\/wp-content\/uploads\/2026\/02\/4-768x1086.png 768w, https:\/\/csc-grande-bastide.com\/wp-content\/uploads\/2026\/02\/4.png 1414w\" sizes=\"(max-width: 1414px) 100vw, 1414px\" \/><\/figure><\/li><li class=\"wp-block-jetpack-slideshow_slide swiper-slide\"><figure><img loading=\"lazy\" decoding=\"async\" width=\"724\" height=\"1024\" alt=\"\" class=\"wp-block-jetpack-slideshow_image wp-image-20597\" data-id=\"20597\" data-aspect-ratio=\"724 \/ 1024\" src=\"https:\/\/csc-grande-bastide.com\/wp-content\/uploads\/2026\/02\/5-724x1024.png\" srcset=\"https:\/\/csc-grande-bastide.com\/wp-content\/uploads\/2026\/02\/5-724x1024.png 724w, https:\/\/csc-grande-bastide.com\/wp-content\/uploads\/2026\/02\/5-212x300.png 212w, https:\/\/csc-grande-bastide.com\/wp-content\/uploads\/2026\/02\/5-768x1086.png 768w, https:\/\/csc-grande-bastide.com\/wp-content\/uploads\/2026\/02\/5-1086x1536.png 1086w, https:\/\/csc-grande-bastide.com\/wp-content\/uploads\/2026\/02\/5.png 1414w\" sizes=\"(max-width: 724px) 100vw, 724px\" \/><\/figure><\/li><li class=\"wp-block-jetpack-slideshow_slide swiper-slide\"><figure><img loading=\"lazy\" decoding=\"async\" width=\"724\" height=\"1024\" alt=\"\" class=\"wp-block-jetpack-slideshow_image wp-image-20598\" data-id=\"20598\" data-aspect-ratio=\"724 \/ 1024\" src=\"https:\/\/csc-grande-bastide.com\/wp-content\/uploads\/2026\/02\/6-724x1024.png\" srcset=\"https:\/\/csc-grande-bastide.com\/wp-content\/uploads\/2026\/02\/6-724x1024.png 724w, https:\/\/csc-grande-bastide.com\/wp-content\/uploads\/2026\/02\/6-212x300.png 212w, https:\/\/csc-grande-bastide.com\/wp-content\/uploads\/2026\/02\/6-768x1086.png 768w, https:\/\/csc-grande-bastide.com\/wp-content\/uploads\/2026\/02\/6-1086x1536.png 1086w, https:\/\/csc-grande-bastide.com\/wp-content\/uploads\/2026\/02\/6-600x849.png 600w, https:\/\/csc-grande-bastide.com\/wp-content\/uploads\/2026\/02\/6.png 1414w\" sizes=\"(max-width: 724px) 100vw, 724px\" \/><\/figure><\/li><li class=\"wp-block-jetpack-slideshow_slide swiper-slide\"><figure><img loading=\"lazy\" decoding=\"async\" width=\"724\" height=\"1024\" alt=\"\" class=\"wp-block-jetpack-slideshow_image wp-image-20593\" data-id=\"20593\" data-aspect-ratio=\"724 \/ 1024\" src=\"https:\/\/csc-grande-bastide.com\/wp-content\/uploads\/2026\/02\/8-724x1024.png\" srcset=\"https:\/\/csc-grande-bastide.com\/wp-content\/uploads\/2026\/02\/8-724x1024.png 724w, https:\/\/csc-grande-bastide.com\/wp-content\/uploads\/2026\/02\/8-212x300.png 212w, https:\/\/csc-grande-bastide.com\/wp-content\/uploads\/2026\/02\/8-768x1086.png 768w, https:\/\/csc-grande-bastide.com\/wp-content\/uploads\/2026\/02\/8-1086x1536.png 1086w, https:\/\/csc-grande-bastide.com\/wp-content\/uploads\/2026\/02\/8-600x849.png 600w, https:\/\/csc-grande-bastide.com\/wp-content\/uploads\/2026\/02\/8.png 1414w\" sizes=\"(max-width: 724px) 100vw, 724px\" \/><\/figure><\/li><\/ul><a class=\"wp-block-jetpack-slideshow_button-prev swiper-button-prev swiper-button-white\" role=\"button\"><\/a><a class=\"wp-block-jetpack-slideshow_button-next swiper-button-next swiper-button-white\" role=\"button\"><\/a><a aria-label=\"Pause Slideshow\" class=\"wp-block-jetpack-slideshow_button-pause\" role=\"button\"><\/a><div class=\"wp-block-jetpack-slideshow_pagination swiper-pagination swiper-pagination-white\"><\/div><\/div><\/div>\n","protected":false},"excerpt":{"rendered":"<p>1. Spectacles adultes et familles au Grand Th\u00e9\u00e2tre de Provence &amp; Th\u00e9\u00e2tre du Jeu de Paume&nbsp; Profitez de places \u00e0 tarif r\u00e9duit \u00e0 9\u20ac !D\u00e9couvrez la programmation culturelle du moment en bas de cette page. Comment en b\u00e9n\u00e9ficier ? Devenez adh\u00e9rent(e) au Centre Social et Culturel La Grande BastidePayez la cotisation&nbsp;(calcul\u00e9e selon votre quotient familial [&hellip;]<\/p>\n","protected":false},"author":9,"featured_media":0,"parent":0,"menu_order":0,"comment_status":"closed","ping_status":"closed","template":"","meta":{"footnotes":""},"class_list":["post-20547","page","type-page","status-publish","hentry"],"yoast_head":"<!-- This site is optimized with the Yoast SEO plugin v27.4 - https:\/\/yoast.com\/product\/yoast-seo-wordpress\/ -->\n<title>Acc\u00e8s \u00e0 la culture - &quot;La Grande Bastide&quot;<\/title>\n<meta name=\"robots\" content=\"index, follow, max-snippet:-1, max-image-preview:large, max-video-preview:-1\" \/>\n<link rel=\"canonical\" href=\"https:\/\/csc-grande-bastide.com\/index.php\/acces-a-la-culture\/\" \/>\n<meta property=\"og:locale\" content=\"fr_FR\" \/>\n<meta property=\"og:type\" content=\"article\" \/>\n<meta property=\"og:title\" content=\"Acc\u00e8s \u00e0 la culture - &quot;La Grande Bastide&quot;\" \/>\n<meta property=\"og:description\" content=\"1. Spectacles adultes et familles au Grand Th\u00e9\u00e2tre de Provence &amp; Th\u00e9\u00e2tre du Jeu de Paume&nbsp; Profitez de places \u00e0 tarif r\u00e9duit \u00e0 9\u20ac !D\u00e9couvrez la programmation culturelle du moment en bas de cette page. Comment en b\u00e9n\u00e9ficier ? Devenez adh\u00e9rent(e) au Centre Social et Culturel La Grande BastidePayez la cotisation&nbsp;(calcul\u00e9e selon votre quotient familial [&hellip;]\" \/>\n<meta property=\"og:url\" content=\"https:\/\/csc-grande-bastide.com\/index.php\/acces-a-la-culture\/\" \/>\n<meta property=\"og:site_name\" content=\"&quot;La Grande Bastide&quot;\" \/>\n<meta property=\"article:modified_time\" content=\"2026-02-03T15:27:34+00:00\" \/>\n<meta property=\"og:image\" content=\"https:\/\/csc-grande-bastide.com\/wp-content\/uploads\/2026\/02\/les-theatres-grand-theatre-de-provence-c-dr-vue-d-en-hautjpg.jpg\" \/>\n\t<meta property=\"og:image:width\" content=\"1280\" \/>\n\t<meta property=\"og:image:height\" content=\"853\" \/>\n\t<meta property=\"og:image:type\" content=\"image\/jpeg\" \/>\n<meta name=\"twitter:card\" content=\"summary_large_image\" \/>\n<meta name=\"twitter:label1\" content=\"Dur\u00e9e de lecture estim\u00e9e\" \/>\n\t<meta name=\"twitter:data1\" content=\"4 minutes\" \/>\n<script type=\"application\/ld+json\" class=\"yoast-schema-graph\">{\"@context\":\"https:\\\/\\\/schema.org\",\"@graph\":[{\"@type\":\"WebPage\",\"@id\":\"https:\\\/\\\/csc-grande-bastide.com\\\/index.php\\\/acces-a-la-culture\\\/\",\"url\":\"https:\\\/\\\/csc-grande-bastide.com\\\/index.php\\\/acces-a-la-culture\\\/\",\"name\":\"Acc\u00e8s \u00e0 la culture - &quot;La Grande Bastide&quot;\",\"isPartOf\":{\"@id\":\"https:\\\/\\\/csc-grande-bastide.com\\\/#website\"},\"primaryImageOfPage\":{\"@id\":\"https:\\\/\\\/csc-grande-bastide.com\\\/index.php\\\/acces-a-la-culture\\\/#primaryimage\"},\"image\":{\"@id\":\"https:\\\/\\\/csc-grande-bastide.com\\\/index.php\\\/acces-a-la-culture\\\/#primaryimage\"},\"thumbnailUrl\":\"https:\\\/\\\/csc-grande-bastide.com\\\/wp-content\\\/uploads\\\/2026\\\/02\\\/les-theatres-grand-theatre-de-provence-c-dr-vue-d-en-hautjpg-1024x682.jpg\",\"datePublished\":\"2026-01-29T13:43:44+00:00\",\"dateModified\":\"2026-02-03T15:27:34+00:00\",\"breadcrumb\":{\"@id\":\"https:\\\/\\\/csc-grande-bastide.com\\\/index.php\\\/acces-a-la-culture\\\/#breadcrumb\"},\"inLanguage\":\"fr-FR\",\"potentialAction\":[{\"@type\":\"ReadAction\",\"target\":[\"https:\\\/\\\/csc-grande-bastide.com\\\/index.php\\\/acces-a-la-culture\\\/\"]}]},{\"@type\":\"ImageObject\",\"inLanguage\":\"fr-FR\",\"@id\":\"https:\\\/\\\/csc-grande-bastide.com\\\/index.php\\\/acces-a-la-culture\\\/#primaryimage\",\"url\":\"https:\\\/\\\/csc-grande-bastide.com\\\/wp-content\\\/uploads\\\/2026\\\/02\\\/les-theatres-grand-theatre-de-provence-c-dr-vue-d-en-hautjpg.jpg\",\"contentUrl\":\"https:\\\/\\\/csc-grande-bastide.com\\\/wp-content\\\/uploads\\\/2026\\\/02\\\/les-theatres-grand-theatre-de-provence-c-dr-vue-d-en-hautjpg.jpg\",\"width\":1280,\"height\":853},{\"@type\":\"BreadcrumbList\",\"@id\":\"https:\\\/\\\/csc-grande-bastide.com\\\/index.php\\\/acces-a-la-culture\\\/#breadcrumb\",\"itemListElement\":[{\"@type\":\"ListItem\",\"position\":1,\"name\":\"Accueil\",\"item\":\"https:\\\/\\\/csc-grande-bastide.com\\\/\"},{\"@type\":\"ListItem\",\"position\":2,\"name\":\"Acc\u00e8s \u00e0 la culture\"}]},{\"@type\":\"WebSite\",\"@id\":\"https:\\\/\\\/csc-grande-bastide.com\\\/#website\",\"url\":\"https:\\\/\\\/csc-grande-bastide.com\\\/\",\"name\":\"&quot;La Grande Bastide&quot;\",\"description\":\"Centre Social et Culturel \u00e0 Aix-en-Provence\",\"publisher\":{\"@id\":\"https:\\\/\\\/csc-grande-bastide.com\\\/#organization\"},\"potentialAction\":[{\"@type\":\"SearchAction\",\"target\":{\"@type\":\"EntryPoint\",\"urlTemplate\":\"https:\\\/\\\/csc-grande-bastide.com\\\/?s={search_term_string}\"},\"query-input\":{\"@type\":\"PropertyValueSpecification\",\"valueRequired\":true,\"valueName\":\"search_term_string\"}}],\"inLanguage\":\"fr-FR\"},{\"@type\":\"Organization\",\"@id\":\"https:\\\/\\\/csc-grande-bastide.com\\\/#organization\",\"name\":\"&quot;La Grande Bastide&quot;\",\"url\":\"https:\\\/\\\/csc-grande-bastide.com\\\/\",\"logo\":{\"@type\":\"ImageObject\",\"inLanguage\":\"fr-FR\",\"@id\":\"https:\\\/\\\/csc-grande-bastide.com\\\/#\\\/schema\\\/logo\\\/image\\\/\",\"url\":\"https:\\\/\\\/csc-grande-bastide.com\\\/wp-content\\\/uploads\\\/2023\\\/07\\\/cropped-Colorful-Books-Faux-OrganicAbstract-Media-Lifestyle-11-Static-Feed-Ad-1.png\",\"contentUrl\":\"https:\\\/\\\/csc-grande-bastide.com\\\/wp-content\\\/uploads\\\/2023\\\/07\\\/cropped-Colorful-Books-Faux-OrganicAbstract-Media-Lifestyle-11-Static-Feed-Ad-1.png\",\"width\":1079,\"height\":1079,\"caption\":\"&quot;La Grande Bastide&quot;\"},\"image\":{\"@id\":\"https:\\\/\\\/csc-grande-bastide.com\\\/#\\\/schema\\\/logo\\\/image\\\/\"}}]}<\/script>\n<!-- \/ Yoast SEO plugin. -->","yoast_head_json":{"title":"Acc\u00e8s \u00e0 la culture - &quot;La Grande Bastide&quot;","robots":{"index":"index","follow":"follow","max-snippet":"max-snippet:-1","max-image-preview":"max-image-preview:large","max-video-preview":"max-video-preview:-1"},"canonical":"https:\/\/csc-grande-bastide.com\/index.php\/acces-a-la-culture\/","og_locale":"fr_FR","og_type":"article","og_title":"Acc\u00e8s \u00e0 la culture - &quot;La Grande Bastide&quot;","og_description":"1. Spectacles adultes et familles au Grand Th\u00e9\u00e2tre de Provence &amp; Th\u00e9\u00e2tre du Jeu de Paume&nbsp; Profitez de places \u00e0 tarif r\u00e9duit \u00e0 9\u20ac !D\u00e9couvrez la programmation culturelle du moment en bas de cette page. Comment en b\u00e9n\u00e9ficier ? Devenez adh\u00e9rent(e) au Centre Social et Culturel La Grande BastidePayez la cotisation&nbsp;(calcul\u00e9e selon votre quotient familial [&hellip;]","og_url":"https:\/\/csc-grande-bastide.com\/index.php\/acces-a-la-culture\/","og_site_name":"&quot;La Grande Bastide&quot;","article_modified_time":"2026-02-03T15:27:34+00:00","og_image":[{"width":1280,"height":853,"url":"https:\/\/csc-grande-bastide.com\/wp-content\/uploads\/2026\/02\/les-theatres-grand-theatre-de-provence-c-dr-vue-d-en-hautjpg.jpg","type":"image\/jpeg"}],"twitter_card":"summary_large_image","twitter_misc":{"Dur\u00e9e de lecture estim\u00e9e":"4 minutes"},"schema":{"@context":"https:\/\/schema.org","@graph":[{"@type":"WebPage","@id":"https:\/\/csc-grande-bastide.com\/index.php\/acces-a-la-culture\/","url":"https:\/\/csc-grande-bastide.com\/index.php\/acces-a-la-culture\/","name":"Acc\u00e8s \u00e0 la culture - &quot;La Grande Bastide&quot;","isPartOf":{"@id":"https:\/\/csc-grande-bastide.com\/#website"},"primaryImageOfPage":{"@id":"https:\/\/csc-grande-bastide.com\/index.php\/acces-a-la-culture\/#primaryimage"},"image":{"@id":"https:\/\/csc-grande-bastide.com\/index.php\/acces-a-la-culture\/#primaryimage"},"thumbnailUrl":"https:\/\/csc-grande-bastide.com\/wp-content\/uploads\/2026\/02\/les-theatres-grand-theatre-de-provence-c-dr-vue-d-en-hautjpg-1024x682.jpg","datePublished":"2026-01-29T13:43:44+00:00","dateModified":"2026-02-03T15:27:34+00:00","breadcrumb":{"@id":"https:\/\/csc-grande-bastide.com\/index.php\/acces-a-la-culture\/#breadcrumb"},"inLanguage":"fr-FR","potentialAction":[{"@type":"ReadAction","target":["https:\/\/csc-grande-bastide.com\/index.php\/acces-a-la-culture\/"]}]},{"@type":"ImageObject","inLanguage":"fr-FR","@id":"https:\/\/csc-grande-bastide.com\/index.php\/acces-a-la-culture\/#primaryimage","url":"https:\/\/csc-grande-bastide.com\/wp-content\/uploads\/2026\/02\/les-theatres-grand-theatre-de-provence-c-dr-vue-d-en-hautjpg.jpg","contentUrl":"https:\/\/csc-grande-bastide.com\/wp-content\/uploads\/2026\/02\/les-theatres-grand-theatre-de-provence-c-dr-vue-d-en-hautjpg.jpg","width":1280,"height":853},{"@type":"BreadcrumbList","@id":"https:\/\/csc-grande-bastide.com\/index.php\/acces-a-la-culture\/#breadcrumb","itemListElement":[{"@type":"ListItem","position":1,"name":"Accueil","item":"https:\/\/csc-grande-bastide.com\/"},{"@type":"ListItem","position":2,"name":"Acc\u00e8s \u00e0 la culture"}]},{"@type":"WebSite","@id":"https:\/\/csc-grande-bastide.com\/#website","url":"https:\/\/csc-grande-bastide.com\/","name":"&quot;La Grande Bastide&quot;","description":"Centre Social et Culturel \u00e0 Aix-en-Provence","publisher":{"@id":"https:\/\/csc-grande-bastide.com\/#organization"},"potentialAction":[{"@type":"SearchAction","target":{"@type":"EntryPoint","urlTemplate":"https:\/\/csc-grande-bastide.com\/?s={search_term_string}"},"query-input":{"@type":"PropertyValueSpecification","valueRequired":true,"valueName":"search_term_string"}}],"inLanguage":"fr-FR"},{"@type":"Organization","@id":"https:\/\/csc-grande-bastide.com\/#organization","name":"&quot;La Grande Bastide&quot;","url":"https:\/\/csc-grande-bastide.com\/","logo":{"@type":"ImageObject","inLanguage":"fr-FR","@id":"https:\/\/csc-grande-bastide.com\/#\/schema\/logo\/image\/","url":"https:\/\/csc-grande-bastide.com\/wp-content\/uploads\/2023\/07\/cropped-Colorful-Books-Faux-OrganicAbstract-Media-Lifestyle-11-Static-Feed-Ad-1.png","contentUrl":"https:\/\/csc-grande-bastide.com\/wp-content\/uploads\/2023\/07\/cropped-Colorful-Books-Faux-OrganicAbstract-Media-Lifestyle-11-Static-Feed-Ad-1.png","width":1079,"height":1079,"caption":"&quot;La Grande Bastide&quot;"},"image":{"@id":"https:\/\/csc-grande-bastide.com\/#\/schema\/logo\/image\/"}}]}},"jetpack_sharing_enabled":true,"_links":{"self":[{"href":"https:\/\/csc-grande-bastide.com\/index.php\/wp-json\/wp\/v2\/pages\/20547","targetHints":{"allow":["GET"]}}],"collection":[{"href":"https:\/\/csc-grande-bastide.com\/index.php\/wp-json\/wp\/v2\/pages"}],"about":[{"href":"https:\/\/csc-grande-bastide.com\/index.php\/wp-json\/wp\/v2\/types\/page"}],"author":[{"embeddable":true,"href":"https:\/\/csc-grande-bastide.com\/index.php\/wp-json\/wp\/v2\/users\/9"}],"replies":[{"embeddable":true,"href":"https:\/\/csc-grande-bastide.com\/index.php\/wp-json\/wp\/v2\/comments?post=20547"}],"version-history":[{"count":11,"href":"https:\/\/csc-grande-bastide.com\/index.php\/wp-json\/wp\/v2\/pages\/20547\/revisions"}],"predecessor-version":[{"id":20601,"href":"https:\/\/csc-grande-bastide.com\/index.php\/wp-json\/wp\/v2\/pages\/20547\/revisions\/20601"}],"wp:attachment":[{"href":"https:\/\/csc-grande-bastide.com\/index.php\/wp-json\/wp\/v2\/media?parent=20547"}],"curies":[{"name":"wp","href":"https:\/\/api.w.org\/{rel}","templated":true}]}}