{"id":253,"date":"2020-01-30T15:18:47","date_gmt":"2020-01-30T14:18:47","guid":{"rendered":"http:\/\/cms.csc-grande-bastide.com\/?page_id=253"},"modified":"2026-02-12T13:56:18","modified_gmt":"2026-02-12T12:56:18","slug":"secteur-seniors","status":"publish","type":"page","link":"https:\/\/csc-grande-bastide.com\/index.php\/secteur-seniors\/","title":{"rendered":"Secteur seniors"},"content":{"rendered":"\n<p class=\"has-text-align-center\" style=\"font-size:18px\"><mark style=\"background-color:rgba(0, 0, 0, 0)\" class=\"has-inline-color has-black-color\">En toute convivialit\u00e9, dans un esprit de rencontres et de partages le secteur seniors vous propose diverses activit\u00e9s !<\/mark><br><br><strong>JE DECOUVRE LE PLANNING DES ACTIVIT\u00c9S SENIORS<br><\/strong><em><a href=\"https:\/\/csc-grande-bastide.com\/wp-content\/uploads\/2026\/02\/ACTIVITES-SENIORS-2023-13.pdf\" target=\"_blank\" rel=\"noreferrer noopener\">EN CLIQUAND ICI<\/a><\/em><\/p>\n\n\n\n<div style=\"height:39px\" aria-hidden=\"true\" class=\"wp-block-spacer\"><\/div>\n\n\n\n<h2 class=\"wp-block-heading has-vivid-red-color has-text-color\">\u2666 <span class=\"has-inline-color has-black-color\"><strong>Gym<\/strong><\/span><span class=\"has-inline-color has-black-color\"><strong> douce<\/strong> <\/span><\/h2>\n\n\n\n<div class=\"wp-block-media-text alignwide is-stacked-on-mobile\" style=\"grid-template-columns:38% auto\"><figure class=\"wp-block-media-text__media\"><img fetchpriority=\"high\" decoding=\"async\" width=\"1024\" height=\"683\" src=\"https:\/\/csc-grande-bastide.com\/wp-content\/uploads\/2021\/09\/workout-1931107_1920-1024x683.jpg\" alt=\"\" class=\"wp-image-3966 size-full\" srcset=\"https:\/\/csc-grande-bastide.com\/wp-content\/uploads\/2021\/09\/workout-1931107_1920-1024x683.jpg 1024w, https:\/\/csc-grande-bastide.com\/wp-content\/uploads\/2021\/09\/workout-1931107_1920-300x200.jpg 300w, https:\/\/csc-grande-bastide.com\/wp-content\/uploads\/2021\/09\/workout-1931107_1920-768x512.jpg 768w, https:\/\/csc-grande-bastide.com\/wp-content\/uploads\/2021\/09\/workout-1931107_1920-1536x1024.jpg 1536w, https:\/\/csc-grande-bastide.com\/wp-content\/uploads\/2021\/09\/workout-1931107_1920-600x400.jpg 600w, https:\/\/csc-grande-bastide.com\/wp-content\/uploads\/2021\/09\/workout-1931107_1920.jpg 1920w\" sizes=\"(max-width: 1024px) 100vw, 1024px\" \/><\/figure><div class=\"wp-block-media-text__content\">\n<p class=\"has-black-color has-text-color has-background\" style=\"background-color:#d1e8ad;font-size:22px\">La gym douce&nbsp;consiste \u00e0 repenser la pratique du sport pour mettre en avant les besoins du corps. Une s\u00e9ance de gym douce va ainsi \u00e9viter d&rsquo;agresser les articulations.<mark style=\"background-color:rgba(0, 0, 0, 0)\" class=\"has-inline-color has-black-color\"> Elle permet le maintien d&rsquo;une aisance de mouvements et de respiration.<\/mark><br><mark style=\"background-color:rgba(0, 0, 0, 0)\" class=\"has-inline-color has-vivid-red-color\"><strong>Tous les mardis de 9h15 \u00e0 10h15 et de 10h15 \u00e0 11h15<\/strong><\/mark><\/p>\n<\/div><\/div>\n\n\n\n<div style=\"height:57px\" aria-hidden=\"true\" class=\"wp-block-spacer\"><\/div>\n\n\n\n<h2 class=\"wp-block-heading has-vivid-red-color has-text-color\"><strong><mark style=\"background-color:rgba(0, 0, 0, 0)\" class=\"has-inline-color has-vivid-red-color\">\u2666<\/mark><\/strong><mark style=\"background-color:rgba(0, 0, 0, 0)\" class=\"has-inline-color has-black-color\"><strong> Randonn\u00e9e s\u00e9niors<\/strong><\/mark><\/h2>\n\n\n\n<div class=\"wp-block-media-text alignwide has-media-on-the-right is-stacked-on-mobile\"><div class=\"wp-block-media-text__content\">\n<p class=\"has-vivid-red-color has-text-color has-background\" style=\"background-color:#d1e8ad;font-size:22px\"><mark style=\"background-color:rgba(0, 0, 0, 0);color:#050303\" class=\"has-inline-color\">Des randonn\u00e9es propos\u00e9es par les s\u00e9niors, pour les s\u00e9niors<\/mark> <mark style=\"background-color:rgba(0, 0, 0, 0);color:#050202\" class=\"has-inline-color\">sur Aix et alentours<\/mark>, <strong>tous les mercredis matin de 10h \u00e0 12h ! <\/strong><\/p>\n<\/div><figure class=\"wp-block-media-text__media\"><img decoding=\"async\" width=\"1024\" height=\"768\" src=\"https:\/\/csc-grande-bastide.com\/wp-content\/uploads\/2025\/01\/randonnee-refuge-cezanne-28-1024x768.jpeg\" alt=\"\" class=\"wp-image-15981 size-full\" srcset=\"https:\/\/csc-grande-bastide.com\/wp-content\/uploads\/2025\/01\/randonnee-refuge-cezanne-28-1024x768.jpeg 1024w, https:\/\/csc-grande-bastide.com\/wp-content\/uploads\/2025\/01\/randonnee-refuge-cezanne-28-300x225.jpeg 300w, https:\/\/csc-grande-bastide.com\/wp-content\/uploads\/2025\/01\/randonnee-refuge-cezanne-28-768x576.jpeg 768w, https:\/\/csc-grande-bastide.com\/wp-content\/uploads\/2025\/01\/randonnee-refuge-cezanne-28-1536x1152.jpeg 1536w, https:\/\/csc-grande-bastide.com\/wp-content\/uploads\/2025\/01\/randonnee-refuge-cezanne-28-2048x1536.jpeg 2048w, https:\/\/csc-grande-bastide.com\/wp-content\/uploads\/2025\/01\/randonnee-refuge-cezanne-28-600x450.jpeg 600w\" sizes=\"(max-width: 1024px) 100vw, 1024px\" \/><\/figure><\/div>\n\n\n\n<div style=\"height:65px\" aria-hidden=\"true\" class=\"wp-block-spacer\"><\/div>\n\n\n\n<h2 class=\"wp-block-heading has-vivid-red-color has-text-color\">\u2666 <span class=\"has-inline-color has-black-color\"><strong>L&rsquo;atelier m\u00e9moire<\/strong>  <\/span><\/h2>\n\n\n\n<div class=\"wp-block-media-text alignwide is-stacked-on-mobile\" style=\"grid-template-columns:41% auto\"><figure class=\"wp-block-media-text__media\"><img decoding=\"async\" width=\"350\" height=\"405\" src=\"https:\/\/csc-grande-bastide.com\/wp-content\/uploads\/2021\/09\/memoire-350-405.jpg\" alt=\"\" class=\"wp-image-4034 size-full\" srcset=\"https:\/\/csc-grande-bastide.com\/wp-content\/uploads\/2021\/09\/memoire-350-405.jpg 350w, https:\/\/csc-grande-bastide.com\/wp-content\/uploads\/2021\/09\/memoire-350-405-259x300.jpg 259w\" sizes=\"(max-width: 350px) 100vw, 350px\" \/><\/figure><div class=\"wp-block-media-text__content\">\n<p class=\"has-background\" style=\"background-color:#d1e8ad;font-size:22px\"><mark style=\"background-color:rgba(0, 0, 0, 0)\" class=\"has-inline-color has-black-color\">Cet atelier consiste \u00e0 r\u00e9aliser des exercices de stimulation des diff\u00e9rentes formes de m\u00e9moires de fa\u00e7ons ludique et conviviale.<\/mark><br><mark style=\"background-color:rgba(0, 0, 0, 0)\" class=\"has-inline-color has-vivid-red-color\"><strong>Tous les lundis de 9h30 \u00e0 11h et de 11h00 \u00e0 12h30.<\/strong><\/mark><\/p>\n<\/div><\/div>\n\n\n\n<div style=\"height:100px\" aria-hidden=\"true\" class=\"wp-block-spacer\"><\/div>\n\n\n\n<h2 class=\"wp-block-heading has-vivid-red-color has-text-color\">\u2666 <span class=\"has-inline-color has-black-color\"><strong>Inter-g\u00e9n\u00e9reux <\/strong><\/span><\/h2>\n\n\n\n<div class=\"wp-block-media-text alignwide has-media-on-the-right is-stacked-on-mobile\"><div class=\"wp-block-media-text__content\">\n<p class=\"has-vivid-red-color has-text-color has-background\" style=\"background-color:#d1e8ad;font-size:22px\"><mark style=\"background-color:rgba(0, 0, 0, 0)\" class=\"has-inline-color has-black-color\">Animations interg\u00e9n\u00e9rationnelles.<\/mark><br><mark style=\"background-color:rgba(0, 0, 0, 0)\" class=\"has-inline-color has-black-color\">Pour lutter contre l&rsquo;isolement des personne \u00e2g\u00e9s isol\u00e9es dans le quartier du Val St Andr\u00e9.<\/mark> Chaque vacances scolaires !<br><strong>Contact au 04.42.26.34.46.<\/strong><\/p>\n<\/div><figure class=\"wp-block-media-text__media\"><img loading=\"lazy\" decoding=\"async\" width=\"1024\" height=\"828\" src=\"https:\/\/csc-grande-bastide.com\/wp-content\/uploads\/2025\/03\/IMG_7383-1024x828.jpeg\" alt=\"\" class=\"wp-image-17550 size-full\" srcset=\"https:\/\/csc-grande-bastide.com\/wp-content\/uploads\/2025\/03\/IMG_7383-1024x828.jpeg 1024w, https:\/\/csc-grande-bastide.com\/wp-content\/uploads\/2025\/03\/IMG_7383-300x242.jpeg 300w, https:\/\/csc-grande-bastide.com\/wp-content\/uploads\/2025\/03\/IMG_7383-768x621.jpeg 768w, https:\/\/csc-grande-bastide.com\/wp-content\/uploads\/2025\/03\/IMG_7383-600x485.jpeg 600w, https:\/\/csc-grande-bastide.com\/wp-content\/uploads\/2025\/03\/IMG_7383.jpeg 1179w\" sizes=\"(max-width: 1024px) 100vw, 1024px\" \/><\/figure><\/div>\n\n\n\n<div style=\"height:44px\" aria-hidden=\"true\" class=\"wp-block-spacer\"><\/div>\n\n\n\n<h2 class=\"wp-block-heading\"><strong><mark style=\"background-color:rgba(0, 0, 0, 0)\" class=\"has-inline-color has-vivid-red-color\">\u2666<\/mark> Coup de pouce num\u00e9rique<\/strong><\/h2>\n\n\n\n<div class=\"wp-block-media-text alignwide is-stacked-on-mobile\"><figure class=\"wp-block-media-text__media\"><img loading=\"lazy\" decoding=\"async\" width=\"1024\" height=\"576\" src=\"https:\/\/csc-grande-bastide.com\/wp-content\/uploads\/2023\/02\/MISE-EN-AVANT-SITE-1024x576.jpg\" alt=\"\" class=\"wp-image-10238 size-full\" srcset=\"https:\/\/csc-grande-bastide.com\/wp-content\/uploads\/2023\/02\/MISE-EN-AVANT-SITE-1024x576.jpg 1024w, https:\/\/csc-grande-bastide.com\/wp-content\/uploads\/2023\/02\/MISE-EN-AVANT-SITE-300x169.jpg 300w, https:\/\/csc-grande-bastide.com\/wp-content\/uploads\/2023\/02\/MISE-EN-AVANT-SITE-768x432.jpg 768w, https:\/\/csc-grande-bastide.com\/wp-content\/uploads\/2023\/02\/MISE-EN-AVANT-SITE-1536x864.jpg 1536w, https:\/\/csc-grande-bastide.com\/wp-content\/uploads\/2023\/02\/MISE-EN-AVANT-SITE-600x338.jpg 600w, https:\/\/csc-grande-bastide.com\/wp-content\/uploads\/2023\/02\/MISE-EN-AVANT-SITE.jpg 1920w\" sizes=\"(max-width: 1024px) 100vw, 1024px\" \/><\/figure><div class=\"wp-block-media-text__content\">\n<p class=\"has-text-align-right has-background has-medium-font-size\" style=\"background-color:#d1e8ad\"><mark style=\"background-color:rgba(0, 0, 0, 0)\" class=\"has-inline-color has-black-color\">Aide \u00e0 l&rsquo;apprentissage de l&rsquo;utilisation des outils num\u00e9riques (tablette, smartphone, ordinateur&#8230;) en individuel.<\/mark><br><strong><mark style=\"background-color:rgba(0, 0, 0, 0);color:#de1919\" class=\"has-inline-color\">Mardi de 9h30 \u00e0 12h<br><\/mark>Tarif :<\/strong> 4\u20ac \/ 30min<br>Sur rendez-vous au 06.88.01.76.58<\/p>\n<\/div><\/div>\n\n\n\n<div style=\"height:36px\" aria-hidden=\"true\" class=\"wp-block-spacer\"><\/div>\n\n\n\n<h2 class=\"wp-block-heading\"><strong><mark style=\"background-color:rgba(0, 0, 0, 0)\" class=\"has-inline-color has-vivid-red-color\">\u2666<\/mark> Caf\u00e9 des seniors<\/strong><\/h2>\n\n\n\n<div class=\"wp-block-media-text alignwide has-media-on-the-right is-stacked-on-mobile\"><div class=\"wp-block-media-text__content\">\n<p class=\"has-text-align-right has-background has-medium-font-size\" style=\"background-color:#d1e8ad\"><mark style=\"background-color:rgba(0, 0, 0, 0);color:#070606\" class=\"has-inline-color\">Lieu d&rsquo;\u00e9change de savoir o\u00f9 r\u00e8gne respect et convivialit\u00e9. Divers ateliers seront propos\u00e9s chaque semaine !<\/mark><br><strong><mark style=\"background-color:rgba(0, 0, 0, 0);color:#ca0000\" class=\"has-inline-color\">Un vendredi sur deux<\/mark><\/strong><br><strong><mark style=\"background-color:rgba(0, 0, 0, 0)\" class=\"has-inline-color has-vivid-red-color\">de 14h \u00e0 16h <\/mark><\/strong><\/p>\n<\/div><figure class=\"wp-block-media-text__media\"><img loading=\"lazy\" decoding=\"async\" width=\"500\" height=\"334\" src=\"https:\/\/csc-grande-bastide.com\/wp-content\/uploads\/2024\/09\/cafe-groupe-1.jpg\" alt=\"\" class=\"wp-image-14848 size-full\" srcset=\"https:\/\/csc-grande-bastide.com\/wp-content\/uploads\/2024\/09\/cafe-groupe-1.jpg 500w, https:\/\/csc-grande-bastide.com\/wp-content\/uploads\/2024\/09\/cafe-groupe-1-300x200.jpg 300w\" sizes=\"(max-width: 500px) 100vw, 500px\" \/><\/figure><\/div>\n\n\n\n<div style=\"height:32px\" aria-hidden=\"true\" class=\"wp-block-spacer\"><\/div>\n\n\n\n<div style=\"height:37px\" aria-hidden=\"true\" class=\"wp-block-spacer\"><\/div>\n\n\n\n<h2 class=\"wp-block-heading\"><strong><mark style=\"background-color:rgba(0, 0, 0, 0)\" class=\"has-inline-color has-vivid-red-color\">\u2666<\/mark> Brainball <\/strong><\/h2>\n\n\n\n<div class=\"wp-block-media-text alignwide is-stacked-on-mobile\"><figure class=\"wp-block-media-text__media\"><img loading=\"lazy\" decoding=\"async\" width=\"1024\" height=\"768\" src=\"https:\/\/csc-grande-bastide.com\/wp-content\/uploads\/2025\/01\/Brainball-111-1024x768.jpeg\" alt=\"\" class=\"wp-image-16153 size-full\" srcset=\"https:\/\/csc-grande-bastide.com\/wp-content\/uploads\/2025\/01\/Brainball-111-1024x768.jpeg 1024w, https:\/\/csc-grande-bastide.com\/wp-content\/uploads\/2025\/01\/Brainball-111-300x225.jpeg 300w, https:\/\/csc-grande-bastide.com\/wp-content\/uploads\/2025\/01\/Brainball-111-768x576.jpeg 768w, https:\/\/csc-grande-bastide.com\/wp-content\/uploads\/2025\/01\/Brainball-111-1536x1152.jpeg 1536w, https:\/\/csc-grande-bastide.com\/wp-content\/uploads\/2025\/01\/Brainball-111-2048x1536.jpeg 2048w, https:\/\/csc-grande-bastide.com\/wp-content\/uploads\/2025\/01\/Brainball-111-600x450.jpeg 600w\" sizes=\"(max-width: 1024px) 100vw, 1024px\" \/><\/figure><div class=\"wp-block-media-text__content\">\n<p class=\"has-text-align-right has-background has-medium-font-size\" style=\"background-color:#d1e8ad\"><mark style=\"background-color:rgba(0, 0, 0, 0);color:#080505\" class=\"has-inline-color\">Activit\u00e9 sensorimotrice stimulante qui combine agilit\u00e9 mentale, cognitive et physique. anim\u00e9e par Anne Chenavas.<\/mark><br><strong><mark style=\"background-color:rgba(0, 0, 0, 0);color:#c60000\" class=\"has-inline-color\">Un Vendredi sur deux<\/mark><\/strong><br><strong><mark style=\"background-color:rgba(0, 0, 0, 0);color:#c60000\" class=\"has-inline-color\">de 14h \u00e0 15h<br>Tarif : 120\u20ac l&rsquo;ann\u00e9e <\/mark><\/strong><\/p>\n<\/div><\/div>\n\n\n\n<h2 class=\"wp-block-heading\"><strong><mark style=\"background-color:rgba(0, 0, 0, 0)\" class=\"has-inline-color has-vivid-red-color\">\u2666<\/mark> Cont\u00e9es<\/strong><\/h2>\n\n\n\n<div class=\"wp-block-media-text alignwide has-media-on-the-right is-stacked-on-mobile\"><div class=\"wp-block-media-text__content\">\n<p class=\"has-text-align-right has-background has-medium-font-size\" style=\"background-color:#d1e8ad\"><mark style=\"background-color:rgba(0, 0, 0, 0);color:#080505\" class=\"has-inline-color\">Interpr\u00e9tation de contes<br>par l&rsquo;association 1001 paroles<\/mark><br><strong><mark style=\"background-color:rgba(0, 0, 0, 0);color:#b10000\" class=\"has-inline-color\">Un Vendredi par mois<\/mark><\/strong><\/p>\n<\/div><figure class=\"wp-block-media-text__media\"><img loading=\"lazy\" decoding=\"async\" width=\"1024\" height=\"629\" src=\"https:\/\/csc-grande-bastide.com\/wp-content\/uploads\/2024\/09\/livre-ouvert-scintillant11-1024x629.jpg\" alt=\"\" class=\"wp-image-14961 size-full\" srcset=\"https:\/\/csc-grande-bastide.com\/wp-content\/uploads\/2024\/09\/livre-ouvert-scintillant11-1024x629.jpg 1024w, https:\/\/csc-grande-bastide.com\/wp-content\/uploads\/2024\/09\/livre-ouvert-scintillant11-300x184.jpg 300w, https:\/\/csc-grande-bastide.com\/wp-content\/uploads\/2024\/09\/livre-ouvert-scintillant11-768x472.jpg 768w, https:\/\/csc-grande-bastide.com\/wp-content\/uploads\/2024\/09\/livre-ouvert-scintillant11-600x369.jpg 600w, https:\/\/csc-grande-bastide.com\/wp-content\/uploads\/2024\/09\/livre-ouvert-scintillant11.jpg 1181w\" sizes=\"(max-width: 1024px) 100vw, 1024px\" \/><\/figure><\/div>\n\n\n\n<div style=\"height:41px\" aria-hidden=\"true\" class=\"wp-block-spacer\"><\/div>\n\n\n\n<p class=\"has-text-align-center has-vivid-red-color has-text-color\" style=\"font-size:25px\"><strong>\u2192D\u00e9couvrez plus d&rsquo;activit\u00e9s Seniors sur la page de <a href=\"https:\/\/csc-grande-bastide.com\/index.php\/les-associations\/\" target=\"_blank\" rel=\"noreferrer noopener\">nos associations<\/a> ! <\/strong><\/p>\n","protected":false},"excerpt":{"rendered":"<p>En toute convivialit\u00e9, dans un esprit de rencontres et de partages le secteur seniors vous propose diverses activit\u00e9s ! JE DECOUVRE LE PLANNING DES ACTIVIT\u00c9S SENIORSEN CLIQUAND ICI \u2666 Gym douce La gym douce&nbsp;consiste \u00e0 repenser la pratique du sport pour mettre en avant les besoins du corps. Une s\u00e9ance de gym douce va ainsi [&hellip;]<\/p>\n","protected":false},"author":2,"featured_media":0,"parent":0,"menu_order":0,"comment_status":"closed","ping_status":"closed","template":"","meta":{"footnotes":""},"class_list":["post-253","page","type-page","status-publish","hentry"],"yoast_head":"<!-- This site is optimized with the Yoast SEO plugin v27.3 - https:\/\/yoast.com\/product\/yoast-seo-wordpress\/ -->\n<title>Secteur seniors - &quot;La Grande Bastide&quot;<\/title>\n<meta name=\"robots\" content=\"index, follow, max-snippet:-1, max-image-preview:large, max-video-preview:-1\" \/>\n<link rel=\"canonical\" href=\"https:\/\/csc-grande-bastide.com\/index.php\/secteur-seniors\/\" \/>\n<meta property=\"og:locale\" content=\"fr_FR\" \/>\n<meta property=\"og:type\" content=\"article\" \/>\n<meta property=\"og:title\" content=\"Secteur seniors - &quot;La Grande Bastide&quot;\" \/>\n<meta property=\"og:description\" content=\"En toute convivialit\u00e9, dans un esprit de rencontres et de partages le secteur seniors vous propose diverses activit\u00e9s ! JE DECOUVRE LE PLANNING DES ACTIVIT\u00c9S SENIORSEN CLIQUAND ICI \u2666 Gym douce La gym douce&nbsp;consiste \u00e0 repenser la pratique du sport pour mettre en avant les besoins du corps. Une s\u00e9ance de gym douce va ainsi [&hellip;]\" \/>\n<meta property=\"og:url\" content=\"https:\/\/csc-grande-bastide.com\/index.php\/secteur-seniors\/\" \/>\n<meta property=\"og:site_name\" content=\"&quot;La Grande Bastide&quot;\" \/>\n<meta property=\"article:modified_time\" content=\"2026-02-12T12:56:18+00:00\" \/>\n<meta property=\"og:image\" content=\"https:\/\/csc-grande-bastide.com\/wp-content\/uploads\/2021\/09\/workout-1931107_1920.jpg\" \/>\n\t<meta property=\"og:image:width\" content=\"1920\" \/>\n\t<meta property=\"og:image:height\" content=\"1280\" \/>\n\t<meta property=\"og:image:type\" content=\"image\/jpeg\" \/>\n<meta name=\"twitter:card\" content=\"summary_large_image\" \/>\n<meta name=\"twitter:label1\" content=\"Dur\u00e9e de lecture estim\u00e9e\" \/>\n\t<meta name=\"twitter:data1\" content=\"4 minutes\" \/>\n<script type=\"application\/ld+json\" class=\"yoast-schema-graph\">{\"@context\":\"https:\\\/\\\/schema.org\",\"@graph\":[{\"@type\":\"WebPage\",\"@id\":\"https:\\\/\\\/csc-grande-bastide.com\\\/index.php\\\/secteur-seniors\\\/\",\"url\":\"https:\\\/\\\/csc-grande-bastide.com\\\/index.php\\\/secteur-seniors\\\/\",\"name\":\"Secteur seniors - &quot;La Grande Bastide&quot;\",\"isPartOf\":{\"@id\":\"https:\\\/\\\/csc-grande-bastide.com\\\/#website\"},\"primaryImageOfPage\":{\"@id\":\"https:\\\/\\\/csc-grande-bastide.com\\\/index.php\\\/secteur-seniors\\\/#primaryimage\"},\"image\":{\"@id\":\"https:\\\/\\\/csc-grande-bastide.com\\\/index.php\\\/secteur-seniors\\\/#primaryimage\"},\"thumbnailUrl\":\"https:\\\/\\\/csc-grande-bastide.com\\\/wp-content\\\/uploads\\\/2021\\\/09\\\/workout-1931107_1920-1024x683.jpg\",\"datePublished\":\"2020-01-30T14:18:47+00:00\",\"dateModified\":\"2026-02-12T12:56:18+00:00\",\"breadcrumb\":{\"@id\":\"https:\\\/\\\/csc-grande-bastide.com\\\/index.php\\\/secteur-seniors\\\/#breadcrumb\"},\"inLanguage\":\"fr-FR\",\"potentialAction\":[{\"@type\":\"ReadAction\",\"target\":[\"https:\\\/\\\/csc-grande-bastide.com\\\/index.php\\\/secteur-seniors\\\/\"]}]},{\"@type\":\"ImageObject\",\"inLanguage\":\"fr-FR\",\"@id\":\"https:\\\/\\\/csc-grande-bastide.com\\\/index.php\\\/secteur-seniors\\\/#primaryimage\",\"url\":\"https:\\\/\\\/csc-grande-bastide.com\\\/wp-content\\\/uploads\\\/2021\\\/09\\\/workout-1931107_1920.jpg\",\"contentUrl\":\"https:\\\/\\\/csc-grande-bastide.com\\\/wp-content\\\/uploads\\\/2021\\\/09\\\/workout-1931107_1920.jpg\",\"width\":1920,\"height\":1280},{\"@type\":\"BreadcrumbList\",\"@id\":\"https:\\\/\\\/csc-grande-bastide.com\\\/index.php\\\/secteur-seniors\\\/#breadcrumb\",\"itemListElement\":[{\"@type\":\"ListItem\",\"position\":1,\"name\":\"Accueil\",\"item\":\"https:\\\/\\\/csc-grande-bastide.com\\\/\"},{\"@type\":\"ListItem\",\"position\":2,\"name\":\"Secteur seniors\"}]},{\"@type\":\"WebSite\",\"@id\":\"https:\\\/\\\/csc-grande-bastide.com\\\/#website\",\"url\":\"https:\\\/\\\/csc-grande-bastide.com\\\/\",\"name\":\"&quot;La Grande Bastide&quot;\",\"description\":\"Centre Social et Culturel \u00e0 Aix-en-Provence\",\"publisher\":{\"@id\":\"https:\\\/\\\/csc-grande-bastide.com\\\/#organization\"},\"potentialAction\":[{\"@type\":\"SearchAction\",\"target\":{\"@type\":\"EntryPoint\",\"urlTemplate\":\"https:\\\/\\\/csc-grande-bastide.com\\\/?s={search_term_string}\"},\"query-input\":{\"@type\":\"PropertyValueSpecification\",\"valueRequired\":true,\"valueName\":\"search_term_string\"}}],\"inLanguage\":\"fr-FR\"},{\"@type\":\"Organization\",\"@id\":\"https:\\\/\\\/csc-grande-bastide.com\\\/#organization\",\"name\":\"&quot;La Grande Bastide&quot;\",\"url\":\"https:\\\/\\\/csc-grande-bastide.com\\\/\",\"logo\":{\"@type\":\"ImageObject\",\"inLanguage\":\"fr-FR\",\"@id\":\"https:\\\/\\\/csc-grande-bastide.com\\\/#\\\/schema\\\/logo\\\/image\\\/\",\"url\":\"https:\\\/\\\/csc-grande-bastide.com\\\/wp-content\\\/uploads\\\/2023\\\/07\\\/cropped-Colorful-Books-Faux-OrganicAbstract-Media-Lifestyle-11-Static-Feed-Ad-1.png\",\"contentUrl\":\"https:\\\/\\\/csc-grande-bastide.com\\\/wp-content\\\/uploads\\\/2023\\\/07\\\/cropped-Colorful-Books-Faux-OrganicAbstract-Media-Lifestyle-11-Static-Feed-Ad-1.png\",\"width\":1079,\"height\":1079,\"caption\":\"&quot;La Grande Bastide&quot;\"},\"image\":{\"@id\":\"https:\\\/\\\/csc-grande-bastide.com\\\/#\\\/schema\\\/logo\\\/image\\\/\"}}]}<\/script>\n<!-- \/ Yoast SEO plugin. -->","yoast_head_json":{"title":"Secteur seniors - &quot;La Grande Bastide&quot;","robots":{"index":"index","follow":"follow","max-snippet":"max-snippet:-1","max-image-preview":"max-image-preview:large","max-video-preview":"max-video-preview:-1"},"canonical":"https:\/\/csc-grande-bastide.com\/index.php\/secteur-seniors\/","og_locale":"fr_FR","og_type":"article","og_title":"Secteur seniors - &quot;La Grande Bastide&quot;","og_description":"En toute convivialit\u00e9, dans un esprit de rencontres et de partages le secteur seniors vous propose diverses activit\u00e9s ! JE DECOUVRE LE PLANNING DES ACTIVIT\u00c9S SENIORSEN CLIQUAND ICI \u2666 Gym douce La gym douce&nbsp;consiste \u00e0 repenser la pratique du sport pour mettre en avant les besoins du corps. Une s\u00e9ance de gym douce va ainsi [&hellip;]","og_url":"https:\/\/csc-grande-bastide.com\/index.php\/secteur-seniors\/","og_site_name":"&quot;La Grande Bastide&quot;","article_modified_time":"2026-02-12T12:56:18+00:00","og_image":[{"width":1920,"height":1280,"url":"https:\/\/csc-grande-bastide.com\/wp-content\/uploads\/2021\/09\/workout-1931107_1920.jpg","type":"image\/jpeg"}],"twitter_card":"summary_large_image","twitter_misc":{"Dur\u00e9e de lecture estim\u00e9e":"4 minutes"},"schema":{"@context":"https:\/\/schema.org","@graph":[{"@type":"WebPage","@id":"https:\/\/csc-grande-bastide.com\/index.php\/secteur-seniors\/","url":"https:\/\/csc-grande-bastide.com\/index.php\/secteur-seniors\/","name":"Secteur seniors - &quot;La Grande Bastide&quot;","isPartOf":{"@id":"https:\/\/csc-grande-bastide.com\/#website"},"primaryImageOfPage":{"@id":"https:\/\/csc-grande-bastide.com\/index.php\/secteur-seniors\/#primaryimage"},"image":{"@id":"https:\/\/csc-grande-bastide.com\/index.php\/secteur-seniors\/#primaryimage"},"thumbnailUrl":"https:\/\/csc-grande-bastide.com\/wp-content\/uploads\/2021\/09\/workout-1931107_1920-1024x683.jpg","datePublished":"2020-01-30T14:18:47+00:00","dateModified":"2026-02-12T12:56:18+00:00","breadcrumb":{"@id":"https:\/\/csc-grande-bastide.com\/index.php\/secteur-seniors\/#breadcrumb"},"inLanguage":"fr-FR","potentialAction":[{"@type":"ReadAction","target":["https:\/\/csc-grande-bastide.com\/index.php\/secteur-seniors\/"]}]},{"@type":"ImageObject","inLanguage":"fr-FR","@id":"https:\/\/csc-grande-bastide.com\/index.php\/secteur-seniors\/#primaryimage","url":"https:\/\/csc-grande-bastide.com\/wp-content\/uploads\/2021\/09\/workout-1931107_1920.jpg","contentUrl":"https:\/\/csc-grande-bastide.com\/wp-content\/uploads\/2021\/09\/workout-1931107_1920.jpg","width":1920,"height":1280},{"@type":"BreadcrumbList","@id":"https:\/\/csc-grande-bastide.com\/index.php\/secteur-seniors\/#breadcrumb","itemListElement":[{"@type":"ListItem","position":1,"name":"Accueil","item":"https:\/\/csc-grande-bastide.com\/"},{"@type":"ListItem","position":2,"name":"Secteur seniors"}]},{"@type":"WebSite","@id":"https:\/\/csc-grande-bastide.com\/#website","url":"https:\/\/csc-grande-bastide.com\/","name":"&quot;La Grande Bastide&quot;","description":"Centre Social et Culturel \u00e0 Aix-en-Provence","publisher":{"@id":"https:\/\/csc-grande-bastide.com\/#organization"},"potentialAction":[{"@type":"SearchAction","target":{"@type":"EntryPoint","urlTemplate":"https:\/\/csc-grande-bastide.com\/?s={search_term_string}"},"query-input":{"@type":"PropertyValueSpecification","valueRequired":true,"valueName":"search_term_string"}}],"inLanguage":"fr-FR"},{"@type":"Organization","@id":"https:\/\/csc-grande-bastide.com\/#organization","name":"&quot;La Grande Bastide&quot;","url":"https:\/\/csc-grande-bastide.com\/","logo":{"@type":"ImageObject","inLanguage":"fr-FR","@id":"https:\/\/csc-grande-bastide.com\/#\/schema\/logo\/image\/","url":"https:\/\/csc-grande-bastide.com\/wp-content\/uploads\/2023\/07\/cropped-Colorful-Books-Faux-OrganicAbstract-Media-Lifestyle-11-Static-Feed-Ad-1.png","contentUrl":"https:\/\/csc-grande-bastide.com\/wp-content\/uploads\/2023\/07\/cropped-Colorful-Books-Faux-OrganicAbstract-Media-Lifestyle-11-Static-Feed-Ad-1.png","width":1079,"height":1079,"caption":"&quot;La Grande Bastide&quot;"},"image":{"@id":"https:\/\/csc-grande-bastide.com\/#\/schema\/logo\/image\/"}}]}},"jetpack_sharing_enabled":true,"_links":{"self":[{"href":"https:\/\/csc-grande-bastide.com\/index.php\/wp-json\/wp\/v2\/pages\/253","targetHints":{"allow":["GET"]}}],"collection":[{"href":"https:\/\/csc-grande-bastide.com\/index.php\/wp-json\/wp\/v2\/pages"}],"about":[{"href":"https:\/\/csc-grande-bastide.com\/index.php\/wp-json\/wp\/v2\/types\/page"}],"author":[{"embeddable":true,"href":"https:\/\/csc-grande-bastide.com\/index.php\/wp-json\/wp\/v2\/users\/2"}],"replies":[{"embeddable":true,"href":"https:\/\/csc-grande-bastide.com\/index.php\/wp-json\/wp\/v2\/comments?post=253"}],"version-history":[{"count":39,"href":"https:\/\/csc-grande-bastide.com\/index.php\/wp-json\/wp\/v2\/pages\/253\/revisions"}],"predecessor-version":[{"id":20650,"href":"https:\/\/csc-grande-bastide.com\/index.php\/wp-json\/wp\/v2\/pages\/253\/revisions\/20650"}],"wp:attachment":[{"href":"https:\/\/csc-grande-bastide.com\/index.php\/wp-json\/wp\/v2\/media?parent=253"}],"curies":[{"name":"wp","href":"https:\/\/api.w.org\/{rel}","templated":true}]}}