{"id":276,"date":"2020-01-31T11:27:46","date_gmt":"2020-01-31T10:27:46","guid":{"rendered":"http:\/\/cms.csc-grande-bastide.com\/?page_id=276"},"modified":"2021-06-20T21:36:12","modified_gmt":"2021-06-20T19:36:12","slug":"net-auto","status":"publish","type":"page","link":"https:\/\/csc-grande-bastide.com\/index.php\/net-auto\/","title":{"rendered":"Net Auto"},"content":{"rendered":"\n<p class=\"has-text-align-justify\" style=\"font-size:17px\"><span class=\"has-inline-color has-black-color\"><strong>N<\/strong>et\u2019auto est un sac visant \u00e0 r\u00e9colter tous types de d\u00e9tritus pr\u00e9sents dans votre v\u00e9hicule. <strong>Il est r\u00e9utilisable et lavable.<\/strong><\/span><\/p>\n\n\n\n<p class=\"has-text-align-justify\" style=\"font-size:17px\"><span class=\"has-inline-color has-black-color\">Ce concept a \u00e9t\u00e9 pens\u00e9 et d\u00e9velopp\u00e9 au Br\u00e9sil, o\u00f9 son utilisation est d\u00e9j\u00e0 tr\u00e8s r\u00e9pandue. En France, l\u2019id\u00e9e a germ\u00e9 sous l\u2019\u00e9gide du centre social et culturel La Grande Bastide \u00e0 Aix-en-Provence.<\/span><\/p>\n\n\n\n<p class=\"has-text-align-justify\" style=\"font-size:17px\"><span class=\"has-inline-color has-black-color\">Ce projet est port\u00e9 par les femmes du secteur famille du centre social avec pour objectifs de contribuer \u00e0<strong> la cr\u00e9ation d\u2019emploi<\/strong> dans le champ de l\u2019\u00e9conomie sociale et solidaire, mais \u00e9galement de lutter contre le rejet des d\u00e9chets dans la nature et sur les routes.<\/span><\/p>\n\n\n\n<p class=\"has-text-align-justify\" style=\"font-size:17px\"><span class=\"has-inline-color has-black-color\">Pour votre information, il faut savoir que<strong> 81 000 tonnes de d\u00e9chets sont abandonn\u00e9s sur le bord des routes tous les ans<\/strong> . Pour contribuer \u00e0 r\u00e9duire cette abomination, nous proposons une gamme de produits qui s\u2019int\u00e8gre \u00e0 l\u2019int\u00e9rieur du v\u00e9hicule en vue de constituer un moyen pratique de se d\u00e9barrasser des d\u00e9chets.<\/span><\/p>\n\n\n\n<p class=\"has-text-align-justify\" style=\"font-size:17px\"><span class=\"has-inline-color has-black-color\">Le sac Net\u2019Auto est un produit <strong>innovant<\/strong> et <strong>pratique<\/strong> qui s\u2019inscrit dans la dynamique <strong>\u00e9cologique <\/strong>actuelle car il est <strong>lavable <\/strong>et <strong>r\u00e9utilisable.<\/strong><\/span><\/p>\n\n\n\n<div class=\"wp-block-image\"><figure class=\"aligncenter size-large is-resized\"><img decoding=\"async\" src=\"https:\/\/csc-grande-bastide.com\/wp-content\/uploads\/2021\/03\/Sans-titre.png\" alt=\"\" class=\"wp-image-2284\" width=\"163\" height=\"163\" srcset=\"https:\/\/csc-grande-bastide.com\/wp-content\/uploads\/2021\/03\/Sans-titre.png 500w, https:\/\/csc-grande-bastide.com\/wp-content\/uploads\/2021\/03\/Sans-titre-300x300.png 300w, https:\/\/csc-grande-bastide.com\/wp-content\/uploads\/2021\/03\/Sans-titre-150x150.png 150w, https:\/\/csc-grande-bastide.com\/wp-content\/uploads\/2021\/03\/Sans-titre-100x100.png 100w\" sizes=\"(max-width: 163px) 100vw, 163px\" \/><\/figure><\/div>\n\n\n\n<p class=\"has-text-align-justify\" style=\"font-size:17px\"><span class=\"has-inline-color has-black-color\">Tous les sacs que nous produisons sont<strong> fabriqu\u00e9s manuellement<\/strong>. Une attention toute particuli\u00e8re est port\u00e9e \u00e0 chaque sac, et en ce sens chaque sac est unique. Tous les produits Net\u2019Auto propos\u00e9s par le centre Social et Culturel \u201cLa Grande Bastide\u201d sont personnalisables pour les soci\u00e9t\u00e9s, <strong>il est possible de floquer un logo d\u2019entreprise sur les sacs de r\u00e9cup\u00e9ration des d\u00e9chets.<\/strong><\/span><\/p>\n\n\n\n<p style=\"font-size:17px\"><strong><span class=\"has-inline-color has-black-color\">Nous proposons une gamme de deux produits :<\/span><\/strong><\/p>\n\n\n\n<p class=\"has-text-align-justify\" style=\"font-size:17px\"><span class=\"has-inline-color has-black-color\">\u2022 Un produit destin\u00e9 aux enfants afin de les sensibiliser d\u00e8s le plus jeune \u00e2ge \u00e0 la n\u00e9cessit\u00e9 de pr\u00e9server l\u2019environnement de mani\u00e8re ludique<\/span>.<\/p>\n\n\n\n<p class=\"has-text-align-justify\" style=\"font-size:17px\"><span class=\"has-inline-color has-black-color\">\u2022 Un produit qui se place sur le levier de vitesse. 2 formes existent : <br>&#8211; Coupe droite<br>&#8211; Coupe \u00e9vas\u00e9e<\/span><\/p>\n\n\n<div data-block-name=\"woocommerce\/product-category\" data-categories=\"[29]\" data-columns=\"4\" class=\"wc-block-grid wp-block-product-category wp-block-woocommerce-product-category wc-block-product-category has-4-columns has-multiple-rows\"><ul class=\"wc-block-grid__products\"><li class=\"wc-block-grid__product\">\n\t\t\t\t<a href=\"https:\/\/csc-grande-bastide.com\/index.php\/produit\/sac-de-rangement-enfant-pour-voiture\/\" class=\"wc-block-grid__product-link\">\n\t\t\t\t\t\n\t\t\t\t\t<div class=\"wc-block-grid__product-image\"><img fetchpriority=\"high\" decoding=\"async\" width=\"300\" height=\"300\" src=\"https:\/\/csc-grande-bastide.com\/wp-content\/uploads\/2021\/02\/Sac-Poubelle-en-tissu-Netauto-1-300x300.jpg\" class=\"attachment-woocommerce_thumbnail size-woocommerce_thumbnail\" alt=\"Sac de rangement pour voiture - enfant grand mod\u00e8le\" srcset=\"https:\/\/csc-grande-bastide.com\/wp-content\/uploads\/2021\/02\/Sac-Poubelle-en-tissu-Netauto-1-300x300.jpg 300w, https:\/\/csc-grande-bastide.com\/wp-content\/uploads\/2021\/02\/Sac-Poubelle-en-tissu-Netauto-1-1024x1024.jpg 1024w, https:\/\/csc-grande-bastide.com\/wp-content\/uploads\/2021\/02\/Sac-Poubelle-en-tissu-Netauto-1-150x150.jpg 150w, https:\/\/csc-grande-bastide.com\/wp-content\/uploads\/2021\/02\/Sac-Poubelle-en-tissu-Netauto-1-768x768.jpg 768w, https:\/\/csc-grande-bastide.com\/wp-content\/uploads\/2021\/02\/Sac-Poubelle-en-tissu-Netauto-1-1536x1536.jpg 1536w, https:\/\/csc-grande-bastide.com\/wp-content\/uploads\/2021\/02\/Sac-Poubelle-en-tissu-Netauto-1-600x600.jpg 600w, https:\/\/csc-grande-bastide.com\/wp-content\/uploads\/2021\/02\/Sac-Poubelle-en-tissu-Netauto-1-100x100.jpg 100w, https:\/\/csc-grande-bastide.com\/wp-content\/uploads\/2021\/02\/Sac-Poubelle-en-tissu-Netauto-1.jpg 2000w\" sizes=\"(max-width: 300px) 100vw, 300px\" \/><\/div>\n\t\t\t\t\t<div class=\"wc-block-grid__product-title\">Sac de rangement pour voiture &#8211; enfant grand mod\u00e8le<\/div>\n\t\t\t\t<\/a>\n\t\t\t\t<div class=\"wc-block-grid__product-price price\"><span class=\"woocommerce-Price-amount amount\">9,90<span class=\"woocommerce-Price-currencySymbol\">&euro;<\/span><\/span><\/div>\n\t\t\t\t<div class=\"wc-block-grid__product-rating\"><div class=\"star-rating\" role=\"img\" aria-label=\"Note 5.00 sur 5\"><span style=\"width:100%\">Not\u00e9 <strong class=\"rating\">5.00<\/strong> sur 5 bas\u00e9 sur <span class=\"rating\">1<\/span> notation client<\/span><\/div><\/div>\n\t\t\t\t<div class=\"wp-block-button wc-block-grid__product-add-to-cart\"><a href=\"https:\/\/csc-grande-bastide.com\/index.php\/produit\/sac-de-rangement-enfant-pour-voiture\/\" aria-label=\"S\u00e9lectionner les options pour &ldquo;Sac de rangement pour voiture - enfant grand mod\u00e8le&rdquo;\" data-quantity=\"1\" data-product_id=\"834\" data-product_sku=\"\" data-price=\"9.9\" rel=\"nofollow\" class=\"wp-block-button__link  add_to_cart_button\">Choix des options<\/a><\/div>\n\t\t\t<\/li><li class=\"wc-block-grid__product\">\n\t\t\t\t<a href=\"https:\/\/csc-grande-bastide.com\/index.php\/produit\/sac-enfant-petit-modele\/\" class=\"wc-block-grid__product-link\">\n\t\t\t\t\t\n\t\t\t\t\t<div class=\"wc-block-grid__product-image\"><img decoding=\"async\" width=\"300\" height=\"300\" src=\"https:\/\/csc-grande-bastide.com\/wp-content\/uploads\/2021\/02\/Sac-Poubelle-en-tissu-Netauto-4-300x300.jpg\" class=\"attachment-woocommerce_thumbnail size-woocommerce_thumbnail\" alt=\"Sac de rangement pour voiture - enfant petit mod\u00e8le\" srcset=\"https:\/\/csc-grande-bastide.com\/wp-content\/uploads\/2021\/02\/Sac-Poubelle-en-tissu-Netauto-4-300x300.jpg 300w, https:\/\/csc-grande-bastide.com\/wp-content\/uploads\/2021\/02\/Sac-Poubelle-en-tissu-Netauto-4-1024x1024.jpg 1024w, https:\/\/csc-grande-bastide.com\/wp-content\/uploads\/2021\/02\/Sac-Poubelle-en-tissu-Netauto-4-150x150.jpg 150w, https:\/\/csc-grande-bastide.com\/wp-content\/uploads\/2021\/02\/Sac-Poubelle-en-tissu-Netauto-4-768x768.jpg 768w, https:\/\/csc-grande-bastide.com\/wp-content\/uploads\/2021\/02\/Sac-Poubelle-en-tissu-Netauto-4-1536x1536.jpg 1536w, https:\/\/csc-grande-bastide.com\/wp-content\/uploads\/2021\/02\/Sac-Poubelle-en-tissu-Netauto-4-600x600.jpg 600w, https:\/\/csc-grande-bastide.com\/wp-content\/uploads\/2021\/02\/Sac-Poubelle-en-tissu-Netauto-4-100x100.jpg 100w, https:\/\/csc-grande-bastide.com\/wp-content\/uploads\/2021\/02\/Sac-Poubelle-en-tissu-Netauto-4.jpg 2000w\" sizes=\"(max-width: 300px) 100vw, 300px\" \/><\/div>\n\t\t\t\t\t<div class=\"wc-block-grid__product-title\">Sac de rangement pour voiture &#8211; enfant petit mod\u00e8le<\/div>\n\t\t\t\t<\/a>\n\t\t\t\t<div class=\"wc-block-grid__product-price price\"><span class=\"woocommerce-Price-amount amount\">5,90<span class=\"woocommerce-Price-currencySymbol\">&euro;<\/span><\/span><\/div>\n\t\t\t\t<div class=\"wc-block-grid__product-rating\"><div class=\"star-rating\" role=\"img\" aria-label=\"Note 5.00 sur 5\"><span style=\"width:100%\">Not\u00e9 <strong class=\"rating\">5.00<\/strong> sur 5 bas\u00e9 sur <span class=\"rating\">1<\/span> notation client<\/span><\/div><\/div>\n\t\t\t\t<div class=\"wp-block-button wc-block-grid__product-add-to-cart\"><a href=\"https:\/\/csc-grande-bastide.com\/index.php\/produit\/sac-enfant-petit-modele\/\" aria-label=\"S\u00e9lectionner les options pour &ldquo;Sac de rangement pour voiture - enfant petit mod\u00e8le&rdquo;\" data-quantity=\"1\" data-product_id=\"833\" data-product_sku=\"\" data-price=\"5.9\" rel=\"nofollow\" class=\"wp-block-button__link  add_to_cart_button\">Choix des options<\/a><\/div>\n\t\t\t<\/li><li class=\"wc-block-grid__product\">\n\t\t\t\t<a href=\"https:\/\/csc-grande-bastide.com\/index.php\/produit\/sac-classique-evase\/\" class=\"wc-block-grid__product-link\">\n\t\t\t\t\t\n\t\t\t\t\t<div class=\"wc-block-grid__product-image\"><img loading=\"lazy\" decoding=\"async\" width=\"300\" height=\"300\" src=\"https:\/\/csc-grande-bastide.com\/wp-content\/uploads\/2021\/02\/Sac-Poubelle-en-tissu-Netauto-10-300x300.jpg\" class=\"attachment-woocommerce_thumbnail size-woocommerce_thumbnail\" alt=\"Sac poubelle de voiture r\u00e9utilisable - classique \u00e9vas\u00e9\" srcset=\"https:\/\/csc-grande-bastide.com\/wp-content\/uploads\/2021\/02\/Sac-Poubelle-en-tissu-Netauto-10-300x300.jpg 300w, https:\/\/csc-grande-bastide.com\/wp-content\/uploads\/2021\/02\/Sac-Poubelle-en-tissu-Netauto-10-1024x1024.jpg 1024w, https:\/\/csc-grande-bastide.com\/wp-content\/uploads\/2021\/02\/Sac-Poubelle-en-tissu-Netauto-10-150x150.jpg 150w, https:\/\/csc-grande-bastide.com\/wp-content\/uploads\/2021\/02\/Sac-Poubelle-en-tissu-Netauto-10-768x768.jpg 768w, https:\/\/csc-grande-bastide.com\/wp-content\/uploads\/2021\/02\/Sac-Poubelle-en-tissu-Netauto-10-1536x1536.jpg 1536w, https:\/\/csc-grande-bastide.com\/wp-content\/uploads\/2021\/02\/Sac-Poubelle-en-tissu-Netauto-10-600x600.jpg 600w, https:\/\/csc-grande-bastide.com\/wp-content\/uploads\/2021\/02\/Sac-Poubelle-en-tissu-Netauto-10-100x100.jpg 100w, https:\/\/csc-grande-bastide.com\/wp-content\/uploads\/2021\/02\/Sac-Poubelle-en-tissu-Netauto-10.jpg 2000w\" sizes=\"(max-width: 300px) 100vw, 300px\" \/><\/div>\n\t\t\t\t\t<div class=\"wc-block-grid__product-title\">Sac poubelle de voiture r\u00e9utilisable &#8211; classique \u00e9vas\u00e9<\/div>\n\t\t\t\t<\/a>\n\t\t\t\t<div class=\"wc-block-grid__product-price price\"><span class=\"woocommerce-Price-amount amount\">5,90<span class=\"woocommerce-Price-currencySymbol\">&euro;<\/span><\/span><\/div>\n\t\t\t\t<div class=\"wc-block-grid__product-rating\"><div class=\"star-rating\" role=\"img\" aria-label=\"Note 5.00 sur 5\"><span style=\"width:100%\">Not\u00e9 <strong class=\"rating\">5.00<\/strong> sur 5 bas\u00e9 sur <span class=\"rating\">1<\/span> notation client<\/span><\/div><\/div>\n\t\t\t\t<div class=\"wp-block-button wc-block-grid__product-add-to-cart\"><a href=\"https:\/\/csc-grande-bastide.com\/index.php\/produit\/sac-classique-evase\/\" aria-label=\"S\u00e9lectionner les options pour &ldquo;Sac poubelle de voiture r\u00e9utilisable - classique \u00e9vas\u00e9&rdquo;\" data-quantity=\"1\" data-product_id=\"837\" data-product_sku=\"\" data-price=\"5.9\" rel=\"nofollow\" class=\"wp-block-button__link  add_to_cart_button\">Choix des options<\/a><\/div>\n\t\t\t<\/li><li class=\"wc-block-grid__product\">\n\t\t\t\t<a href=\"https:\/\/csc-grande-bastide.com\/index.php\/produit\/sac-poubelle-de-voiture\/\" class=\"wc-block-grid__product-link\">\n\t\t\t\t\t\n\t\t\t\t\t<div class=\"wc-block-grid__product-image\"><img loading=\"lazy\" decoding=\"async\" width=\"300\" height=\"300\" src=\"https:\/\/csc-grande-bastide.com\/wp-content\/uploads\/2020\/07\/PROMO-NET-AUTO-1-300x300.jpg\" class=\"attachment-woocommerce_thumbnail size-woocommerce_thumbnail\" alt=\"Sac poubelle de voiture r\u00e9utilisable - classique droit\" srcset=\"https:\/\/csc-grande-bastide.com\/wp-content\/uploads\/2020\/07\/PROMO-NET-AUTO-1-300x300.jpg 300w, https:\/\/csc-grande-bastide.com\/wp-content\/uploads\/2020\/07\/PROMO-NET-AUTO-1-1024x1024.jpg 1024w, https:\/\/csc-grande-bastide.com\/wp-content\/uploads\/2020\/07\/PROMO-NET-AUTO-1-150x150.jpg 150w, https:\/\/csc-grande-bastide.com\/wp-content\/uploads\/2020\/07\/PROMO-NET-AUTO-1-768x768.jpg 768w, https:\/\/csc-grande-bastide.com\/wp-content\/uploads\/2020\/07\/PROMO-NET-AUTO-1-1536x1536.jpg 1536w, https:\/\/csc-grande-bastide.com\/wp-content\/uploads\/2020\/07\/PROMO-NET-AUTO-1-600x600.jpg 600w, https:\/\/csc-grande-bastide.com\/wp-content\/uploads\/2020\/07\/PROMO-NET-AUTO-1-100x100.jpg 100w, https:\/\/csc-grande-bastide.com\/wp-content\/uploads\/2020\/07\/PROMO-NET-AUTO-1.jpg 2000w\" sizes=\"(max-width: 300px) 100vw, 300px\" \/><\/div>\n\t\t\t\t\t<div class=\"wc-block-grid__product-title\">Sac poubelle de voiture r\u00e9utilisable &#8211; classique droit<\/div>\n\t\t\t\t<\/a>\n\t\t\t\t<div class=\"wc-block-grid__product-price price\"><\/div>\n\t\t\t\t<div class=\"wc-block-grid__product-rating\"><div class=\"star-rating\" role=\"img\" aria-label=\"Note 5.00 sur 5\"><span style=\"width:100%\">Not\u00e9 <strong class=\"rating\">5.00<\/strong> sur 5 bas\u00e9 sur <span class=\"rating\">1<\/span> notation client<\/span><\/div><\/div>\n\t\t\t\t<div class=\"wp-block-button wc-block-grid__product-add-to-cart\"><a href=\"https:\/\/csc-grande-bastide.com\/index.php\/produit\/sac-poubelle-de-voiture\/\" aria-label=\"S\u00e9lectionner les options pour &ldquo;Sac poubelle de voiture r\u00e9utilisable - classique droit&rdquo;\" data-quantity=\"1\" data-product_id=\"835\" data-product_sku=\"\" data-price=\"5.9\" rel=\"nofollow\" class=\"wp-block-button__link  add_to_cart_button\">Choix des options<\/a><\/div>\n\t\t\t<\/li><\/ul><\/div>\n\n\n<div class=\"wp-block-image\"><figure class=\"aligncenter size-large is-resized\"><img loading=\"lazy\" decoding=\"async\" src=\"https:\/\/csc-grande-bastide.com\/wp-content\/uploads\/2021\/03\/Sans-titre.png\" alt=\"\" class=\"wp-image-2284\" width=\"168\" height=\"168\" srcset=\"https:\/\/csc-grande-bastide.com\/wp-content\/uploads\/2021\/03\/Sans-titre.png 500w, https:\/\/csc-grande-bastide.com\/wp-content\/uploads\/2021\/03\/Sans-titre-300x300.png 300w, https:\/\/csc-grande-bastide.com\/wp-content\/uploads\/2021\/03\/Sans-titre-150x150.png 150w, https:\/\/csc-grande-bastide.com\/wp-content\/uploads\/2021\/03\/Sans-titre-100x100.png 100w\" sizes=\"(max-width: 168px) 100vw, 168px\" \/><\/figure><\/div>\n\n\n\n<p><br><\/p>\n","protected":false},"excerpt":{"rendered":"<p>Net\u2019auto est un sac visant \u00e0 r\u00e9colter tous types de d\u00e9tritus pr\u00e9sents dans votre v\u00e9hicule. Il est r\u00e9utilisable et lavable. Ce concept a \u00e9t\u00e9 pens\u00e9 et d\u00e9velopp\u00e9 au Br\u00e9sil, o\u00f9 son utilisation est d\u00e9j\u00e0 tr\u00e8s r\u00e9pandue. En France, l\u2019id\u00e9e a germ\u00e9 sous l\u2019\u00e9gide du centre social et culturel La Grande Bastide \u00e0 Aix-en-Provence. Ce projet [&hellip;]<\/p>\n","protected":false},"author":2,"featured_media":180,"parent":0,"menu_order":0,"comment_status":"closed","ping_status":"closed","template":"","meta":{"footnotes":""},"class_list":["post-276","page","type-page","status-publish","has-post-thumbnail","hentry"],"yoast_head":"<!-- This site is optimized with the Yoast SEO plugin v27.3 - https:\/\/yoast.com\/product\/yoast-seo-wordpress\/ -->\n<title>Net Auto - &quot;La Grande Bastide&quot;<\/title>\n<meta name=\"robots\" content=\"index, follow, max-snippet:-1, max-image-preview:large, max-video-preview:-1\" \/>\n<link rel=\"canonical\" href=\"https:\/\/csc-grande-bastide.com\/index.php\/net-auto\/\" \/>\n<meta property=\"og:locale\" content=\"fr_FR\" \/>\n<meta property=\"og:type\" content=\"article\" \/>\n<meta property=\"og:title\" content=\"Net Auto - &quot;La Grande Bastide&quot;\" \/>\n<meta property=\"og:description\" content=\"Net\u2019auto est un sac visant \u00e0 r\u00e9colter tous types de d\u00e9tritus pr\u00e9sents dans votre v\u00e9hicule. Il est r\u00e9utilisable et lavable. Ce concept a \u00e9t\u00e9 pens\u00e9 et d\u00e9velopp\u00e9 au Br\u00e9sil, o\u00f9 son utilisation est d\u00e9j\u00e0 tr\u00e8s r\u00e9pandue. En France, l\u2019id\u00e9e a germ\u00e9 sous l\u2019\u00e9gide du centre social et culturel La Grande Bastide \u00e0 Aix-en-Provence. Ce projet [&hellip;]\" \/>\n<meta property=\"og:url\" content=\"https:\/\/csc-grande-bastide.com\/index.php\/net-auto\/\" \/>\n<meta property=\"og:site_name\" content=\"&quot;La Grande Bastide&quot;\" \/>\n<meta property=\"article:modified_time\" content=\"2021-06-20T19:36:12+00:00\" \/>\n<meta property=\"og:image\" content=\"https:\/\/csc-grande-bastide.com\/wp-content\/uploads\/2019\/11\/20191120_102439-1-scaled-e1595409325244.jpg\" \/>\n\t<meta property=\"og:image:width\" content=\"1036\" \/>\n\t<meta property=\"og:image:height\" content=\"1241\" \/>\n\t<meta property=\"og:image:type\" content=\"image\/jpeg\" \/>\n<meta name=\"twitter:card\" content=\"summary_large_image\" \/>\n<meta name=\"twitter:label1\" content=\"Dur\u00e9e de lecture estim\u00e9e\" \/>\n\t<meta name=\"twitter:data1\" content=\"2 minutes\" \/>\n<script type=\"application\/ld+json\" class=\"yoast-schema-graph\">{\"@context\":\"https:\\\/\\\/schema.org\",\"@graph\":[{\"@type\":\"WebPage\",\"@id\":\"https:\\\/\\\/csc-grande-bastide.com\\\/index.php\\\/net-auto\\\/\",\"url\":\"https:\\\/\\\/csc-grande-bastide.com\\\/index.php\\\/net-auto\\\/\",\"name\":\"Net Auto - &quot;La Grande Bastide&quot;\",\"isPartOf\":{\"@id\":\"https:\\\/\\\/csc-grande-bastide.com\\\/#website\"},\"primaryImageOfPage\":{\"@id\":\"https:\\\/\\\/csc-grande-bastide.com\\\/index.php\\\/net-auto\\\/#primaryimage\"},\"image\":{\"@id\":\"https:\\\/\\\/csc-grande-bastide.com\\\/index.php\\\/net-auto\\\/#primaryimage\"},\"thumbnailUrl\":\"https:\\\/\\\/csc-grande-bastide.com\\\/wp-content\\\/uploads\\\/2019\\\/11\\\/20191120_102439-1-scaled-e1595409325244.jpg\",\"datePublished\":\"2020-01-31T10:27:46+00:00\",\"dateModified\":\"2021-06-20T19:36:12+00:00\",\"breadcrumb\":{\"@id\":\"https:\\\/\\\/csc-grande-bastide.com\\\/index.php\\\/net-auto\\\/#breadcrumb\"},\"inLanguage\":\"fr-FR\",\"potentialAction\":[{\"@type\":\"ReadAction\",\"target\":[\"https:\\\/\\\/csc-grande-bastide.com\\\/index.php\\\/net-auto\\\/\"]}]},{\"@type\":\"ImageObject\",\"inLanguage\":\"fr-FR\",\"@id\":\"https:\\\/\\\/csc-grande-bastide.com\\\/index.php\\\/net-auto\\\/#primaryimage\",\"url\":\"https:\\\/\\\/csc-grande-bastide.com\\\/wp-content\\\/uploads\\\/2019\\\/11\\\/20191120_102439-1-scaled-e1595409325244.jpg\",\"contentUrl\":\"https:\\\/\\\/csc-grande-bastide.com\\\/wp-content\\\/uploads\\\/2019\\\/11\\\/20191120_102439-1-scaled-e1595409325244.jpg\",\"width\":1036,\"height\":1241},{\"@type\":\"BreadcrumbList\",\"@id\":\"https:\\\/\\\/csc-grande-bastide.com\\\/index.php\\\/net-auto\\\/#breadcrumb\",\"itemListElement\":[{\"@type\":\"ListItem\",\"position\":1,\"name\":\"Accueil\",\"item\":\"https:\\\/\\\/csc-grande-bastide.com\\\/\"},{\"@type\":\"ListItem\",\"position\":2,\"name\":\"Net Auto\"}]},{\"@type\":\"WebSite\",\"@id\":\"https:\\\/\\\/csc-grande-bastide.com\\\/#website\",\"url\":\"https:\\\/\\\/csc-grande-bastide.com\\\/\",\"name\":\"&quot;La Grande Bastide&quot;\",\"description\":\"Centre Social et Culturel \u00e0 Aix-en-Provence\",\"publisher\":{\"@id\":\"https:\\\/\\\/csc-grande-bastide.com\\\/#organization\"},\"potentialAction\":[{\"@type\":\"SearchAction\",\"target\":{\"@type\":\"EntryPoint\",\"urlTemplate\":\"https:\\\/\\\/csc-grande-bastide.com\\\/?s={search_term_string}\"},\"query-input\":{\"@type\":\"PropertyValueSpecification\",\"valueRequired\":true,\"valueName\":\"search_term_string\"}}],\"inLanguage\":\"fr-FR\"},{\"@type\":\"Organization\",\"@id\":\"https:\\\/\\\/csc-grande-bastide.com\\\/#organization\",\"name\":\"&quot;La Grande Bastide&quot;\",\"url\":\"https:\\\/\\\/csc-grande-bastide.com\\\/\",\"logo\":{\"@type\":\"ImageObject\",\"inLanguage\":\"fr-FR\",\"@id\":\"https:\\\/\\\/csc-grande-bastide.com\\\/#\\\/schema\\\/logo\\\/image\\\/\",\"url\":\"https:\\\/\\\/csc-grande-bastide.com\\\/wp-content\\\/uploads\\\/2023\\\/07\\\/cropped-Colorful-Books-Faux-OrganicAbstract-Media-Lifestyle-11-Static-Feed-Ad-1.png\",\"contentUrl\":\"https:\\\/\\\/csc-grande-bastide.com\\\/wp-content\\\/uploads\\\/2023\\\/07\\\/cropped-Colorful-Books-Faux-OrganicAbstract-Media-Lifestyle-11-Static-Feed-Ad-1.png\",\"width\":1079,\"height\":1079,\"caption\":\"&quot;La Grande Bastide&quot;\"},\"image\":{\"@id\":\"https:\\\/\\\/csc-grande-bastide.com\\\/#\\\/schema\\\/logo\\\/image\\\/\"}}]}<\/script>\n<!-- \/ Yoast SEO plugin. -->","yoast_head_json":{"title":"Net Auto - &quot;La Grande Bastide&quot;","robots":{"index":"index","follow":"follow","max-snippet":"max-snippet:-1","max-image-preview":"max-image-preview:large","max-video-preview":"max-video-preview:-1"},"canonical":"https:\/\/csc-grande-bastide.com\/index.php\/net-auto\/","og_locale":"fr_FR","og_type":"article","og_title":"Net Auto - &quot;La Grande Bastide&quot;","og_description":"Net\u2019auto est un sac visant \u00e0 r\u00e9colter tous types de d\u00e9tritus pr\u00e9sents dans votre v\u00e9hicule. Il est r\u00e9utilisable et lavable. Ce concept a \u00e9t\u00e9 pens\u00e9 et d\u00e9velopp\u00e9 au Br\u00e9sil, o\u00f9 son utilisation est d\u00e9j\u00e0 tr\u00e8s r\u00e9pandue. En France, l\u2019id\u00e9e a germ\u00e9 sous l\u2019\u00e9gide du centre social et culturel La Grande Bastide \u00e0 Aix-en-Provence. Ce projet [&hellip;]","og_url":"https:\/\/csc-grande-bastide.com\/index.php\/net-auto\/","og_site_name":"&quot;La Grande Bastide&quot;","article_modified_time":"2021-06-20T19:36:12+00:00","og_image":[{"width":1036,"height":1241,"url":"https:\/\/csc-grande-bastide.com\/wp-content\/uploads\/2019\/11\/20191120_102439-1-scaled-e1595409325244.jpg","type":"image\/jpeg"}],"twitter_card":"summary_large_image","twitter_misc":{"Dur\u00e9e de lecture estim\u00e9e":"2 minutes"},"schema":{"@context":"https:\/\/schema.org","@graph":[{"@type":"WebPage","@id":"https:\/\/csc-grande-bastide.com\/index.php\/net-auto\/","url":"https:\/\/csc-grande-bastide.com\/index.php\/net-auto\/","name":"Net Auto - &quot;La Grande Bastide&quot;","isPartOf":{"@id":"https:\/\/csc-grande-bastide.com\/#website"},"primaryImageOfPage":{"@id":"https:\/\/csc-grande-bastide.com\/index.php\/net-auto\/#primaryimage"},"image":{"@id":"https:\/\/csc-grande-bastide.com\/index.php\/net-auto\/#primaryimage"},"thumbnailUrl":"https:\/\/csc-grande-bastide.com\/wp-content\/uploads\/2019\/11\/20191120_102439-1-scaled-e1595409325244.jpg","datePublished":"2020-01-31T10:27:46+00:00","dateModified":"2021-06-20T19:36:12+00:00","breadcrumb":{"@id":"https:\/\/csc-grande-bastide.com\/index.php\/net-auto\/#breadcrumb"},"inLanguage":"fr-FR","potentialAction":[{"@type":"ReadAction","target":["https:\/\/csc-grande-bastide.com\/index.php\/net-auto\/"]}]},{"@type":"ImageObject","inLanguage":"fr-FR","@id":"https:\/\/csc-grande-bastide.com\/index.php\/net-auto\/#primaryimage","url":"https:\/\/csc-grande-bastide.com\/wp-content\/uploads\/2019\/11\/20191120_102439-1-scaled-e1595409325244.jpg","contentUrl":"https:\/\/csc-grande-bastide.com\/wp-content\/uploads\/2019\/11\/20191120_102439-1-scaled-e1595409325244.jpg","width":1036,"height":1241},{"@type":"BreadcrumbList","@id":"https:\/\/csc-grande-bastide.com\/index.php\/net-auto\/#breadcrumb","itemListElement":[{"@type":"ListItem","position":1,"name":"Accueil","item":"https:\/\/csc-grande-bastide.com\/"},{"@type":"ListItem","position":2,"name":"Net Auto"}]},{"@type":"WebSite","@id":"https:\/\/csc-grande-bastide.com\/#website","url":"https:\/\/csc-grande-bastide.com\/","name":"&quot;La Grande Bastide&quot;","description":"Centre Social et Culturel \u00e0 Aix-en-Provence","publisher":{"@id":"https:\/\/csc-grande-bastide.com\/#organization"},"potentialAction":[{"@type":"SearchAction","target":{"@type":"EntryPoint","urlTemplate":"https:\/\/csc-grande-bastide.com\/?s={search_term_string}"},"query-input":{"@type":"PropertyValueSpecification","valueRequired":true,"valueName":"search_term_string"}}],"inLanguage":"fr-FR"},{"@type":"Organization","@id":"https:\/\/csc-grande-bastide.com\/#organization","name":"&quot;La Grande Bastide&quot;","url":"https:\/\/csc-grande-bastide.com\/","logo":{"@type":"ImageObject","inLanguage":"fr-FR","@id":"https:\/\/csc-grande-bastide.com\/#\/schema\/logo\/image\/","url":"https:\/\/csc-grande-bastide.com\/wp-content\/uploads\/2023\/07\/cropped-Colorful-Books-Faux-OrganicAbstract-Media-Lifestyle-11-Static-Feed-Ad-1.png","contentUrl":"https:\/\/csc-grande-bastide.com\/wp-content\/uploads\/2023\/07\/cropped-Colorful-Books-Faux-OrganicAbstract-Media-Lifestyle-11-Static-Feed-Ad-1.png","width":1079,"height":1079,"caption":"&quot;La Grande Bastide&quot;"},"image":{"@id":"https:\/\/csc-grande-bastide.com\/#\/schema\/logo\/image\/"}}]}},"jetpack_sharing_enabled":true,"_links":{"self":[{"href":"https:\/\/csc-grande-bastide.com\/index.php\/wp-json\/wp\/v2\/pages\/276","targetHints":{"allow":["GET"]}}],"collection":[{"href":"https:\/\/csc-grande-bastide.com\/index.php\/wp-json\/wp\/v2\/pages"}],"about":[{"href":"https:\/\/csc-grande-bastide.com\/index.php\/wp-json\/wp\/v2\/types\/page"}],"author":[{"embeddable":true,"href":"https:\/\/csc-grande-bastide.com\/index.php\/wp-json\/wp\/v2\/users\/2"}],"replies":[{"embeddable":true,"href":"https:\/\/csc-grande-bastide.com\/index.php\/wp-json\/wp\/v2\/comments?post=276"}],"version-history":[{"count":33,"href":"https:\/\/csc-grande-bastide.com\/index.php\/wp-json\/wp\/v2\/pages\/276\/revisions"}],"predecessor-version":[{"id":3594,"href":"https:\/\/csc-grande-bastide.com\/index.php\/wp-json\/wp\/v2\/pages\/276\/revisions\/3594"}],"wp:featuredmedia":[{"embeddable":true,"href":"https:\/\/csc-grande-bastide.com\/index.php\/wp-json\/wp\/v2\/media\/180"}],"wp:attachment":[{"href":"https:\/\/csc-grande-bastide.com\/index.php\/wp-json\/wp\/v2\/media?parent=276"}],"curies":[{"name":"wp","href":"https:\/\/api.w.org\/{rel}","templated":true}]}}