{"id":7969,"date":"2022-09-12T15:02:28","date_gmt":"2022-09-12T13:02:28","guid":{"rendered":"https:\/\/csc-grande-bastide.com\/?page_id=7969"},"modified":"2025-03-17T15:43:51","modified_gmt":"2025-03-17T14:43:51","slug":"espace-de-paroles","status":"publish","type":"page","link":"https:\/\/csc-grande-bastide.com\/index.php\/espace-de-paroles\/","title":{"rendered":"Espace de Paroles"},"content":{"rendered":"\n<p class=\"has-text-align-center has-black-color has-text-color has-background has-medium-font-size\" style=\"background-color:#c5dddd\">Sous la forme d&rsquo;entretiens individuels, d&rsquo;espace de paroles, vous pourrez venir poser vos questionnements, interrogations qu&rsquo;ils soient d&rsquo;origine familiale ou sociale : probl\u00e8mes de comportement, troubles alimentaires, drogue, difficult\u00e9s au travail, \u00e0 l&rsquo;\u00e9cole, au sein de la famille, \u00e9tats de stress, d&rsquo;angoisse&#8230;<\/p>\n\n\n\n<p class=\"has-text-align-center has-vivid-red-color has-text-color has-medium-font-size\"><strong>REPRISE DES SEANCES LES JEUDIS <\/strong><\/p>\n\n\n\n<p class=\"has-text-align-center has-black-color has-text-color has-medium-font-size\"><strong>PUIS TOUS LES JEUDIS DE 17H A 19H SUR RENDEZ-VOUS AU 04.42.26.34.46<\/strong><\/p>\n\n\n\n<p class=\"has-text-align-center has-black-color has-text-color has-medium-font-size\"><strong>avec Serge Pidzyrajlo &#8211; Psychanalyste<\/strong><\/p>\n\n\n\n<div style=\"height:29px\" aria-hidden=\"true\" class=\"wp-block-spacer\"><\/div>\n\n\n\n<p class=\"has-text-align-center has-black-color has-text-color has-medium-font-size\">Vous souhaitez devenir adh\u00e9rent du Centre Social ? C&rsquo;est <a href=\"https:\/\/csc-grande-bastide.com\/index.php\/renseignements-pratiques-inscription-centre-social\/\" target=\"_blank\" rel=\"noreferrer noopener\">par ici<\/a>.<\/p>\n\n\n\n<div style=\"height:37px\" aria-hidden=\"true\" class=\"wp-block-spacer\"><\/div>\n\n\n<div class=\"wp-block-image\">\n<figure class=\"aligncenter size-large\"><img fetchpriority=\"high\" decoding=\"async\" width=\"724\" height=\"1024\" src=\"https:\/\/csc-grande-bastide.com\/wp-content\/uploads\/2025\/03\/Espace-de-parole-2-724x1024.jpg\" alt=\"\" class=\"wp-image-17553\" srcset=\"https:\/\/csc-grande-bastide.com\/wp-content\/uploads\/2025\/03\/Espace-de-parole-2-724x1024.jpg 724w, https:\/\/csc-grande-bastide.com\/wp-content\/uploads\/2025\/03\/Espace-de-parole-2-212x300.jpg 212w, https:\/\/csc-grande-bastide.com\/wp-content\/uploads\/2025\/03\/Espace-de-parole-2-768x1086.jpg 768w, https:\/\/csc-grande-bastide.com\/wp-content\/uploads\/2025\/03\/Espace-de-parole-2-1086x1536.jpg 1086w, https:\/\/csc-grande-bastide.com\/wp-content\/uploads\/2025\/03\/Espace-de-parole-2-600x849.jpg 600w, https:\/\/csc-grande-bastide.com\/wp-content\/uploads\/2025\/03\/Espace-de-parole-2.jpg 1414w\" sizes=\"(max-width: 724px) 100vw, 724px\" \/><\/figure>\n<\/div>\n\n\n<div style=\"height:20px\" aria-hidden=\"true\" class=\"wp-block-spacer\"><\/div>\n\n\n\n<p class=\"has-text-align-center has-black-color has-text-color has-medium-font-size\">D\u00e9couvrez encore plus d&rsquo;actualit\u00e9s et de photos sur notre <a href=\"https:\/\/www.facebook.com\/cscgrandebastide\/\" target=\"_blank\" rel=\"noreferrer noopener\">page Facebook<\/a> !<\/p>\n","protected":false},"excerpt":{"rendered":"<p>Sous la forme d&rsquo;entretiens individuels, d&rsquo;espace de paroles, vous pourrez venir poser vos questionnements, interrogations qu&rsquo;ils soient d&rsquo;origine familiale ou sociale : probl\u00e8mes de comportement, troubles alimentaires, drogue, difficult\u00e9s au travail, \u00e0 l&rsquo;\u00e9cole, au sein de la famille, \u00e9tats de stress, d&rsquo;angoisse&#8230; REPRISE DES SEANCES LES JEUDIS PUIS TOUS LES JEUDIS DE 17H A 19H [&hellip;]<\/p>\n","protected":false},"author":9,"featured_media":8096,"parent":0,"menu_order":0,"comment_status":"closed","ping_status":"closed","template":"","meta":{"footnotes":""},"class_list":["post-7969","page","type-page","status-publish","has-post-thumbnail","hentry"],"yoast_head":"<!-- This site is optimized with the Yoast SEO plugin v27.3 - https:\/\/yoast.com\/product\/yoast-seo-wordpress\/ -->\n<title>Espace de Paroles - &quot;La Grande Bastide&quot;<\/title>\n<meta name=\"description\" content=\"Cette espace de paroles, vous permet de venir poser vos questions ou interrogations qu&#039;ils soient d&#039;origine familiale ou sociale.\" \/>\n<meta name=\"robots\" content=\"index, follow, max-snippet:-1, max-image-preview:large, max-video-preview:-1\" \/>\n<link rel=\"canonical\" href=\"https:\/\/csc-grande-bastide.com\/index.php\/espace-de-paroles\/\" \/>\n<meta property=\"og:locale\" content=\"fr_FR\" \/>\n<meta property=\"og:type\" content=\"article\" \/>\n<meta property=\"og:title\" content=\"Espace de Paroles - &quot;La Grande Bastide&quot;\" \/>\n<meta property=\"og:description\" content=\"Cette espace de paroles, vous permet de venir poser vos questions ou interrogations qu&#039;ils soient d&#039;origine familiale ou sociale.\" \/>\n<meta property=\"og:url\" content=\"https:\/\/csc-grande-bastide.com\/index.php\/espace-de-paroles\/\" \/>\n<meta property=\"og:site_name\" content=\"&quot;La Grande Bastide&quot;\" \/>\n<meta property=\"article:modified_time\" content=\"2025-03-17T14:43:51+00:00\" \/>\n<meta property=\"og:image\" content=\"https:\/\/csc-grande-bastide.com\/wp-content\/uploads\/2022\/09\/IMAGES-MISES-EN-AVANT-SITE-12.jpg\" \/>\n\t<meta property=\"og:image:width\" content=\"2000\" \/>\n\t<meta property=\"og:image:height\" content=\"952\" \/>\n\t<meta property=\"og:image:type\" content=\"image\/jpeg\" \/>\n<meta name=\"twitter:card\" content=\"summary_large_image\" \/>\n<meta name=\"twitter:label1\" content=\"Dur\u00e9e de lecture estim\u00e9e\" \/>\n\t<meta name=\"twitter:data1\" content=\"1 minute\" \/>\n<script type=\"application\/ld+json\" class=\"yoast-schema-graph\">{\"@context\":\"https:\\\/\\\/schema.org\",\"@graph\":[{\"@type\":\"WebPage\",\"@id\":\"https:\\\/\\\/csc-grande-bastide.com\\\/index.php\\\/espace-de-paroles\\\/\",\"url\":\"https:\\\/\\\/csc-grande-bastide.com\\\/index.php\\\/espace-de-paroles\\\/\",\"name\":\"Espace de Paroles - &quot;La Grande Bastide&quot;\",\"isPartOf\":{\"@id\":\"https:\\\/\\\/csc-grande-bastide.com\\\/#website\"},\"primaryImageOfPage\":{\"@id\":\"https:\\\/\\\/csc-grande-bastide.com\\\/index.php\\\/espace-de-paroles\\\/#primaryimage\"},\"image\":{\"@id\":\"https:\\\/\\\/csc-grande-bastide.com\\\/index.php\\\/espace-de-paroles\\\/#primaryimage\"},\"thumbnailUrl\":\"https:\\\/\\\/csc-grande-bastide.com\\\/wp-content\\\/uploads\\\/2022\\\/09\\\/IMAGES-MISES-EN-AVANT-SITE-12.jpg\",\"datePublished\":\"2022-09-12T13:02:28+00:00\",\"dateModified\":\"2025-03-17T14:43:51+00:00\",\"description\":\"Cette espace de paroles, vous permet de venir poser vos questions ou interrogations qu'ils soient d'origine familiale ou sociale.\",\"breadcrumb\":{\"@id\":\"https:\\\/\\\/csc-grande-bastide.com\\\/index.php\\\/espace-de-paroles\\\/#breadcrumb\"},\"inLanguage\":\"fr-FR\",\"potentialAction\":[{\"@type\":\"ReadAction\",\"target\":[\"https:\\\/\\\/csc-grande-bastide.com\\\/index.php\\\/espace-de-paroles\\\/\"]}]},{\"@type\":\"ImageObject\",\"inLanguage\":\"fr-FR\",\"@id\":\"https:\\\/\\\/csc-grande-bastide.com\\\/index.php\\\/espace-de-paroles\\\/#primaryimage\",\"url\":\"https:\\\/\\\/csc-grande-bastide.com\\\/wp-content\\\/uploads\\\/2022\\\/09\\\/IMAGES-MISES-EN-AVANT-SITE-12.jpg\",\"contentUrl\":\"https:\\\/\\\/csc-grande-bastide.com\\\/wp-content\\\/uploads\\\/2022\\\/09\\\/IMAGES-MISES-EN-AVANT-SITE-12.jpg\",\"width\":2000,\"height\":952},{\"@type\":\"BreadcrumbList\",\"@id\":\"https:\\\/\\\/csc-grande-bastide.com\\\/index.php\\\/espace-de-paroles\\\/#breadcrumb\",\"itemListElement\":[{\"@type\":\"ListItem\",\"position\":1,\"name\":\"Accueil\",\"item\":\"https:\\\/\\\/csc-grande-bastide.com\\\/\"},{\"@type\":\"ListItem\",\"position\":2,\"name\":\"Espace de Paroles\"}]},{\"@type\":\"WebSite\",\"@id\":\"https:\\\/\\\/csc-grande-bastide.com\\\/#website\",\"url\":\"https:\\\/\\\/csc-grande-bastide.com\\\/\",\"name\":\"&quot;La Grande Bastide&quot;\",\"description\":\"Centre Social et Culturel \u00e0 Aix-en-Provence\",\"publisher\":{\"@id\":\"https:\\\/\\\/csc-grande-bastide.com\\\/#organization\"},\"potentialAction\":[{\"@type\":\"SearchAction\",\"target\":{\"@type\":\"EntryPoint\",\"urlTemplate\":\"https:\\\/\\\/csc-grande-bastide.com\\\/?s={search_term_string}\"},\"query-input\":{\"@type\":\"PropertyValueSpecification\",\"valueRequired\":true,\"valueName\":\"search_term_string\"}}],\"inLanguage\":\"fr-FR\"},{\"@type\":\"Organization\",\"@id\":\"https:\\\/\\\/csc-grande-bastide.com\\\/#organization\",\"name\":\"&quot;La Grande Bastide&quot;\",\"url\":\"https:\\\/\\\/csc-grande-bastide.com\\\/\",\"logo\":{\"@type\":\"ImageObject\",\"inLanguage\":\"fr-FR\",\"@id\":\"https:\\\/\\\/csc-grande-bastide.com\\\/#\\\/schema\\\/logo\\\/image\\\/\",\"url\":\"https:\\\/\\\/csc-grande-bastide.com\\\/wp-content\\\/uploads\\\/2023\\\/07\\\/cropped-Colorful-Books-Faux-OrganicAbstract-Media-Lifestyle-11-Static-Feed-Ad-1.png\",\"contentUrl\":\"https:\\\/\\\/csc-grande-bastide.com\\\/wp-content\\\/uploads\\\/2023\\\/07\\\/cropped-Colorful-Books-Faux-OrganicAbstract-Media-Lifestyle-11-Static-Feed-Ad-1.png\",\"width\":1079,\"height\":1079,\"caption\":\"&quot;La Grande Bastide&quot;\"},\"image\":{\"@id\":\"https:\\\/\\\/csc-grande-bastide.com\\\/#\\\/schema\\\/logo\\\/image\\\/\"}}]}<\/script>\n<!-- \/ Yoast SEO plugin. -->","yoast_head_json":{"title":"Espace de Paroles - &quot;La Grande Bastide&quot;","description":"Cette espace de paroles, vous permet de venir poser vos questions ou interrogations qu'ils soient d'origine familiale ou sociale.","robots":{"index":"index","follow":"follow","max-snippet":"max-snippet:-1","max-image-preview":"max-image-preview:large","max-video-preview":"max-video-preview:-1"},"canonical":"https:\/\/csc-grande-bastide.com\/index.php\/espace-de-paroles\/","og_locale":"fr_FR","og_type":"article","og_title":"Espace de Paroles - &quot;La Grande Bastide&quot;","og_description":"Cette espace de paroles, vous permet de venir poser vos questions ou interrogations qu'ils soient d'origine familiale ou sociale.","og_url":"https:\/\/csc-grande-bastide.com\/index.php\/espace-de-paroles\/","og_site_name":"&quot;La Grande Bastide&quot;","article_modified_time":"2025-03-17T14:43:51+00:00","og_image":[{"width":2000,"height":952,"url":"https:\/\/csc-grande-bastide.com\/wp-content\/uploads\/2022\/09\/IMAGES-MISES-EN-AVANT-SITE-12.jpg","type":"image\/jpeg"}],"twitter_card":"summary_large_image","twitter_misc":{"Dur\u00e9e de lecture estim\u00e9e":"1 minute"},"schema":{"@context":"https:\/\/schema.org","@graph":[{"@type":"WebPage","@id":"https:\/\/csc-grande-bastide.com\/index.php\/espace-de-paroles\/","url":"https:\/\/csc-grande-bastide.com\/index.php\/espace-de-paroles\/","name":"Espace de Paroles - &quot;La Grande Bastide&quot;","isPartOf":{"@id":"https:\/\/csc-grande-bastide.com\/#website"},"primaryImageOfPage":{"@id":"https:\/\/csc-grande-bastide.com\/index.php\/espace-de-paroles\/#primaryimage"},"image":{"@id":"https:\/\/csc-grande-bastide.com\/index.php\/espace-de-paroles\/#primaryimage"},"thumbnailUrl":"https:\/\/csc-grande-bastide.com\/wp-content\/uploads\/2022\/09\/IMAGES-MISES-EN-AVANT-SITE-12.jpg","datePublished":"2022-09-12T13:02:28+00:00","dateModified":"2025-03-17T14:43:51+00:00","description":"Cette espace de paroles, vous permet de venir poser vos questions ou interrogations qu'ils soient d'origine familiale ou sociale.","breadcrumb":{"@id":"https:\/\/csc-grande-bastide.com\/index.php\/espace-de-paroles\/#breadcrumb"},"inLanguage":"fr-FR","potentialAction":[{"@type":"ReadAction","target":["https:\/\/csc-grande-bastide.com\/index.php\/espace-de-paroles\/"]}]},{"@type":"ImageObject","inLanguage":"fr-FR","@id":"https:\/\/csc-grande-bastide.com\/index.php\/espace-de-paroles\/#primaryimage","url":"https:\/\/csc-grande-bastide.com\/wp-content\/uploads\/2022\/09\/IMAGES-MISES-EN-AVANT-SITE-12.jpg","contentUrl":"https:\/\/csc-grande-bastide.com\/wp-content\/uploads\/2022\/09\/IMAGES-MISES-EN-AVANT-SITE-12.jpg","width":2000,"height":952},{"@type":"BreadcrumbList","@id":"https:\/\/csc-grande-bastide.com\/index.php\/espace-de-paroles\/#breadcrumb","itemListElement":[{"@type":"ListItem","position":1,"name":"Accueil","item":"https:\/\/csc-grande-bastide.com\/"},{"@type":"ListItem","position":2,"name":"Espace de Paroles"}]},{"@type":"WebSite","@id":"https:\/\/csc-grande-bastide.com\/#website","url":"https:\/\/csc-grande-bastide.com\/","name":"&quot;La Grande Bastide&quot;","description":"Centre Social et Culturel \u00e0 Aix-en-Provence","publisher":{"@id":"https:\/\/csc-grande-bastide.com\/#organization"},"potentialAction":[{"@type":"SearchAction","target":{"@type":"EntryPoint","urlTemplate":"https:\/\/csc-grande-bastide.com\/?s={search_term_string}"},"query-input":{"@type":"PropertyValueSpecification","valueRequired":true,"valueName":"search_term_string"}}],"inLanguage":"fr-FR"},{"@type":"Organization","@id":"https:\/\/csc-grande-bastide.com\/#organization","name":"&quot;La Grande Bastide&quot;","url":"https:\/\/csc-grande-bastide.com\/","logo":{"@type":"ImageObject","inLanguage":"fr-FR","@id":"https:\/\/csc-grande-bastide.com\/#\/schema\/logo\/image\/","url":"https:\/\/csc-grande-bastide.com\/wp-content\/uploads\/2023\/07\/cropped-Colorful-Books-Faux-OrganicAbstract-Media-Lifestyle-11-Static-Feed-Ad-1.png","contentUrl":"https:\/\/csc-grande-bastide.com\/wp-content\/uploads\/2023\/07\/cropped-Colorful-Books-Faux-OrganicAbstract-Media-Lifestyle-11-Static-Feed-Ad-1.png","width":1079,"height":1079,"caption":"&quot;La Grande Bastide&quot;"},"image":{"@id":"https:\/\/csc-grande-bastide.com\/#\/schema\/logo\/image\/"}}]}},"jetpack_sharing_enabled":true,"_links":{"self":[{"href":"https:\/\/csc-grande-bastide.com\/index.php\/wp-json\/wp\/v2\/pages\/7969","targetHints":{"allow":["GET"]}}],"collection":[{"href":"https:\/\/csc-grande-bastide.com\/index.php\/wp-json\/wp\/v2\/pages"}],"about":[{"href":"https:\/\/csc-grande-bastide.com\/index.php\/wp-json\/wp\/v2\/types\/page"}],"author":[{"embeddable":true,"href":"https:\/\/csc-grande-bastide.com\/index.php\/wp-json\/wp\/v2\/users\/9"}],"replies":[{"embeddable":true,"href":"https:\/\/csc-grande-bastide.com\/index.php\/wp-json\/wp\/v2\/comments?post=7969"}],"version-history":[{"count":8,"href":"https:\/\/csc-grande-bastide.com\/index.php\/wp-json\/wp\/v2\/pages\/7969\/revisions"}],"predecessor-version":[{"id":17554,"href":"https:\/\/csc-grande-bastide.com\/index.php\/wp-json\/wp\/v2\/pages\/7969\/revisions\/17554"}],"wp:featuredmedia":[{"embeddable":true,"href":"https:\/\/csc-grande-bastide.com\/index.php\/wp-json\/wp\/v2\/media\/8096"}],"wp:attachment":[{"href":"https:\/\/csc-grande-bastide.com\/index.php\/wp-json\/wp\/v2\/media?parent=7969"}],"curies":[{"name":"wp","href":"https:\/\/api.w.org\/{rel}","templated":true}]}}