{"id":8048,"date":"2022-09-21T13:51:56","date_gmt":"2022-09-21T11:51:56","guid":{"rendered":"https:\/\/csc-grande-bastide.com\/?page_id=8048"},"modified":"2026-03-31T13:11:02","modified_gmt":"2026-03-31T11:11:02","slug":"secteur-preados","status":"publish","type":"page","link":"https:\/\/csc-grande-bastide.com\/index.php\/secteur-preados\/","title":{"rendered":"Secteur Pr\u00e9ados"},"content":{"rendered":"\n<h2 class=\"wp-block-heading has-text-align-center has-vivid-red-color has-text-color has-background has-medium-font-size\" style=\"background-color:#eaeaea\"><strong>NOUVEAU !<\/strong><\/h2>\n\n\n\n<div class=\"wp-block-media-text alignwide is-stacked-on-mobile\"><figure class=\"wp-block-media-text__media\"><img fetchpriority=\"high\" decoding=\"async\" width=\"1024\" height=\"768\" src=\"https:\/\/csc-grande-bastide.com\/wp-content\/uploads\/2024\/07\/photo-de-groupe-preados-2023-1024x768.jpg\" alt=\"\" class=\"wp-image-14568 size-full\" srcset=\"https:\/\/csc-grande-bastide.com\/wp-content\/uploads\/2024\/07\/photo-de-groupe-preados-2023-1024x768.jpg 1024w, https:\/\/csc-grande-bastide.com\/wp-content\/uploads\/2024\/07\/photo-de-groupe-preados-2023-300x225.jpg 300w, https:\/\/csc-grande-bastide.com\/wp-content\/uploads\/2024\/07\/photo-de-groupe-preados-2023-768x576.jpg 768w, https:\/\/csc-grande-bastide.com\/wp-content\/uploads\/2024\/07\/photo-de-groupe-preados-2023-1536x1152.jpg 1536w, https:\/\/csc-grande-bastide.com\/wp-content\/uploads\/2024\/07\/photo-de-groupe-preados-2023-600x450.jpg 600w, https:\/\/csc-grande-bastide.com\/wp-content\/uploads\/2024\/07\/photo-de-groupe-preados-2023.jpg 2048w\" sizes=\"(max-width: 1024px) 100vw, 1024px\" \/><\/figure><div class=\"wp-block-media-text__content\">\n<p class=\"has-black-color has-text-color has-background\" style=\"background-color:#e5e5e5\">Le Secteur Pr\u00e9ados se d\u00e9veloppe dans&nbsp;des locaux sp\u00e9cifiques (ancien local jeunes) qui seront enti\u00e8rement am\u00e9nag\u00e9s&nbsp;par les pr\u00e9ados.<\/p>\n\n\n\n<p class=\"has-black-color has-text-color has-background\" style=\"background-color:#e5e5e5\">Accueil des enfants de 11 ans \u00e0 13 ans <strong>de 14h \u00e0 18h00<\/strong> les mercredis en p\u00e9riode scolaire et toute la semaines <strong>de 9h \u00e0 17h<\/strong> durant les vacances scolaires.&nbsp;<\/p>\n\n\n\n<p><\/p>\n\n\n\n<p><\/p>\n<\/div><\/div>\n\n\n\n<div style=\"height:32px\" aria-hidden=\"true\" class=\"wp-block-spacer\"><\/div>\n\n\n\n<p class=\"has-text-align-center has-black-color has-text-color has-medium-font-size\"><em>Possibilit\u00e9 d&rsquo;inscription : matin avec repas, matin sans repas, apr\u00e8s-midi avec repas, apr\u00e8s-midi sans repas<\/em><\/p>\n\n\n\n<p class=\"has-text-align-center has-black-color has-text-color has-medium-font-size\"><mark style=\"background-color:rgba(0, 0, 0, 0)\" class=\"has-inline-color has-colibri-color-6-color\">Le Secteur Pr\u00e9ados est soumis \u00e0 la m\u00eame tarification que L<\/mark>&lsquo;ALSH<mark style=\"background-color:rgba(0, 0, 0, 0)\" class=\"has-inline-color has-colibri-color-6-color\">.<br><strong>Un temps d\u00e9di\u00e9 aux devoirs aura lieu, dans la continuit\u00e9 de la journ\u00e9e, de 17h \u00e0 18h<\/strong><\/mark><strong>.<\/strong><\/p>\n\n\n\n<div style=\"height:14px\" aria-hidden=\"true\" class=\"wp-block-spacer\"><\/div>\n\n\n\n<p class=\"has-text-align-center\"><a href=\"https:\/\/csc-grande-bastide.com\/wp-content\/uploads\/2024\/05\/DOSSIER-INSCRIPTION-ALSH-2024-2025.pdf\" target=\"_blank\" rel=\"noreferrer noopener\">T\u00e9l\u00e9chargez ici, le dossier d&rsquo;inscription \u00e0 l&rsquo;Accueil de Loisirs pour l&rsquo;ann\u00e9e 2024-2025<\/a><\/p>\n\n\n\n<div style=\"height:52px\" aria-hidden=\"true\" class=\"wp-block-spacer\"><\/div>\n\n\n\n<p class=\"has-text-align-center has-black-color has-text-color has-medium-font-size\">\u267f Un accueil d&rsquo;enfants en situation de handicap est propos\u00e9. Un entretien pr\u00e9alable \u00e0 l&rsquo;inscription avec la directrice de l&rsquo;ACM est n\u00e9cessaire pour la s\u00e9curit\u00e9 et l&rsquo;int\u00e9gration de l&rsquo;enfant dans le groupe.<\/p>\n\n\n\n<div style=\"height:27px\" aria-hidden=\"true\" class=\"wp-block-spacer\"><\/div>\n\n\n\n<h3 class=\"wp-block-heading has-text-align-center has-vivid-red-color has-text-color has-medium-font-size\">PROGRAMME D&rsquo;ACTIVIT\u00c9S<br>MERCREDIS<\/h3>\n\n\n\n<p class=\"has-text-align-center has-medium-font-size\"><mark style=\"background-color:rgba(0, 0, 0, 0);color:#ff0101\" class=\"has-inline-color\">\u26a0\ufe0f <strong>Le secteur pr\u00e9adolescents est actuellement suspendu<\/strong> \u26a0\ufe0f<br><strong>en raison d\u2019un nombre insuffisant d\u2019inscriptions les mercredis.<\/strong><\/mark><\/p>\n\n\n\n<div style=\"height:28px\" aria-hidden=\"true\" class=\"wp-block-spacer\"><\/div>\n\n\n\n<p class=\"has-text-align-center\"><em><mark>En fonction des annonces sanitaires, les dates des activit\u00e9s propos\u00e9es pourraient \u00eatre modifi\u00e9es ou \u00e9ventuellement annul\u00e9es<\/mark><\/em>.<\/p>\n\n\n\n<div style=\"height:25px\" aria-hidden=\"true\" class=\"wp-block-spacer\"><\/div>\n\n\n\n<h2 class=\"wp-block-heading has-text-align-center has-text-color\" style=\"color:#b10909\"><strong><mark style=\"background-color:rgba(0, 0, 0, 0);color:#b60202\" class=\"has-inline-color\">PROGRAMME D&rsquo;ACTIVIT\u00c9S<br>VACANCES <\/mark>DE PRINTEMPS 2026<\/strong><br>(accueil de 9h \u00e0 18h)<br><br><\/h2>\n\n\n<div class=\"wp-block-image\">\n<figure class=\"aligncenter size-large\"><a href=\"https:\/\/csc-grande-bastide.com\/wp-content\/uploads\/2026\/03\/printemps-2026.png\" target=\"_blank\" rel=\" noreferrer noopener\"><img decoding=\"async\" width=\"1024\" height=\"724\" src=\"https:\/\/csc-grande-bastide.com\/wp-content\/uploads\/2026\/03\/printemps-2026-1024x724.png\" alt=\"\" class=\"wp-image-20919\" srcset=\"https:\/\/csc-grande-bastide.com\/wp-content\/uploads\/2026\/03\/printemps-2026-1024x724.png 1024w, https:\/\/csc-grande-bastide.com\/wp-content\/uploads\/2026\/03\/printemps-2026-300x212.png 300w, https:\/\/csc-grande-bastide.com\/wp-content\/uploads\/2026\/03\/printemps-2026-768x543.png 768w, https:\/\/csc-grande-bastide.com\/wp-content\/uploads\/2026\/03\/printemps-2026-1536x1086.png 1536w, https:\/\/csc-grande-bastide.com\/wp-content\/uploads\/2026\/03\/printemps-2026-600x424.png 600w, https:\/\/csc-grande-bastide.com\/wp-content\/uploads\/2026\/03\/printemps-2026.png 2000w\" sizes=\"(max-width: 1024px) 100vw, 1024px\" \/><\/a><\/figure>\n<\/div>\n\n\n<div style=\"height:29px\" aria-hidden=\"true\" class=\"wp-block-spacer\"><\/div>\n\n\n\n<p class=\"has-text-align-center has-medium-font-size\"><mark style=\"background-color:rgba(0, 0, 0, 0)\" class=\"has-inline-color has-colibri-color-2-color\"><strong>D\u00e9couvrez la nouvelle grille tarifaire de l&rsquo;ALSH<\/strong><br><\/mark><a href=\"https:\/\/csc-grande-bastide.com\/wp-content\/uploads\/2025\/06\/GRILLE-TARIFS-ALSH-2025.pdf\" target=\"_blank\" rel=\"noreferrer noopener\">En cliquant ici<\/a><\/p>\n\n\n\n<p class=\"has-text-align-center\">\ud83d\udcde&nbsp;Pour tout renseignement suppl\u00e9mentaire concernant le secteurs pr\u00e9ados, vous pouvez contacter la directrice du centre de loisirs Alexia Galmim par mail \u00e0 csc.a.galmim@gmail.com, l&rsquo;animatrice r\u00e9f\u00e9rente Sarah Leyoudec \u00e0 csc.s.leyoudec@gmail.com ou bien l\u2019accueil du Centre par t\u00e9l\u00e9phone au 04.42.26.34.46.<\/p>\n\n\n\n<p class=\"has-text-align-center\"><a href=\"https:\/\/csc-grande-bastide.com\/index.php\/renseignements-pratiques\/\"><em>Renseignements pratiques pour l\u2019inscription<\/em><\/a><\/p>\n\n\n<div class=\"wp-block-image\">\n<figure class=\"aligncenter is-resized\"><a href=\"https:\/\/www.aixenprovence.fr\/\"><img decoding=\"async\" width=\"1024\" height=\"175\" src=\"https:\/\/csc-grande-bastide.com\/wp-content\/uploads\/2021\/04\/Green-Cylinder-Modern-Swiss-Education-Retractable-Exhibition-Banner-1-e1618392444222-1024x175.png\" alt=\"\" class=\"wp-image-2460\" style=\"width:674px;height:auto\" srcset=\"https:\/\/csc-grande-bastide.com\/wp-content\/uploads\/2021\/04\/Green-Cylinder-Modern-Swiss-Education-Retractable-Exhibition-Banner-1-e1618392444222-1024x175.png 1024w, https:\/\/csc-grande-bastide.com\/wp-content\/uploads\/2021\/04\/Green-Cylinder-Modern-Swiss-Education-Retractable-Exhibition-Banner-1-e1618392444222-300x51.png 300w, https:\/\/csc-grande-bastide.com\/wp-content\/uploads\/2021\/04\/Green-Cylinder-Modern-Swiss-Education-Retractable-Exhibition-Banner-1-e1618392444222-768x131.png 768w, https:\/\/csc-grande-bastide.com\/wp-content\/uploads\/2021\/04\/Green-Cylinder-Modern-Swiss-Education-Retractable-Exhibition-Banner-1-e1618392444222-1536x263.png 1536w, https:\/\/csc-grande-bastide.com\/wp-content\/uploads\/2021\/04\/Green-Cylinder-Modern-Swiss-Education-Retractable-Exhibition-Banner-1-e1618392444222-2048x350.png 2048w, https:\/\/csc-grande-bastide.com\/wp-content\/uploads\/2021\/04\/Green-Cylinder-Modern-Swiss-Education-Retractable-Exhibition-Banner-1-e1618392444222-600x103.png 600w\" sizes=\"(max-width: 1024px) 100vw, 1024px\" \/><\/a><\/figure>\n<\/div>","protected":false},"excerpt":{"rendered":"<p>NOUVEAU ! Le Secteur Pr\u00e9ados se d\u00e9veloppe dans&nbsp;des locaux sp\u00e9cifiques (ancien local jeunes) qui seront enti\u00e8rement am\u00e9nag\u00e9s&nbsp;par les pr\u00e9ados. Accueil des enfants de 11 ans \u00e0 13 ans de 14h \u00e0 18h00 les mercredis en p\u00e9riode scolaire et toute la semaines de 9h \u00e0 17h durant les vacances scolaires.&nbsp; Possibilit\u00e9 d&rsquo;inscription : matin avec repas, [&hellip;]<\/p>\n","protected":false},"author":9,"featured_media":0,"parent":0,"menu_order":0,"comment_status":"closed","ping_status":"closed","template":"","meta":{"footnotes":""},"class_list":["post-8048","page","type-page","status-publish","hentry"],"yoast_head":"<!-- This site is optimized with the Yoast SEO plugin v27.3 - https:\/\/yoast.com\/product\/yoast-seo-wordpress\/ -->\n<title>Secteur Pr\u00e9ados - &quot;La Grande Bastide&quot;<\/title>\n<meta name=\"robots\" content=\"index, follow, max-snippet:-1, max-image-preview:large, max-video-preview:-1\" \/>\n<link rel=\"canonical\" href=\"https:\/\/csc-grande-bastide.com\/index.php\/secteur-preados\/\" \/>\n<meta property=\"og:locale\" content=\"fr_FR\" \/>\n<meta property=\"og:type\" content=\"article\" \/>\n<meta property=\"og:title\" content=\"Secteur Pr\u00e9ados - &quot;La Grande Bastide&quot;\" \/>\n<meta property=\"og:description\" content=\"NOUVEAU ! Le Secteur Pr\u00e9ados se d\u00e9veloppe dans&nbsp;des locaux sp\u00e9cifiques (ancien local jeunes) qui seront enti\u00e8rement am\u00e9nag\u00e9s&nbsp;par les pr\u00e9ados. Accueil des enfants de 11 ans \u00e0 13 ans de 14h \u00e0 18h00 les mercredis en p\u00e9riode scolaire et toute la semaines de 9h \u00e0 17h durant les vacances scolaires.&nbsp; Possibilit\u00e9 d&rsquo;inscription : matin avec repas, [&hellip;]\" \/>\n<meta property=\"og:url\" content=\"https:\/\/csc-grande-bastide.com\/index.php\/secteur-preados\/\" \/>\n<meta property=\"og:site_name\" content=\"&quot;La Grande Bastide&quot;\" \/>\n<meta property=\"article:modified_time\" content=\"2026-03-31T11:11:02+00:00\" \/>\n<meta property=\"og:image\" content=\"https:\/\/csc-grande-bastide.com\/wp-content\/uploads\/2024\/07\/photo-de-groupe-preados-2023.jpg\" \/>\n\t<meta property=\"og:image:width\" content=\"2048\" \/>\n\t<meta property=\"og:image:height\" content=\"1536\" \/>\n\t<meta property=\"og:image:type\" content=\"image\/jpeg\" \/>\n<meta name=\"twitter:card\" content=\"summary_large_image\" \/>\n<meta name=\"twitter:label1\" content=\"Dur\u00e9e de lecture estim\u00e9e\" \/>\n\t<meta name=\"twitter:data1\" content=\"2 minutes\" \/>\n<script type=\"application\/ld+json\" class=\"yoast-schema-graph\">{\"@context\":\"https:\\\/\\\/schema.org\",\"@graph\":[{\"@type\":\"WebPage\",\"@id\":\"https:\\\/\\\/csc-grande-bastide.com\\\/index.php\\\/secteur-preados\\\/\",\"url\":\"https:\\\/\\\/csc-grande-bastide.com\\\/index.php\\\/secteur-preados\\\/\",\"name\":\"Secteur Pr\u00e9ados - &quot;La Grande Bastide&quot;\",\"isPartOf\":{\"@id\":\"https:\\\/\\\/csc-grande-bastide.com\\\/#website\"},\"primaryImageOfPage\":{\"@id\":\"https:\\\/\\\/csc-grande-bastide.com\\\/index.php\\\/secteur-preados\\\/#primaryimage\"},\"image\":{\"@id\":\"https:\\\/\\\/csc-grande-bastide.com\\\/index.php\\\/secteur-preados\\\/#primaryimage\"},\"thumbnailUrl\":\"https:\\\/\\\/csc-grande-bastide.com\\\/wp-content\\\/uploads\\\/2024\\\/07\\\/photo-de-groupe-preados-2023-1024x768.jpg\",\"datePublished\":\"2022-09-21T11:51:56+00:00\",\"dateModified\":\"2026-03-31T11:11:02+00:00\",\"breadcrumb\":{\"@id\":\"https:\\\/\\\/csc-grande-bastide.com\\\/index.php\\\/secteur-preados\\\/#breadcrumb\"},\"inLanguage\":\"fr-FR\",\"potentialAction\":[{\"@type\":\"ReadAction\",\"target\":[\"https:\\\/\\\/csc-grande-bastide.com\\\/index.php\\\/secteur-preados\\\/\"]}]},{\"@type\":\"ImageObject\",\"inLanguage\":\"fr-FR\",\"@id\":\"https:\\\/\\\/csc-grande-bastide.com\\\/index.php\\\/secteur-preados\\\/#primaryimage\",\"url\":\"https:\\\/\\\/csc-grande-bastide.com\\\/wp-content\\\/uploads\\\/2024\\\/07\\\/photo-de-groupe-preados-2023.jpg\",\"contentUrl\":\"https:\\\/\\\/csc-grande-bastide.com\\\/wp-content\\\/uploads\\\/2024\\\/07\\\/photo-de-groupe-preados-2023.jpg\",\"width\":2048,\"height\":1536},{\"@type\":\"BreadcrumbList\",\"@id\":\"https:\\\/\\\/csc-grande-bastide.com\\\/index.php\\\/secteur-preados\\\/#breadcrumb\",\"itemListElement\":[{\"@type\":\"ListItem\",\"position\":1,\"name\":\"Accueil\",\"item\":\"https:\\\/\\\/csc-grande-bastide.com\\\/\"},{\"@type\":\"ListItem\",\"position\":2,\"name\":\"Secteur Pr\u00e9ados\"}]},{\"@type\":\"WebSite\",\"@id\":\"https:\\\/\\\/csc-grande-bastide.com\\\/#website\",\"url\":\"https:\\\/\\\/csc-grande-bastide.com\\\/\",\"name\":\"&quot;La Grande Bastide&quot;\",\"description\":\"Centre Social et Culturel \u00e0 Aix-en-Provence\",\"publisher\":{\"@id\":\"https:\\\/\\\/csc-grande-bastide.com\\\/#organization\"},\"potentialAction\":[{\"@type\":\"SearchAction\",\"target\":{\"@type\":\"EntryPoint\",\"urlTemplate\":\"https:\\\/\\\/csc-grande-bastide.com\\\/?s={search_term_string}\"},\"query-input\":{\"@type\":\"PropertyValueSpecification\",\"valueRequired\":true,\"valueName\":\"search_term_string\"}}],\"inLanguage\":\"fr-FR\"},{\"@type\":\"Organization\",\"@id\":\"https:\\\/\\\/csc-grande-bastide.com\\\/#organization\",\"name\":\"&quot;La Grande Bastide&quot;\",\"url\":\"https:\\\/\\\/csc-grande-bastide.com\\\/\",\"logo\":{\"@type\":\"ImageObject\",\"inLanguage\":\"fr-FR\",\"@id\":\"https:\\\/\\\/csc-grande-bastide.com\\\/#\\\/schema\\\/logo\\\/image\\\/\",\"url\":\"https:\\\/\\\/csc-grande-bastide.com\\\/wp-content\\\/uploads\\\/2023\\\/07\\\/cropped-Colorful-Books-Faux-OrganicAbstract-Media-Lifestyle-11-Static-Feed-Ad-1.png\",\"contentUrl\":\"https:\\\/\\\/csc-grande-bastide.com\\\/wp-content\\\/uploads\\\/2023\\\/07\\\/cropped-Colorful-Books-Faux-OrganicAbstract-Media-Lifestyle-11-Static-Feed-Ad-1.png\",\"width\":1079,\"height\":1079,\"caption\":\"&quot;La Grande Bastide&quot;\"},\"image\":{\"@id\":\"https:\\\/\\\/csc-grande-bastide.com\\\/#\\\/schema\\\/logo\\\/image\\\/\"}}]}<\/script>\n<!-- \/ Yoast SEO plugin. -->","yoast_head_json":{"title":"Secteur Pr\u00e9ados - &quot;La Grande Bastide&quot;","robots":{"index":"index","follow":"follow","max-snippet":"max-snippet:-1","max-image-preview":"max-image-preview:large","max-video-preview":"max-video-preview:-1"},"canonical":"https:\/\/csc-grande-bastide.com\/index.php\/secteur-preados\/","og_locale":"fr_FR","og_type":"article","og_title":"Secteur Pr\u00e9ados - &quot;La Grande Bastide&quot;","og_description":"NOUVEAU ! Le Secteur Pr\u00e9ados se d\u00e9veloppe dans&nbsp;des locaux sp\u00e9cifiques (ancien local jeunes) qui seront enti\u00e8rement am\u00e9nag\u00e9s&nbsp;par les pr\u00e9ados. Accueil des enfants de 11 ans \u00e0 13 ans de 14h \u00e0 18h00 les mercredis en p\u00e9riode scolaire et toute la semaines de 9h \u00e0 17h durant les vacances scolaires.&nbsp; Possibilit\u00e9 d&rsquo;inscription : matin avec repas, [&hellip;]","og_url":"https:\/\/csc-grande-bastide.com\/index.php\/secteur-preados\/","og_site_name":"&quot;La Grande Bastide&quot;","article_modified_time":"2026-03-31T11:11:02+00:00","og_image":[{"width":2048,"height":1536,"url":"https:\/\/csc-grande-bastide.com\/wp-content\/uploads\/2024\/07\/photo-de-groupe-preados-2023.jpg","type":"image\/jpeg"}],"twitter_card":"summary_large_image","twitter_misc":{"Dur\u00e9e de lecture estim\u00e9e":"2 minutes"},"schema":{"@context":"https:\/\/schema.org","@graph":[{"@type":"WebPage","@id":"https:\/\/csc-grande-bastide.com\/index.php\/secteur-preados\/","url":"https:\/\/csc-grande-bastide.com\/index.php\/secteur-preados\/","name":"Secteur Pr\u00e9ados - &quot;La Grande Bastide&quot;","isPartOf":{"@id":"https:\/\/csc-grande-bastide.com\/#website"},"primaryImageOfPage":{"@id":"https:\/\/csc-grande-bastide.com\/index.php\/secteur-preados\/#primaryimage"},"image":{"@id":"https:\/\/csc-grande-bastide.com\/index.php\/secteur-preados\/#primaryimage"},"thumbnailUrl":"https:\/\/csc-grande-bastide.com\/wp-content\/uploads\/2024\/07\/photo-de-groupe-preados-2023-1024x768.jpg","datePublished":"2022-09-21T11:51:56+00:00","dateModified":"2026-03-31T11:11:02+00:00","breadcrumb":{"@id":"https:\/\/csc-grande-bastide.com\/index.php\/secteur-preados\/#breadcrumb"},"inLanguage":"fr-FR","potentialAction":[{"@type":"ReadAction","target":["https:\/\/csc-grande-bastide.com\/index.php\/secteur-preados\/"]}]},{"@type":"ImageObject","inLanguage":"fr-FR","@id":"https:\/\/csc-grande-bastide.com\/index.php\/secteur-preados\/#primaryimage","url":"https:\/\/csc-grande-bastide.com\/wp-content\/uploads\/2024\/07\/photo-de-groupe-preados-2023.jpg","contentUrl":"https:\/\/csc-grande-bastide.com\/wp-content\/uploads\/2024\/07\/photo-de-groupe-preados-2023.jpg","width":2048,"height":1536},{"@type":"BreadcrumbList","@id":"https:\/\/csc-grande-bastide.com\/index.php\/secteur-preados\/#breadcrumb","itemListElement":[{"@type":"ListItem","position":1,"name":"Accueil","item":"https:\/\/csc-grande-bastide.com\/"},{"@type":"ListItem","position":2,"name":"Secteur Pr\u00e9ados"}]},{"@type":"WebSite","@id":"https:\/\/csc-grande-bastide.com\/#website","url":"https:\/\/csc-grande-bastide.com\/","name":"&quot;La Grande Bastide&quot;","description":"Centre Social et Culturel \u00e0 Aix-en-Provence","publisher":{"@id":"https:\/\/csc-grande-bastide.com\/#organization"},"potentialAction":[{"@type":"SearchAction","target":{"@type":"EntryPoint","urlTemplate":"https:\/\/csc-grande-bastide.com\/?s={search_term_string}"},"query-input":{"@type":"PropertyValueSpecification","valueRequired":true,"valueName":"search_term_string"}}],"inLanguage":"fr-FR"},{"@type":"Organization","@id":"https:\/\/csc-grande-bastide.com\/#organization","name":"&quot;La Grande Bastide&quot;","url":"https:\/\/csc-grande-bastide.com\/","logo":{"@type":"ImageObject","inLanguage":"fr-FR","@id":"https:\/\/csc-grande-bastide.com\/#\/schema\/logo\/image\/","url":"https:\/\/csc-grande-bastide.com\/wp-content\/uploads\/2023\/07\/cropped-Colorful-Books-Faux-OrganicAbstract-Media-Lifestyle-11-Static-Feed-Ad-1.png","contentUrl":"https:\/\/csc-grande-bastide.com\/wp-content\/uploads\/2023\/07\/cropped-Colorful-Books-Faux-OrganicAbstract-Media-Lifestyle-11-Static-Feed-Ad-1.png","width":1079,"height":1079,"caption":"&quot;La Grande Bastide&quot;"},"image":{"@id":"https:\/\/csc-grande-bastide.com\/#\/schema\/logo\/image\/"}}]}},"jetpack_sharing_enabled":true,"_links":{"self":[{"href":"https:\/\/csc-grande-bastide.com\/index.php\/wp-json\/wp\/v2\/pages\/8048","targetHints":{"allow":["GET"]}}],"collection":[{"href":"https:\/\/csc-grande-bastide.com\/index.php\/wp-json\/wp\/v2\/pages"}],"about":[{"href":"https:\/\/csc-grande-bastide.com\/index.php\/wp-json\/wp\/v2\/types\/page"}],"author":[{"embeddable":true,"href":"https:\/\/csc-grande-bastide.com\/index.php\/wp-json\/wp\/v2\/users\/9"}],"replies":[{"embeddable":true,"href":"https:\/\/csc-grande-bastide.com\/index.php\/wp-json\/wp\/v2\/comments?post=8048"}],"version-history":[{"count":69,"href":"https:\/\/csc-grande-bastide.com\/index.php\/wp-json\/wp\/v2\/pages\/8048\/revisions"}],"predecessor-version":[{"id":20920,"href":"https:\/\/csc-grande-bastide.com\/index.php\/wp-json\/wp\/v2\/pages\/8048\/revisions\/20920"}],"wp:attachment":[{"href":"https:\/\/csc-grande-bastide.com\/index.php\/wp-json\/wp\/v2\/media?parent=8048"}],"curies":[{"name":"wp","href":"https:\/\/api.w.org\/{rel}","templated":true}]}}