{"id":89,"date":"2019-08-31T18:10:20","date_gmt":"2019-08-31T16:10:20","guid":{"rendered":"http:\/\/cms.csc-grande-bastide.com\/?page_id=89"},"modified":"2023-03-15T16:19:38","modified_gmt":"2023-03-15T15:19:38","slug":"cours-de-musique","status":"publish","type":"page","link":"https:\/\/csc-grande-bastide.com\/index.php\/cours-de-musique\/","title":{"rendered":"Cours de Musique"},"content":{"rendered":"\n<h2 class=\"has-text-align-center wp-block-heading\"><strong><em><span class=\"has-inline-color has-vivid-red-color\">Piano<\/span><\/em><\/strong><\/h2>\n\n\n\n<p style=\"font-size:18px\"><mark style=\"background-color:rgba(0, 0, 0, 0)\" class=\"has-inline-color has-black-color\">Guillaume Marianne et Miriam NACHTIGALL proposent des cours de piano aux enfants et aux adultes, aux d\u00e9butants et aux confirm\u00e9s. Dans une approche musicale non \u00e9litiste o\u00f9 le plaisir de jouer sera privil\u00e9gi\u00e9.<\/mark><br><mark style=\"background-color:rgba(0, 0, 0, 0)\" class=\"has-inline-color has-black-color\">T\u00e9l : 06.63.59.22.43 ou 07.61.91.61.48<\/mark><\/p>\n\n\n\n<div class=\"wp-block-media-text alignwide\"><figure class=\"wp-block-media-text__media\"><img fetchpriority=\"high\" decoding=\"async\" width=\"1024\" height=\"768\" src=\"https:\/\/csc-grande-bastide.com\/wp-content\/uploads\/2023\/03\/3b026256-c14c-40fd-9c24-18677d012600-1024x768.jpeg\" alt=\"\" class=\"wp-image-10577 size-full\" srcset=\"https:\/\/csc-grande-bastide.com\/wp-content\/uploads\/2023\/03\/3b026256-c14c-40fd-9c24-18677d012600-1024x768.jpeg 1024w, https:\/\/csc-grande-bastide.com\/wp-content\/uploads\/2023\/03\/3b026256-c14c-40fd-9c24-18677d012600-300x225.jpeg 300w, https:\/\/csc-grande-bastide.com\/wp-content\/uploads\/2023\/03\/3b026256-c14c-40fd-9c24-18677d012600-768x576.jpeg 768w, https:\/\/csc-grande-bastide.com\/wp-content\/uploads\/2023\/03\/3b026256-c14c-40fd-9c24-18677d012600-1536x1152.jpeg 1536w, https:\/\/csc-grande-bastide.com\/wp-content\/uploads\/2023\/03\/3b026256-c14c-40fd-9c24-18677d012600-600x450.jpeg 600w, https:\/\/csc-grande-bastide.com\/wp-content\/uploads\/2023\/03\/3b026256-c14c-40fd-9c24-18677d012600.jpeg 2016w\" sizes=\"(max-width: 1024px) 100vw, 1024px\" \/><\/figure><div class=\"wp-block-media-text__content\">\n<p style=\"font-size:27px\"><em><span class=\"has-inline-color has-black-color\">Piano Classique<br>Piano Jazz<br>Vari\u00e9t\u00e9s <\/span><\/em><\/p>\n<\/div><\/div>\n\n\n\n<div style=\"height:48px\" aria-hidden=\"true\" class=\"wp-block-spacer\"><\/div>\n\n\n\n<h2 class=\"has-text-align-center wp-block-heading\"><mark style=\"background-color:rgba(0, 0, 0, 0)\" class=\"has-inline-color has-vivid-red-color\"><strong><em>Guitare<\/em><\/strong><\/mark><\/h2>\n\n\n\n<p style=\"font-size:18px\"><mark style=\"background-color:rgba(0, 0, 0, 0)\" class=\"has-inline-color has-black-color\">Wilfrid DI SARIO propose aux d\u00e9butants ou aux initi\u00e9s des cours guitare classique, rock ou vari\u00e9t\u00e9. Accompagnement individuel pour enfants ou adultes.<\/mark><br><mark style=\"background-color:rgba(0, 0, 0, 0)\" class=\"has-inline-color has-black-color\">T\u00e9l : 06.77.67.18.68<\/mark><\/p>\n\n\n\n<div class=\"wp-block-media-text alignwide has-media-on-the-right\"><div class=\"wp-block-media-text__content\">\n<p class=\"has-text-align-right\" style=\"font-size:27px\"><em><span class=\"has-inline-color has-black-color\">Classique<\/span><\/em><br><em><span class=\"has-inline-color has-black-color\">Rock<\/span><\/em><br><em><span class=\"has-inline-color has-black-color\">Vari\u00e9t\u00e9<\/span><\/em><\/p>\n<\/div><figure class=\"wp-block-media-text__media\"><img decoding=\"async\" width=\"1024\" height=\"768\" src=\"https:\/\/csc-grande-bastide.com\/wp-content\/uploads\/2023\/03\/IMG_6263-scaled-e1678893532747-1024x768.jpeg\" alt=\"\" class=\"wp-image-10575 size-full\" srcset=\"https:\/\/csc-grande-bastide.com\/wp-content\/uploads\/2023\/03\/IMG_6263-scaled-e1678893532747-1024x768.jpeg 1024w, https:\/\/csc-grande-bastide.com\/wp-content\/uploads\/2023\/03\/IMG_6263-scaled-e1678893532747-300x225.jpeg 300w, https:\/\/csc-grande-bastide.com\/wp-content\/uploads\/2023\/03\/IMG_6263-scaled-e1678893532747-768x576.jpeg 768w, https:\/\/csc-grande-bastide.com\/wp-content\/uploads\/2023\/03\/IMG_6263-scaled-e1678893532747-1536x1152.jpeg 1536w, https:\/\/csc-grande-bastide.com\/wp-content\/uploads\/2023\/03\/IMG_6263-scaled-e1678893532747-2048x1536.jpeg 2048w, https:\/\/csc-grande-bastide.com\/wp-content\/uploads\/2023\/03\/IMG_6263-scaled-e1678893532747-600x450.jpeg 600w\" sizes=\"(max-width: 1024px) 100vw, 1024px\" \/><\/figure><\/div>\n\n\n\n<div style=\"height:49px\" aria-hidden=\"true\" class=\"wp-block-spacer\"><\/div>\n\n\n\n<h2 class=\"has-text-align-center wp-block-heading\"><em><strong><span class=\"has-inline-color has-vivid-red-color\">Fl\u00fbte traversi\u00e8re &#8211; Fl\u00fbte \u00e0 bec<\/span><\/strong><\/em><\/h2>\n\n\n\n<p style=\"font-size:18px\"><mark style=\"background-color:rgba(0, 0, 0, 0)\" class=\"has-inline-color has-black-color\">Miriam NACHTIGALL propose des cours de fl\u00fbte traversi\u00e8re ou fl\u00fbte \u00e0 bec tous niveaux.<\/mark><br><mark style=\"background-color:rgba(0, 0, 0, 0)\" class=\"has-inline-color has-black-color\">T\u00e9l : 06.63.59.22.43<\/mark><\/p>\n\n\n\n<div class=\"wp-block-media-text alignwide\"><figure class=\"wp-block-media-text__media\"><img decoding=\"async\" width=\"1024\" height=\"682\" src=\"https:\/\/csc-grande-bastide.com\/wp-content\/uploads\/2021\/06\/flute-1291423_1920-1024x682.jpg\" alt=\"\" class=\"wp-image-2910 size-full\" srcset=\"https:\/\/csc-grande-bastide.com\/wp-content\/uploads\/2021\/06\/flute-1291423_1920-1024x682.jpg 1024w, https:\/\/csc-grande-bastide.com\/wp-content\/uploads\/2021\/06\/flute-1291423_1920-300x200.jpg 300w, https:\/\/csc-grande-bastide.com\/wp-content\/uploads\/2021\/06\/flute-1291423_1920-768x512.jpg 768w, https:\/\/csc-grande-bastide.com\/wp-content\/uploads\/2021\/06\/flute-1291423_1920-1536x1023.jpg 1536w, https:\/\/csc-grande-bastide.com\/wp-content\/uploads\/2021\/06\/flute-1291423_1920-600x400.jpg 600w, https:\/\/csc-grande-bastide.com\/wp-content\/uploads\/2021\/06\/flute-1291423_1920.jpg 1920w\" sizes=\"(max-width: 1024px) 100vw, 1024px\" \/><\/figure><div class=\"wp-block-media-text__content\">\n<p style=\"font-size:27px\"><br><\/p>\n<\/div><\/div>\n\n\n\n<div style=\"height:47px\" aria-hidden=\"true\" class=\"wp-block-spacer\"><\/div>\n\n\n\n<h2 class=\"has-text-align-center wp-block-heading\"><mark style=\"background-color:rgba(0, 0, 0, 0)\" class=\"has-inline-color has-vivid-red-color\"><em><strong>Basse<\/strong><\/em><\/mark><\/h2>\n\n\n\n<p><mark style=\"background-color:rgba(0, 0, 0, 0)\" class=\"has-inline-color has-black-color\">Wilfrid DI SARIO, professeur de basse et de guitare, propose vous invite \u00e0 d\u00e9couvrir ou perfectionner votre ma\u00eetrise de cet instrument.<br>T\u00e9l : 06.77.67.18.68<\/mark><\/p>\n\n\n\n<div class=\"wp-block-media-text alignwide has-media-on-the-right is-stacked-on-mobile\"><div class=\"wp-block-media-text__content\">\n<p class=\"has-text-align-right\" style=\"font-size:27px\"><em><span class=\"has-inline-color has-black-color\">Classique<br>Rock<br>Vari\u00e9t\u00e9<\/span><\/em><\/p>\n<\/div><figure class=\"wp-block-media-text__media\"><img loading=\"lazy\" decoding=\"async\" width=\"1024\" height=\"683\" src=\"https:\/\/csc-grande-bastide.com\/wp-content\/uploads\/2022\/06\/bass-guitar-g0b0f97aef_1920-1024x683.jpg\" alt=\"\" class=\"wp-image-6897 size-full\" srcset=\"https:\/\/csc-grande-bastide.com\/wp-content\/uploads\/2022\/06\/bass-guitar-g0b0f97aef_1920-1024x683.jpg 1024w, https:\/\/csc-grande-bastide.com\/wp-content\/uploads\/2022\/06\/bass-guitar-g0b0f97aef_1920-300x200.jpg 300w, https:\/\/csc-grande-bastide.com\/wp-content\/uploads\/2022\/06\/bass-guitar-g0b0f97aef_1920-768x512.jpg 768w, https:\/\/csc-grande-bastide.com\/wp-content\/uploads\/2022\/06\/bass-guitar-g0b0f97aef_1920-1536x1024.jpg 1536w, https:\/\/csc-grande-bastide.com\/wp-content\/uploads\/2022\/06\/bass-guitar-g0b0f97aef_1920-600x400.jpg 600w, https:\/\/csc-grande-bastide.com\/wp-content\/uploads\/2022\/06\/bass-guitar-g0b0f97aef_1920.jpg 1920w\" sizes=\"(max-width: 1024px) 100vw, 1024px\" \/><\/figure><\/div>\n\n\n\n<div style=\"height:48px\" aria-hidden=\"true\" class=\"wp-block-spacer\"><\/div>\n\n\n\n<h2 class=\"has-text-align-center wp-block-heading\"><em><strong><span class=\"has-inline-color has-vivid-red-color\">Cours individuels <\/span><\/strong><\/em><\/h2>\n\n\n\n<p class=\"has-text-align-center has-vivid-red-color has-text-color\"><strong>D\u00e9but des cours d\u00e8s lundi 12 septembre 2022 !<\/strong><\/p>\n\n\n\n<p class=\"has-text-align-center\" style=\"font-size:22px\">&gt; <mark style=\"background-color:rgba(0, 0, 0, 0)\" class=\"has-inline-color has-black-color\">Horaire \u00e0 d\u00e9terminer avec les professeur<\/mark>s &lt;<br><mark style=\"background-color:rgba(0, 0, 0, 0)\" class=\"has-inline-color has-black-color\">Du lundi au vendredi<\/mark><\/p>\n\n\n\n<h2 class=\"has-text-align-center wp-block-heading\"><em><strong><mark style=\"background-color:rgba(0, 0, 0, 0)\" class=\"has-inline-color has-vivid-red-color\">Tarif \/ base mensuelle<\/mark><\/strong><\/em><\/h2>\n\n\n\n<p class=\"has-text-align-center\" style=\"font-size:22px\"><mark style=\"background-color:rgba(0, 0, 0, 0)\" class=\"has-inline-color has-black-color\">30 min hebdomadaire<\/mark><\/p>\n\n\n\n<p class=\"has-text-align-center\" style=\"font-size:18px\"><strong><mark style=\"background-color:rgba(0, 0, 0, 0)\" class=\"has-inline-color has-vivid-red-color\">plein<\/mark><\/strong><mark style=\"background-color:rgba(0, 0, 0, 0)\" class=\"has-inline-color has-black-color\"> : 46 \u20ac <\/mark><br><strong><mark style=\"background-color:rgba(0, 0, 0, 0)\" class=\"has-inline-color has-vivid-red-color\">-10 %<\/mark><\/strong><mark style=\"background-color:rgba(0, 0, 0, 0)\" class=\"has-inline-color has-black-color\"> : 41,40 \u20ac <\/mark><br><mark style=\"background-color:rgba(0, 0, 0, 0)\" class=\"has-inline-color has-black-color\"><em>Non-imposables, ch\u00f4meurs, \u00e0 partir de deux activit\u00e9s<\/em><br><\/mark><strong><mark style=\"background-color:rgba(0, 0, 0, 0)\" class=\"has-inline-color has-vivid-red-color\">-20 %<\/mark><\/strong><mark style=\"background-color:rgba(0, 0, 0, 0)\" class=\"has-inline-color has-black-color\"> : 36,80 \u20ac  <\/mark><br><em><mark style=\"background-color:rgba(0, 0, 0, 0)\" class=\"has-inline-color has-black-color\">Quotient familial jusqu&rsquo;\u00e0 670, ch\u00f4meurs en fin de droit, \u00e9tudiants boursiers, b\u00e9n\u00e9ficiaires de l&rsquo;API<\/mark><\/em><\/p>\n\n\n\n<p class=\"has-text-align-center\" style=\"font-size:22px\"><strong><em><span class=\"has-inline-color has-vivid-red-color\">Engagement \u00e0 l&rsquo;ann\u00e9e de septembre \u00e0 juin.<\/span><\/em><\/strong><\/p>\n\n\n\n<p class=\"has-text-align-center\" style=\"font-size:18px\"><a href=\"https:\/\/csc-grande-bastide.com\/index.php\/renseignements-pratiques\/\">Renseignements pratiques pour l&rsquo;inscription<\/a><\/p>\n","protected":false},"excerpt":{"rendered":"<p>Piano Guillaume Marianne et Miriam NACHTIGALL proposent des cours de piano aux enfants et aux adultes, aux d\u00e9butants et aux confirm\u00e9s. Dans une approche musicale non \u00e9litiste o\u00f9 le plaisir de jouer sera privil\u00e9gi\u00e9.T\u00e9l : 06.63.59.22.43 ou 07.61.91.61.48 Piano ClassiquePiano JazzVari\u00e9t\u00e9s Guitare Wilfrid DI SARIO propose aux d\u00e9butants ou aux initi\u00e9s des cours guitare classique, [&hellip;]<\/p>\n","protected":false},"author":1,"featured_media":0,"parent":0,"menu_order":0,"comment_status":"closed","ping_status":"closed","template":"","meta":{"footnotes":""},"class_list":["post-89","page","type-page","status-publish","hentry"],"yoast_head":"<!-- This site is optimized with the Yoast SEO plugin v27.4 - https:\/\/yoast.com\/product\/yoast-seo-wordpress\/ -->\n<title>Cours de Musique - &quot;La Grande Bastide&quot;<\/title>\n<meta name=\"robots\" content=\"index, follow, max-snippet:-1, max-image-preview:large, max-video-preview:-1\" \/>\n<link rel=\"canonical\" href=\"https:\/\/csc-grande-bastide.com\/index.php\/cours-de-musique\/\" \/>\n<meta property=\"og:locale\" content=\"fr_FR\" \/>\n<meta property=\"og:type\" content=\"article\" \/>\n<meta property=\"og:title\" content=\"Cours de Musique - &quot;La Grande Bastide&quot;\" \/>\n<meta property=\"og:description\" content=\"Piano Guillaume Marianne et Miriam NACHTIGALL proposent des cours de piano aux enfants et aux adultes, aux d\u00e9butants et aux confirm\u00e9s. Dans une approche musicale non \u00e9litiste o\u00f9 le plaisir de jouer sera privil\u00e9gi\u00e9.T\u00e9l : 06.63.59.22.43 ou 07.61.91.61.48 Piano ClassiquePiano JazzVari\u00e9t\u00e9s Guitare Wilfrid DI SARIO propose aux d\u00e9butants ou aux initi\u00e9s des cours guitare classique, [&hellip;]\" \/>\n<meta property=\"og:url\" content=\"https:\/\/csc-grande-bastide.com\/index.php\/cours-de-musique\/\" \/>\n<meta property=\"og:site_name\" content=\"&quot;La Grande Bastide&quot;\" \/>\n<meta property=\"article:modified_time\" content=\"2023-03-15T15:19:38+00:00\" \/>\n<meta property=\"og:image\" content=\"https:\/\/csc-grande-bastide.com\/wp-content\/uploads\/2023\/03\/3b026256-c14c-40fd-9c24-18677d012600-1024x768.jpeg\" \/>\n<meta name=\"twitter:card\" content=\"summary_large_image\" \/>\n<meta name=\"twitter:label1\" content=\"Dur\u00e9e de lecture estim\u00e9e\" \/>\n\t<meta name=\"twitter:data1\" content=\"2 minutes\" \/>\n<script type=\"application\/ld+json\" class=\"yoast-schema-graph\">{\"@context\":\"https:\\\/\\\/schema.org\",\"@graph\":[{\"@type\":\"WebPage\",\"@id\":\"https:\\\/\\\/csc-grande-bastide.com\\\/index.php\\\/cours-de-musique\\\/\",\"url\":\"https:\\\/\\\/csc-grande-bastide.com\\\/index.php\\\/cours-de-musique\\\/\",\"name\":\"Cours de Musique - &quot;La Grande Bastide&quot;\",\"isPartOf\":{\"@id\":\"https:\\\/\\\/csc-grande-bastide.com\\\/#website\"},\"primaryImageOfPage\":{\"@id\":\"https:\\\/\\\/csc-grande-bastide.com\\\/index.php\\\/cours-de-musique\\\/#primaryimage\"},\"image\":{\"@id\":\"https:\\\/\\\/csc-grande-bastide.com\\\/index.php\\\/cours-de-musique\\\/#primaryimage\"},\"thumbnailUrl\":\"https:\\\/\\\/csc-grande-bastide.com\\\/wp-content\\\/uploads\\\/2023\\\/03\\\/3b026256-c14c-40fd-9c24-18677d012600-1024x768.jpeg\",\"datePublished\":\"2019-08-31T16:10:20+00:00\",\"dateModified\":\"2023-03-15T15:19:38+00:00\",\"breadcrumb\":{\"@id\":\"https:\\\/\\\/csc-grande-bastide.com\\\/index.php\\\/cours-de-musique\\\/#breadcrumb\"},\"inLanguage\":\"fr-FR\",\"potentialAction\":[{\"@type\":\"ReadAction\",\"target\":[\"https:\\\/\\\/csc-grande-bastide.com\\\/index.php\\\/cours-de-musique\\\/\"]}]},{\"@type\":\"ImageObject\",\"inLanguage\":\"fr-FR\",\"@id\":\"https:\\\/\\\/csc-grande-bastide.com\\\/index.php\\\/cours-de-musique\\\/#primaryimage\",\"url\":\"https:\\\/\\\/csc-grande-bastide.com\\\/wp-content\\\/uploads\\\/2023\\\/03\\\/3b026256-c14c-40fd-9c24-18677d012600-1024x768.jpeg\",\"contentUrl\":\"https:\\\/\\\/csc-grande-bastide.com\\\/wp-content\\\/uploads\\\/2023\\\/03\\\/3b026256-c14c-40fd-9c24-18677d012600-1024x768.jpeg\"},{\"@type\":\"BreadcrumbList\",\"@id\":\"https:\\\/\\\/csc-grande-bastide.com\\\/index.php\\\/cours-de-musique\\\/#breadcrumb\",\"itemListElement\":[{\"@type\":\"ListItem\",\"position\":1,\"name\":\"Accueil\",\"item\":\"https:\\\/\\\/csc-grande-bastide.com\\\/\"},{\"@type\":\"ListItem\",\"position\":2,\"name\":\"Cours de Musique\"}]},{\"@type\":\"WebSite\",\"@id\":\"https:\\\/\\\/csc-grande-bastide.com\\\/#website\",\"url\":\"https:\\\/\\\/csc-grande-bastide.com\\\/\",\"name\":\"&quot;La Grande Bastide&quot;\",\"description\":\"Centre Social et Culturel \u00e0 Aix-en-Provence\",\"publisher\":{\"@id\":\"https:\\\/\\\/csc-grande-bastide.com\\\/#organization\"},\"potentialAction\":[{\"@type\":\"SearchAction\",\"target\":{\"@type\":\"EntryPoint\",\"urlTemplate\":\"https:\\\/\\\/csc-grande-bastide.com\\\/?s={search_term_string}\"},\"query-input\":{\"@type\":\"PropertyValueSpecification\",\"valueRequired\":true,\"valueName\":\"search_term_string\"}}],\"inLanguage\":\"fr-FR\"},{\"@type\":\"Organization\",\"@id\":\"https:\\\/\\\/csc-grande-bastide.com\\\/#organization\",\"name\":\"&quot;La Grande Bastide&quot;\",\"url\":\"https:\\\/\\\/csc-grande-bastide.com\\\/\",\"logo\":{\"@type\":\"ImageObject\",\"inLanguage\":\"fr-FR\",\"@id\":\"https:\\\/\\\/csc-grande-bastide.com\\\/#\\\/schema\\\/logo\\\/image\\\/\",\"url\":\"https:\\\/\\\/csc-grande-bastide.com\\\/wp-content\\\/uploads\\\/2023\\\/07\\\/cropped-Colorful-Books-Faux-OrganicAbstract-Media-Lifestyle-11-Static-Feed-Ad-1.png\",\"contentUrl\":\"https:\\\/\\\/csc-grande-bastide.com\\\/wp-content\\\/uploads\\\/2023\\\/07\\\/cropped-Colorful-Books-Faux-OrganicAbstract-Media-Lifestyle-11-Static-Feed-Ad-1.png\",\"width\":1079,\"height\":1079,\"caption\":\"&quot;La Grande Bastide&quot;\"},\"image\":{\"@id\":\"https:\\\/\\\/csc-grande-bastide.com\\\/#\\\/schema\\\/logo\\\/image\\\/\"}}]}<\/script>\n<!-- \/ Yoast SEO plugin. -->","yoast_head_json":{"title":"Cours de Musique - &quot;La Grande Bastide&quot;","robots":{"index":"index","follow":"follow","max-snippet":"max-snippet:-1","max-image-preview":"max-image-preview:large","max-video-preview":"max-video-preview:-1"},"canonical":"https:\/\/csc-grande-bastide.com\/index.php\/cours-de-musique\/","og_locale":"fr_FR","og_type":"article","og_title":"Cours de Musique - &quot;La Grande Bastide&quot;","og_description":"Piano Guillaume Marianne et Miriam NACHTIGALL proposent des cours de piano aux enfants et aux adultes, aux d\u00e9butants et aux confirm\u00e9s. Dans une approche musicale non \u00e9litiste o\u00f9 le plaisir de jouer sera privil\u00e9gi\u00e9.T\u00e9l : 06.63.59.22.43 ou 07.61.91.61.48 Piano ClassiquePiano JazzVari\u00e9t\u00e9s Guitare Wilfrid DI SARIO propose aux d\u00e9butants ou aux initi\u00e9s des cours guitare classique, [&hellip;]","og_url":"https:\/\/csc-grande-bastide.com\/index.php\/cours-de-musique\/","og_site_name":"&quot;La Grande Bastide&quot;","article_modified_time":"2023-03-15T15:19:38+00:00","og_image":[{"url":"https:\/\/csc-grande-bastide.com\/wp-content\/uploads\/2023\/03\/3b026256-c14c-40fd-9c24-18677d012600-1024x768.jpeg","type":"","width":"","height":""}],"twitter_card":"summary_large_image","twitter_misc":{"Dur\u00e9e de lecture estim\u00e9e":"2 minutes"},"schema":{"@context":"https:\/\/schema.org","@graph":[{"@type":"WebPage","@id":"https:\/\/csc-grande-bastide.com\/index.php\/cours-de-musique\/","url":"https:\/\/csc-grande-bastide.com\/index.php\/cours-de-musique\/","name":"Cours de Musique - &quot;La Grande Bastide&quot;","isPartOf":{"@id":"https:\/\/csc-grande-bastide.com\/#website"},"primaryImageOfPage":{"@id":"https:\/\/csc-grande-bastide.com\/index.php\/cours-de-musique\/#primaryimage"},"image":{"@id":"https:\/\/csc-grande-bastide.com\/index.php\/cours-de-musique\/#primaryimage"},"thumbnailUrl":"https:\/\/csc-grande-bastide.com\/wp-content\/uploads\/2023\/03\/3b026256-c14c-40fd-9c24-18677d012600-1024x768.jpeg","datePublished":"2019-08-31T16:10:20+00:00","dateModified":"2023-03-15T15:19:38+00:00","breadcrumb":{"@id":"https:\/\/csc-grande-bastide.com\/index.php\/cours-de-musique\/#breadcrumb"},"inLanguage":"fr-FR","potentialAction":[{"@type":"ReadAction","target":["https:\/\/csc-grande-bastide.com\/index.php\/cours-de-musique\/"]}]},{"@type":"ImageObject","inLanguage":"fr-FR","@id":"https:\/\/csc-grande-bastide.com\/index.php\/cours-de-musique\/#primaryimage","url":"https:\/\/csc-grande-bastide.com\/wp-content\/uploads\/2023\/03\/3b026256-c14c-40fd-9c24-18677d012600-1024x768.jpeg","contentUrl":"https:\/\/csc-grande-bastide.com\/wp-content\/uploads\/2023\/03\/3b026256-c14c-40fd-9c24-18677d012600-1024x768.jpeg"},{"@type":"BreadcrumbList","@id":"https:\/\/csc-grande-bastide.com\/index.php\/cours-de-musique\/#breadcrumb","itemListElement":[{"@type":"ListItem","position":1,"name":"Accueil","item":"https:\/\/csc-grande-bastide.com\/"},{"@type":"ListItem","position":2,"name":"Cours de Musique"}]},{"@type":"WebSite","@id":"https:\/\/csc-grande-bastide.com\/#website","url":"https:\/\/csc-grande-bastide.com\/","name":"&quot;La Grande Bastide&quot;","description":"Centre Social et Culturel \u00e0 Aix-en-Provence","publisher":{"@id":"https:\/\/csc-grande-bastide.com\/#organization"},"potentialAction":[{"@type":"SearchAction","target":{"@type":"EntryPoint","urlTemplate":"https:\/\/csc-grande-bastide.com\/?s={search_term_string}"},"query-input":{"@type":"PropertyValueSpecification","valueRequired":true,"valueName":"search_term_string"}}],"inLanguage":"fr-FR"},{"@type":"Organization","@id":"https:\/\/csc-grande-bastide.com\/#organization","name":"&quot;La Grande Bastide&quot;","url":"https:\/\/csc-grande-bastide.com\/","logo":{"@type":"ImageObject","inLanguage":"fr-FR","@id":"https:\/\/csc-grande-bastide.com\/#\/schema\/logo\/image\/","url":"https:\/\/csc-grande-bastide.com\/wp-content\/uploads\/2023\/07\/cropped-Colorful-Books-Faux-OrganicAbstract-Media-Lifestyle-11-Static-Feed-Ad-1.png","contentUrl":"https:\/\/csc-grande-bastide.com\/wp-content\/uploads\/2023\/07\/cropped-Colorful-Books-Faux-OrganicAbstract-Media-Lifestyle-11-Static-Feed-Ad-1.png","width":1079,"height":1079,"caption":"&quot;La Grande Bastide&quot;"},"image":{"@id":"https:\/\/csc-grande-bastide.com\/#\/schema\/logo\/image\/"}}]}},"jetpack_sharing_enabled":true,"_links":{"self":[{"href":"https:\/\/csc-grande-bastide.com\/index.php\/wp-json\/wp\/v2\/pages\/89","targetHints":{"allow":["GET"]}}],"collection":[{"href":"https:\/\/csc-grande-bastide.com\/index.php\/wp-json\/wp\/v2\/pages"}],"about":[{"href":"https:\/\/csc-grande-bastide.com\/index.php\/wp-json\/wp\/v2\/types\/page"}],"author":[{"embeddable":true,"href":"https:\/\/csc-grande-bastide.com\/index.php\/wp-json\/wp\/v2\/users\/1"}],"replies":[{"embeddable":true,"href":"https:\/\/csc-grande-bastide.com\/index.php\/wp-json\/wp\/v2\/comments?post=89"}],"version-history":[{"count":31,"href":"https:\/\/csc-grande-bastide.com\/index.php\/wp-json\/wp\/v2\/pages\/89\/revisions"}],"predecessor-version":[{"id":10578,"href":"https:\/\/csc-grande-bastide.com\/index.php\/wp-json\/wp\/v2\/pages\/89\/revisions\/10578"}],"wp:attachment":[{"href":"https:\/\/csc-grande-bastide.com\/index.php\/wp-json\/wp\/v2\/media?parent=89"}],"curies":[{"name":"wp","href":"https:\/\/api.w.org\/{rel}","templated":true}]}}