{"id":9,"date":"2019-08-31T15:39:41","date_gmt":"2019-08-31T13:39:41","guid":{"rendered":"http:\/\/cms.csc-grande-bastide.com\/?page_id=9"},"modified":"2026-01-09T10:10:45","modified_gmt":"2026-01-09T09:10:45","slug":"renseignements-pratiques-inscription-centre-social","status":"publish","type":"page","link":"https:\/\/csc-grande-bastide.com\/index.php\/renseignements-pratiques-inscription-centre-social\/","title":{"rendered":"Renseignements pratiques"},"content":{"rendered":"\n<h2 class=\"wp-block-heading has-text-align-center\"><em>Inscription au Centre Social et Culturel La Grande Bastide<\/em><\/h2>\n\n\n\n<h2 class=\"wp-block-heading has-text-align-center\"><code><em>Participation financi\u00e8re<\/em><\/code><\/h2>\n\n\n\n<div style=\"height:42px\" aria-hidden=\"true\" class=\"wp-block-spacer\"><\/div>\n\n\n\n<h3 class=\"wp-block-heading\"><em><span class=\"has-inline-color has-vivid-red-color\"><strong>Adh\u00e9sion annuelle de septembre \u00e0 ao\u00fbt<\/strong><\/span><\/em><\/h3>\n\n\n\n<ul style=\"font-size:18px\" class=\"wp-block-list\">\n<li><mark style=\"background-color:rgba(0, 0, 0, 0)\" class=\"has-inline-color has-black-color\">Adh\u00e9sion familiale (parents et enfants d&rsquo;un m\u00eame foyer) <strong>22 \u20ac<\/strong><\/mark><\/li>\n\n\n\n<li><mark style=\"background-color:rgba(0, 0, 0, 0)\" class=\"has-inline-color has-black-color\">Adh\u00e9sion individuelle adulte<strong> 19 \u20ac<\/strong><\/mark><\/li>\n\n\n\n<li><mark style=\"background-color:rgba(0, 0, 0, 0)\" class=\"has-inline-color has-black-color\">Adh\u00e9sion personne morale <strong>25 \u20ac<\/strong><\/mark><\/li>\n<\/ul>\n\n\n\n<div style=\"height:44px\" aria-hidden=\"true\" class=\"wp-block-spacer\"><\/div>\n\n\n\n<h3 class=\"wp-block-heading\"><em><span class=\"has-inline-color has-vivid-red-color\"><strong>Activit\u00e9s sp\u00e9cifiques <\/strong><\/span><\/em><\/h3>\n\n\n\n<p style=\"font-size:17px\"><em><span class=\"has-inline-color has-black-color\">Le premier cours est un cours d&rsquo;essai gratuit<\/span><\/em><\/p>\n\n\n\n<ul style=\"font-size:18px\" class=\"wp-block-list\">\n<li><mark style=\"background-color:rgba(0, 0, 0, 0)\" class=\"has-inline-color has-black-color\">R\u00e8glement \u00e0 l&rsquo;ann\u00e9e (de mi-septembre \u00e0 juin) sur la base d&rsquo;une tarification mensuelle qui tient compte des vacances scolaires<\/mark><\/li>\n\n\n\n<li><mark style=\"background-color:rgba(0, 0, 0, 0)\" class=\"has-inline-color has-black-color\">Possibilit\u00e9 d&rsquo;un r\u00e8glement \u00e9chelonn\u00e9 sur trois mois<\/mark> <em><mark style=\"background-color:rgba(0, 0, 0, 0)\" class=\"has-inline-color has-black-color\">(cas exceptionnel)<\/mark><\/em><\/li>\n\n\n\n<li><mark style=\"background-color:rgba(0, 0, 0, 0)\" class=\"has-inline-color has-vivid-red-color\">R\u00e9duction : 20%<\/mark><mark style=\"background-color:rgba(0, 0, 0, 0)\" class=\"has-inline-color has-black-color\"> pour quotient familial jusqu&rsquo;\u00e0 670, ch\u00f4meurs en fin de droit, \u00e9tudiants, boursiers, b\u00e9n\u00e9ficiaires de l&rsquo;API<\/mark><\/li>\n\n\n\n<li><mark style=\"background-color:rgba(0, 0, 0, 0)\" class=\"has-inline-color has-vivid-red-color\">R\u00e9duction : 10%<\/mark><mark style=\"background-color:rgba(0, 0, 0, 0)\" class=\"has-inline-color has-black-color\"> pour les non-imposables et ch\u00f4meurs<\/mark><\/li>\n\n\n\n<li><mark style=\"background-color:rgba(0, 0, 0, 0)\" class=\"has-inline-color has-vivid-red-color\">R\u00e9duction : 10%<\/mark><mark style=\"background-color:rgba(0, 0, 0, 0)\" class=\"has-inline-color has-black-color\"> \u00e0 partir de deux activit\u00e9s<\/mark><\/li>\n<\/ul>\n\n\n\n<div style=\"height:47px\" aria-hidden=\"true\" class=\"wp-block-spacer\"><\/div>\n\n\n\n<h2 class=\"wp-block-heading has-text-align-center\"><code><em>Documents \u00e0 fournir \u00e0 l'inscription<\/em><\/code> <em><code>au Centre Social<\/code><\/em><\/h2>\n\n\n\n<div style=\"height:41px\" aria-hidden=\"true\" class=\"wp-block-spacer\"><\/div>\n\n\n\n<h3 class=\"wp-block-heading\"><em><mark style=\"background-color:rgba(0, 0, 0, 0);color:#af0000\" class=\"has-inline-color\">Formulaire d&rsquo;inscription au Centre 2025<\/mark><\/em><mark style=\"background-color:rgba(0, 0, 0, 0);color:#980000\" class=\"has-inline-color\"> &#8211; 2026<\/mark><\/h3>\n\n\n\n<div style=\"height:36px\" aria-hidden=\"true\" class=\"wp-block-spacer\"><\/div>\n\n\n\n<ul style=\"font-size:18px\" class=\"wp-block-list\">\n<li><mark style=\"background-color:rgba(0, 0, 0, 0)\" class=\"has-inline-color has-black-color\">Je t\u00e9l\u00e9charge, rempli et fourni le formulaire d&rsquo;inscription \u00e0 l&rsquo;accueil du Centre Social<\/mark> (avenue du square, 13090 Aix-en-Provence).<\/li>\n<\/ul>\n\n\n\n<div style=\"height:36px\" aria-hidden=\"true\" class=\"wp-block-spacer\"><\/div>\n\n\n\n<div class=\"wp-block-file\"><a id=\"wp-block-file--media-dc9a502b-1224-4539-bc7b-f4b0f20e2fb9\" href=\"https:\/\/csc-grande-bastide.com\/wp-content\/uploads\/2025\/06\/DOSSIER-INSCRIPTION-ALSH-2025-2026-1-1.pdf\" target=\"_blank\" rel=\"noreferrer noopener\">DOSSIER INSCRIPTION ACCUEIL DE LOISIRS 2025-2026<\/a><a href=\"https:\/\/csc-grande-bastide.com\/wp-content\/uploads\/2025\/06\/DOSSIER-INSCRIPTION-ALSH-2025-2026-1-1.pdf\" class=\"wp-block-file__button wp-element-button\" download aria-describedby=\"wp-block-file--media-dc9a502b-1224-4539-bc7b-f4b0f20e2fb9\">T\u00e9l\u00e9charger<\/a><\/div>\n\n\n\n<div style=\"height:57px\" aria-hidden=\"true\" class=\"wp-block-spacer\"><\/div>\n\n\n\n<div class=\"wp-block-file\"><a id=\"wp-block-file--media-2b044164-9875-487d-a8e2-6d17f799e154\" href=\"https:\/\/csc-grande-bastide.com\/wp-content\/uploads\/2025\/09\/Fiche-inscription-activite-2025-2026.pdf\" target=\"_blank\" rel=\"noreferrer noopener\">FICHE INSCRIPTION ACTIVIT\u00c9S 2025-2026<\/a><a href=\"https:\/\/csc-grande-bastide.com\/wp-content\/uploads\/2025\/09\/Fiche-inscription-activite-2025-2026.pdf\" class=\"wp-block-file__button wp-element-button\" download aria-describedby=\"wp-block-file--media-2b044164-9875-487d-a8e2-6d17f799e154\">T\u00e9l\u00e9charger<\/a><\/div>\n\n\n\n<div style=\"height:36px\" aria-hidden=\"true\" class=\"wp-block-spacer\"><\/div>\n\n\n\n<div class=\"wp-block-file\"><a id=\"wp-block-file--media-a1779a63-e530-46a6-989a-fe99d96279ca\" href=\"https:\/\/csc-grande-bastide.com\/wp-content\/uploads\/2025\/09\/dossier-jeunes-25-26.pdf\" target=\"_blank\" rel=\"noreferrer noopener\">DOSSIER INSCRIPTION SECTEUR JEUNES 2025-2026<\/a><a href=\"https:\/\/csc-grande-bastide.com\/wp-content\/uploads\/2025\/09\/dossier-jeunes-25-26.pdf\" class=\"wp-block-file__button wp-element-button\" download aria-describedby=\"wp-block-file--media-a1779a63-e530-46a6-989a-fe99d96279ca\">T\u00e9l\u00e9charger<\/a><\/div>\n\n\n\n<div style=\"height:57px\" aria-hidden=\"true\" class=\"wp-block-spacer\"><\/div>\n\n\n\n<div class=\"wp-block-file\"><a id=\"wp-block-file--media-831cb084-c119-49a0-b1eb-9b009173a984\" href=\"https:\/\/csc-grande-bastide.com\/wp-content\/uploads\/2025\/09\/DOSSIER-SCE-AUX-PARENTS-2025-2026.pdf\" target=\"_blank\" rel=\"noreferrer noopener\">DOSSIER INSCRIPTION SERVICE AUX PARENTS 2025-2026<\/a><a href=\"https:\/\/csc-grande-bastide.com\/wp-content\/uploads\/2025\/09\/DOSSIER-SCE-AUX-PARENTS-2025-2026.pdf\" class=\"wp-block-file__button wp-element-button\" download aria-describedby=\"wp-block-file--media-831cb084-c119-49a0-b1eb-9b009173a984\">T\u00e9l\u00e9charger<\/a><\/div>\n\n\n\n<div style=\"height:50px\" aria-hidden=\"true\" class=\"wp-block-spacer\"><\/div>\n\n\n<div class=\"wp-block-image\">\n<figure class=\"alignleft size-full is-resized\"><img fetchpriority=\"high\" decoding=\"async\" width=\"360\" height=\"332\" src=\"https:\/\/csc-grande-bastide.com\/wp-content\/uploads\/2024\/01\/Logo-UE-FSE-1.jpg\" alt=\"\" class=\"wp-image-13408\" style=\"width:101px;height:auto\" srcset=\"https:\/\/csc-grande-bastide.com\/wp-content\/uploads\/2024\/01\/Logo-UE-FSE-1.jpg 360w, https:\/\/csc-grande-bastide.com\/wp-content\/uploads\/2024\/01\/Logo-UE-FSE-1-300x277.jpg 300w\" sizes=\"(max-width: 360px) 100vw, 360px\" \/><\/figure>\n<\/div>\n\n\n<div style=\"height:50px\" aria-hidden=\"true\" class=\"wp-block-spacer\"><\/div>\n\n\n\n<h3 class=\"wp-block-heading\"><em><span class=\"has-inline-color has-vivid-red-color\"><strong>Adh\u00e9sion obligatoire <\/strong><\/span><\/em><\/h3>\n\n\n\n<p style=\"font-size:18px\"><mark style=\"background-color:rgba(0, 0, 0, 0)\" class=\"has-inline-color has-black-color\"><em><strong>Activit\u00e9s sp\u00e9cifiques :<\/strong><\/em> <\/mark><\/p>\n\n\n\n<ul style=\"font-size:18px\" class=\"wp-block-list\">\n<li><mark style=\"background-color:rgba(0, 0, 0, 0)\" class=\"has-inline-color has-black-color\">Justificatifs donnant droit aux r\u00e9ductions<\/mark><\/li>\n<\/ul>\n\n\n\n<p style=\"font-size:18px\"><mark style=\"background-color:rgba(0, 0, 0, 0)\" class=\"has-inline-color has-black-color\"><strong><em>Centre de Loisirs et Activit\u00e9s Loisirs Jeunes <\/em>:<\/strong><\/mark><\/p>\n\n\n\n<ul style=\"font-size:18px\" class=\"wp-block-list\">\n<li><mark style=\"background-color:rgba(0, 0, 0, 0)\" class=\"has-inline-color has-black-color\">Fiche d&rsquo;inscription avec fiche sanitaire de liaison<\/mark><\/li>\n\n\n\n<li><mark style=\"background-color:rgba(0, 0, 0, 0)\" class=\"has-inline-color has-black-color\">Photocopies des vaccinations<\/mark><\/li>\n\n\n\n<li><mark style=\"background-color:rgba(0, 0, 0, 0)\" class=\"has-inline-color has-black-color\">Num\u00e9ro d&rsquo;allocataire CAF<\/mark><\/li>\n\n\n\n<li><mark style=\"background-color:rgba(0, 0, 0, 0)\" class=\"has-inline-color has-black-color\">Quotient familial<\/mark><\/li>\n\n\n\n<li><mark style=\"background-color:rgba(0, 0, 0, 0)\" class=\"has-inline-color has-black-color\">Justificatif de garde d&rsquo;enfant en cas de divorce ou s\u00e9paration<\/mark><\/li>\n<\/ul>\n\n\n\n<h2 class=\"wp-block-heading\"><strong><em><span class=\"has-inline-color has-vivid-red-color\">R\u00e9ceptions des factures mensuelles<\/span><\/em><\/strong><\/h2>\n\n\n\n<p style=\"font-size:18px\"><mark style=\"background-color:rgba(0, 0, 0, 0)\" class=\"has-inline-color has-black-color\">Chaque mois, vous recevrez un mail concernant vos factures. Afin de t\u00e9l\u00e9charger au mieux ces derni\u00e8res, merci de suivre la m\u00e9thode suivante : <\/mark><\/p>\n\n\n<div class=\"wp-block-image\">\n<figure class=\"aligncenter size-large\"><img decoding=\"async\" width=\"724\" height=\"1024\" src=\"https:\/\/csc-grande-bastide.com\/wp-content\/uploads\/2022\/02\/Telecharger-une-facture-724x1024.jpg\" alt=\"\" class=\"wp-image-5554\" srcset=\"https:\/\/csc-grande-bastide.com\/wp-content\/uploads\/2022\/02\/Telecharger-une-facture-724x1024.jpg 724w, https:\/\/csc-grande-bastide.com\/wp-content\/uploads\/2022\/02\/Telecharger-une-facture-212x300.jpg 212w, https:\/\/csc-grande-bastide.com\/wp-content\/uploads\/2022\/02\/Telecharger-une-facture-768x1086.jpg 768w, https:\/\/csc-grande-bastide.com\/wp-content\/uploads\/2022\/02\/Telecharger-une-facture-1086x1536.jpg 1086w, https:\/\/csc-grande-bastide.com\/wp-content\/uploads\/2022\/02\/Telecharger-une-facture-600x849.jpg 600w, https:\/\/csc-grande-bastide.com\/wp-content\/uploads\/2022\/02\/Telecharger-une-facture.jpg 1414w\" sizes=\"(max-width: 724px) 100vw, 724px\" \/><\/figure>\n<\/div>\n\n\n<p class=\"has-text-align-center\" style=\"font-size:18px\"><mark style=\"background-color:rgba(0, 0, 0, 0)\" class=\"has-inline-color has-black-color\"><em><a href=\"https:\/\/csc-grande-bastide.com\/wp-content\/uploads\/2022\/02\/Telecharger-une-facture.pdf\" target=\"_blank\" rel=\"noreferrer noopener\">Cliquez ici<\/a> pour t\u00e9l\u00e9charger la marche \u00e0 suivre au format PDF<\/em><\/mark><\/p>\n\n\n\n<p style=\"font-size:18px\"><em><span class=\"has-inline-color has-black-color\">Pour tout renseignement pratique suppl\u00e9mentaire n&rsquo;h\u00e9sitez pas \u00e0 nous contacter par t\u00e9l\u00e9phone au 04.42.26.34.46 \/ 06.88.01.76.58,  par mail \u00e0 l&rsquo;adresse suivante csc.contactgrandebastide@gmail.com<\/span><\/em> <span class=\"has-inline-color has-black-color\">ou via notre<\/span> <a href=\"https:\/\/www.facebook.com\/cscgrandebastide\/\">page Facebook<\/a>.<\/p>\n\n\n<div class=\"wp-block-image\">\n<figure class=\"alignright size-large is-resized\"><img decoding=\"async\" width=\"212\" height=\"148\" src=\"https:\/\/csc-grande-bastide.com\/wp-content\/uploads\/2021\/03\/logo-la-grande-bastide-render-2.png\" alt=\"\" class=\"wp-image-2059\" style=\"width:238px;height:166px\"\/><\/figure>\n<\/div>","protected":false},"excerpt":{"rendered":"<p>Inscription au Centre Social et Culturel La Grande Bastide Participation financi\u00e8re Adh\u00e9sion annuelle de septembre \u00e0 ao\u00fbt Activit\u00e9s sp\u00e9cifiques Le premier cours est un cours d&rsquo;essai gratuit Documents \u00e0 fournir \u00e0 l&rsquo;inscription au Centre Social Formulaire d&rsquo;inscription au Centre 2025 &#8211; 2026 Adh\u00e9sion obligatoire Activit\u00e9s sp\u00e9cifiques : Centre de Loisirs et Activit\u00e9s Loisirs Jeunes : [&hellip;]<\/p>\n","protected":false},"author":1,"featured_media":0,"parent":0,"menu_order":0,"comment_status":"closed","ping_status":"closed","template":"","meta":{"footnotes":""},"class_list":["post-9","page","type-page","status-publish","hentry"],"yoast_head":"<!-- This site is optimized with the Yoast SEO plugin v27.5 - https:\/\/yoast.com\/product\/yoast-seo-wordpress\/ -->\n<title>Inscription Centre Social et Culturel - &quot;La Grande Bastide&quot;<\/title>\n<meta name=\"description\" content=\"T\u00e9l\u00e9chargez les dossiers d&#039;inscription au Centre Social \u00e0 fournir \u00e0 l&#039;accueil du Centre au Avenue du Square, Val St Andr\u00e9 13090\" \/>\n<meta name=\"robots\" content=\"index, follow, max-snippet:-1, max-image-preview:large, max-video-preview:-1\" \/>\n<link rel=\"canonical\" href=\"https:\/\/csc-grande-bastide.com\/index.php\/renseignements-pratiques-inscription-centre-social\/\" \/>\n<meta property=\"og:locale\" content=\"fr_FR\" \/>\n<meta property=\"og:type\" content=\"article\" \/>\n<meta property=\"og:title\" content=\"Inscription Centre Social et Culturel - &quot;La Grande Bastide&quot;\" \/>\n<meta property=\"og:description\" content=\"T\u00e9l\u00e9chargez les dossiers d&#039;inscription au Centre Social \u00e0 fournir \u00e0 l&#039;accueil du Centre au Avenue du Square, Val St Andr\u00e9 13090\" \/>\n<meta property=\"og:url\" content=\"https:\/\/csc-grande-bastide.com\/index.php\/renseignements-pratiques-inscription-centre-social\/\" \/>\n<meta property=\"og:site_name\" content=\"&quot;La Grande Bastide&quot;\" \/>\n<meta property=\"article:modified_time\" content=\"2026-01-09T09:10:45+00:00\" \/>\n<meta property=\"og:image\" content=\"https:\/\/csc-grande-bastide.com\/wp-content\/uploads\/2024\/01\/Logo-UE-FSE-1.jpg\" \/>\n\t<meta property=\"og:image:width\" content=\"360\" \/>\n\t<meta property=\"og:image:height\" content=\"332\" \/>\n\t<meta property=\"og:image:type\" content=\"image\/jpeg\" \/>\n<meta name=\"twitter:card\" content=\"summary_large_image\" \/>\n<meta name=\"twitter:label1\" content=\"Dur\u00e9e de lecture estim\u00e9e\" \/>\n\t<meta name=\"twitter:data1\" content=\"2 minutes\" \/>\n<script type=\"application\/ld+json\" class=\"yoast-schema-graph\">{\"@context\":\"https:\\\/\\\/schema.org\",\"@graph\":[{\"@type\":\"WebPage\",\"@id\":\"https:\\\/\\\/csc-grande-bastide.com\\\/index.php\\\/renseignements-pratiques-inscription-centre-social\\\/\",\"url\":\"https:\\\/\\\/csc-grande-bastide.com\\\/index.php\\\/renseignements-pratiques-inscription-centre-social\\\/\",\"name\":\"Inscription Centre Social et Culturel - &quot;La Grande Bastide&quot;\",\"isPartOf\":{\"@id\":\"https:\\\/\\\/csc-grande-bastide.com\\\/#website\"},\"primaryImageOfPage\":{\"@id\":\"https:\\\/\\\/csc-grande-bastide.com\\\/index.php\\\/renseignements-pratiques-inscription-centre-social\\\/#primaryimage\"},\"image\":{\"@id\":\"https:\\\/\\\/csc-grande-bastide.com\\\/index.php\\\/renseignements-pratiques-inscription-centre-social\\\/#primaryimage\"},\"thumbnailUrl\":\"https:\\\/\\\/csc-grande-bastide.com\\\/wp-content\\\/uploads\\\/2024\\\/01\\\/Logo-UE-FSE-1.jpg\",\"datePublished\":\"2019-08-31T13:39:41+00:00\",\"dateModified\":\"2026-01-09T09:10:45+00:00\",\"description\":\"T\u00e9l\u00e9chargez les dossiers d'inscription au Centre Social \u00e0 fournir \u00e0 l'accueil du Centre au Avenue du Square, Val St Andr\u00e9 13090\",\"breadcrumb\":{\"@id\":\"https:\\\/\\\/csc-grande-bastide.com\\\/index.php\\\/renseignements-pratiques-inscription-centre-social\\\/#breadcrumb\"},\"inLanguage\":\"fr-FR\",\"potentialAction\":[{\"@type\":\"ReadAction\",\"target\":[\"https:\\\/\\\/csc-grande-bastide.com\\\/index.php\\\/renseignements-pratiques-inscription-centre-social\\\/\"]}]},{\"@type\":\"ImageObject\",\"inLanguage\":\"fr-FR\",\"@id\":\"https:\\\/\\\/csc-grande-bastide.com\\\/index.php\\\/renseignements-pratiques-inscription-centre-social\\\/#primaryimage\",\"url\":\"https:\\\/\\\/csc-grande-bastide.com\\\/wp-content\\\/uploads\\\/2024\\\/01\\\/Logo-UE-FSE-1.jpg\",\"contentUrl\":\"https:\\\/\\\/csc-grande-bastide.com\\\/wp-content\\\/uploads\\\/2024\\\/01\\\/Logo-UE-FSE-1.jpg\",\"width\":360,\"height\":332},{\"@type\":\"BreadcrumbList\",\"@id\":\"https:\\\/\\\/csc-grande-bastide.com\\\/index.php\\\/renseignements-pratiques-inscription-centre-social\\\/#breadcrumb\",\"itemListElement\":[{\"@type\":\"ListItem\",\"position\":1,\"name\":\"Accueil\",\"item\":\"https:\\\/\\\/csc-grande-bastide.com\\\/\"},{\"@type\":\"ListItem\",\"position\":2,\"name\":\"Renseignements pratiques\"}]},{\"@type\":\"WebSite\",\"@id\":\"https:\\\/\\\/csc-grande-bastide.com\\\/#website\",\"url\":\"https:\\\/\\\/csc-grande-bastide.com\\\/\",\"name\":\"&quot;La Grande Bastide&quot;\",\"description\":\"Centre Social et Culturel \u00e0 Aix-en-Provence\",\"publisher\":{\"@id\":\"https:\\\/\\\/csc-grande-bastide.com\\\/#organization\"},\"potentialAction\":[{\"@type\":\"SearchAction\",\"target\":{\"@type\":\"EntryPoint\",\"urlTemplate\":\"https:\\\/\\\/csc-grande-bastide.com\\\/?s={search_term_string}\"},\"query-input\":{\"@type\":\"PropertyValueSpecification\",\"valueRequired\":true,\"valueName\":\"search_term_string\"}}],\"inLanguage\":\"fr-FR\"},{\"@type\":\"Organization\",\"@id\":\"https:\\\/\\\/csc-grande-bastide.com\\\/#organization\",\"name\":\"&quot;La Grande Bastide&quot;\",\"url\":\"https:\\\/\\\/csc-grande-bastide.com\\\/\",\"logo\":{\"@type\":\"ImageObject\",\"inLanguage\":\"fr-FR\",\"@id\":\"https:\\\/\\\/csc-grande-bastide.com\\\/#\\\/schema\\\/logo\\\/image\\\/\",\"url\":\"https:\\\/\\\/csc-grande-bastide.com\\\/wp-content\\\/uploads\\\/2023\\\/07\\\/cropped-Colorful-Books-Faux-OrganicAbstract-Media-Lifestyle-11-Static-Feed-Ad-1.png\",\"contentUrl\":\"https:\\\/\\\/csc-grande-bastide.com\\\/wp-content\\\/uploads\\\/2023\\\/07\\\/cropped-Colorful-Books-Faux-OrganicAbstract-Media-Lifestyle-11-Static-Feed-Ad-1.png\",\"width\":1079,\"height\":1079,\"caption\":\"&quot;La Grande Bastide&quot;\"},\"image\":{\"@id\":\"https:\\\/\\\/csc-grande-bastide.com\\\/#\\\/schema\\\/logo\\\/image\\\/\"}}]}<\/script>\n<!-- \/ Yoast SEO plugin. -->","yoast_head_json":{"title":"Inscription Centre Social et Culturel - &quot;La Grande Bastide&quot;","description":"T\u00e9l\u00e9chargez les dossiers d'inscription au Centre Social \u00e0 fournir \u00e0 l'accueil du Centre au Avenue du Square, Val St Andr\u00e9 13090","robots":{"index":"index","follow":"follow","max-snippet":"max-snippet:-1","max-image-preview":"max-image-preview:large","max-video-preview":"max-video-preview:-1"},"canonical":"https:\/\/csc-grande-bastide.com\/index.php\/renseignements-pratiques-inscription-centre-social\/","og_locale":"fr_FR","og_type":"article","og_title":"Inscription Centre Social et Culturel - &quot;La Grande Bastide&quot;","og_description":"T\u00e9l\u00e9chargez les dossiers d'inscription au Centre Social \u00e0 fournir \u00e0 l'accueil du Centre au Avenue du Square, Val St Andr\u00e9 13090","og_url":"https:\/\/csc-grande-bastide.com\/index.php\/renseignements-pratiques-inscription-centre-social\/","og_site_name":"&quot;La Grande Bastide&quot;","article_modified_time":"2026-01-09T09:10:45+00:00","og_image":[{"width":360,"height":332,"url":"https:\/\/csc-grande-bastide.com\/wp-content\/uploads\/2024\/01\/Logo-UE-FSE-1.jpg","type":"image\/jpeg"}],"twitter_card":"summary_large_image","twitter_misc":{"Dur\u00e9e de lecture estim\u00e9e":"2 minutes"},"schema":{"@context":"https:\/\/schema.org","@graph":[{"@type":"WebPage","@id":"https:\/\/csc-grande-bastide.com\/index.php\/renseignements-pratiques-inscription-centre-social\/","url":"https:\/\/csc-grande-bastide.com\/index.php\/renseignements-pratiques-inscription-centre-social\/","name":"Inscription Centre Social et Culturel - &quot;La Grande Bastide&quot;","isPartOf":{"@id":"https:\/\/csc-grande-bastide.com\/#website"},"primaryImageOfPage":{"@id":"https:\/\/csc-grande-bastide.com\/index.php\/renseignements-pratiques-inscription-centre-social\/#primaryimage"},"image":{"@id":"https:\/\/csc-grande-bastide.com\/index.php\/renseignements-pratiques-inscription-centre-social\/#primaryimage"},"thumbnailUrl":"https:\/\/csc-grande-bastide.com\/wp-content\/uploads\/2024\/01\/Logo-UE-FSE-1.jpg","datePublished":"2019-08-31T13:39:41+00:00","dateModified":"2026-01-09T09:10:45+00:00","description":"T\u00e9l\u00e9chargez les dossiers d'inscription au Centre Social \u00e0 fournir \u00e0 l'accueil du Centre au Avenue du Square, Val St Andr\u00e9 13090","breadcrumb":{"@id":"https:\/\/csc-grande-bastide.com\/index.php\/renseignements-pratiques-inscription-centre-social\/#breadcrumb"},"inLanguage":"fr-FR","potentialAction":[{"@type":"ReadAction","target":["https:\/\/csc-grande-bastide.com\/index.php\/renseignements-pratiques-inscription-centre-social\/"]}]},{"@type":"ImageObject","inLanguage":"fr-FR","@id":"https:\/\/csc-grande-bastide.com\/index.php\/renseignements-pratiques-inscription-centre-social\/#primaryimage","url":"https:\/\/csc-grande-bastide.com\/wp-content\/uploads\/2024\/01\/Logo-UE-FSE-1.jpg","contentUrl":"https:\/\/csc-grande-bastide.com\/wp-content\/uploads\/2024\/01\/Logo-UE-FSE-1.jpg","width":360,"height":332},{"@type":"BreadcrumbList","@id":"https:\/\/csc-grande-bastide.com\/index.php\/renseignements-pratiques-inscription-centre-social\/#breadcrumb","itemListElement":[{"@type":"ListItem","position":1,"name":"Accueil","item":"https:\/\/csc-grande-bastide.com\/"},{"@type":"ListItem","position":2,"name":"Renseignements pratiques"}]},{"@type":"WebSite","@id":"https:\/\/csc-grande-bastide.com\/#website","url":"https:\/\/csc-grande-bastide.com\/","name":"&quot;La Grande Bastide&quot;","description":"Centre Social et Culturel \u00e0 Aix-en-Provence","publisher":{"@id":"https:\/\/csc-grande-bastide.com\/#organization"},"potentialAction":[{"@type":"SearchAction","target":{"@type":"EntryPoint","urlTemplate":"https:\/\/csc-grande-bastide.com\/?s={search_term_string}"},"query-input":{"@type":"PropertyValueSpecification","valueRequired":true,"valueName":"search_term_string"}}],"inLanguage":"fr-FR"},{"@type":"Organization","@id":"https:\/\/csc-grande-bastide.com\/#organization","name":"&quot;La Grande Bastide&quot;","url":"https:\/\/csc-grande-bastide.com\/","logo":{"@type":"ImageObject","inLanguage":"fr-FR","@id":"https:\/\/csc-grande-bastide.com\/#\/schema\/logo\/image\/","url":"https:\/\/csc-grande-bastide.com\/wp-content\/uploads\/2023\/07\/cropped-Colorful-Books-Faux-OrganicAbstract-Media-Lifestyle-11-Static-Feed-Ad-1.png","contentUrl":"https:\/\/csc-grande-bastide.com\/wp-content\/uploads\/2023\/07\/cropped-Colorful-Books-Faux-OrganicAbstract-Media-Lifestyle-11-Static-Feed-Ad-1.png","width":1079,"height":1079,"caption":"&quot;La Grande Bastide&quot;"},"image":{"@id":"https:\/\/csc-grande-bastide.com\/#\/schema\/logo\/image\/"}}]}},"jetpack_sharing_enabled":true,"_links":{"self":[{"href":"https:\/\/csc-grande-bastide.com\/index.php\/wp-json\/wp\/v2\/pages\/9","targetHints":{"allow":["GET"]}}],"collection":[{"href":"https:\/\/csc-grande-bastide.com\/index.php\/wp-json\/wp\/v2\/pages"}],"about":[{"href":"https:\/\/csc-grande-bastide.com\/index.php\/wp-json\/wp\/v2\/types\/page"}],"author":[{"embeddable":true,"href":"https:\/\/csc-grande-bastide.com\/index.php\/wp-json\/wp\/v2\/users\/1"}],"replies":[{"embeddable":true,"href":"https:\/\/csc-grande-bastide.com\/index.php\/wp-json\/wp\/v2\/comments?post=9"}],"version-history":[{"count":77,"href":"https:\/\/csc-grande-bastide.com\/index.php\/wp-json\/wp\/v2\/pages\/9\/revisions"}],"predecessor-version":[{"id":20439,"href":"https:\/\/csc-grande-bastide.com\/index.php\/wp-json\/wp\/v2\/pages\/9\/revisions\/20439"}],"wp:attachment":[{"href":"https:\/\/csc-grande-bastide.com\/index.php\/wp-json\/wp\/v2\/media?parent=9"}],"curies":[{"name":"wp","href":"https:\/\/api.w.org\/{rel}","templated":true}]}}